{"id":1169,"date":"2019-12-26T14:01:04","date_gmt":"2019-12-26T13:01:04","guid":{"rendered":"https:\/\/www.op-estuaires.fr\/?page_id=1169"},"modified":"2019-12-26T15:03:15","modified_gmt":"2019-12-26T14:03:15","slug":"politique-de-confidentialite","status":"publish","type":"page","link":"https:\/\/www.op-estuaires.fr\/de\/politique-de-confidentialite\/","title":{"rendered":"Datenschutz-Bestimmungen"},"content":{"rendered":"<p>Lors de votre acc\u00e8s et de votre utilisation du site Internet&nbsp;<strong>,&nbsp;OP ESTUAIRES est susceptible de collecter certaines donn\u00e9es \u00e0 caract\u00e8re personnel vous concernant, c\u2019est-\u00e0-dire des informations qui se rapportent \u00e0 vous en tant que personne physique et qui permettent \u00e0 OP ESTUAIRES de vous identifier, soit directement (comme par exemple, votre nom ou votre pr\u00e9nom), soit indirectement (comme par exemple, l\u2019adresse IP de votre terminal de navigation).<\/strong><\/p>\n\n\n\n<p><strong>Ces\ndonn\u00e9es personnelles peuvent \u00eatre collect\u00e9es lors de votre navigation sur le\nSite, de l\u2019utilisation du formulaire de contact, de votre inscription \u00e0 la\nnewsletter, de la cr\u00e9ation d\u2019un compte client ou encore de la passation d\u2019une\ncommande.<\/strong><\/p>\n\n\n\n<p><strong>Vos\ndonn\u00e9es personnelles font ensuite l\u2019objet d\u2019un traitement automatis\u00e9 mis en\n\u0153uvre par OP ESTUAIRES.<\/strong><\/p>\n\n\n\n<p><strong>OP\nESTUAIRES s\u2019engage \u00e0 traiter vos donn\u00e9es personnelles de mani\u00e8re loyale et\nlicite, dans le respect des dispositions de la Loi n\u00b078-17 du 6 janvier 1978\nmodifi\u00e9e relative \u00e0 l\u2019informatique, aux fichiers et aux libert\u00e9s et du\nR\u00e8glement (UE) n\u00b0 2016\/679 du 27 avril 2016 relatif \u00e0 la protection des\npersonnes physiques \u00e0 l\u2019\u00e9gard du traitement des donn\u00e9es \u00e0 caract\u00e8re personnel\net \u00e0 la libre circulation de ces donn\u00e9es, dit \u00ab&nbsp;R\u00e8glement G\u00e9n\u00e9ral sur la\nProtection des Donn\u00e9es&nbsp;\u00bb (ou \u00ab&nbsp;RGPD&nbsp;\u00bb).<\/strong><\/p>\n\n\n\n<p><strong>La\npr\u00e9sente politique des donn\u00e9es personnelles a pour objet de vous informer des\nconditions dans lesquelles OP ESTUAIRES traite vos donn\u00e9es personnelles, tout\nen veillant \u00e0 leur protection.<\/strong><\/p>\n\n\n\n<ol class=\"wp-block-list\"><li><strong>&nbsp;QUI COLLECTE VOS DONN\u00c9ES PERSONNELLES SUR CE\nSITE ?<\/strong><\/li><\/ol>\n\n\n\n<p>Le\nresponsable du traitement de vos donn\u00e9es personnelles collect\u00e9es sur le Site\nest la soci\u00e9t\u00e9 <strong>OP ESTUAIRES<\/strong>.<\/p>\n\n\n\n<ul class=\"wp-block-list\"><li><strong>&nbsp;QUELLES SONT LES DONN\u00c9ES PERSONNELLES\nCOLLECT\u00c9ES&nbsp;?<\/strong><\/li><\/ul>\n\n\n\n<p><strong>OP ESTUAIRES <\/strong>peut \u00eatre amen\u00e9e \u00e0 traiter vos nom et pr\u00e9nom, titre, adresse postale, adresse email, num\u00e9ro de t\u00e9l\u00e9phone, donn\u00e9es de connexion (dates et heures de connexions, adresse IP) si la cr\u00e9ation de compte est disponible et de navigation.<\/p>\n\n\n\n<p><strong>A QUELLE MOMENT VOS DONN\u00c9ES PERSONNELLES SONT-ELLES\nCOLLECT\u00c9ES&nbsp;?<\/strong><\/p>\n\n\n\n<p><strong>OP\nESTUAIRES <\/strong>collecte les donn\u00e9es personnelles que vous fournissez\nvolontairement, notamment lorsque&nbsp;:<\/p>\n\n\n\n<p>\u2013&nbsp;&nbsp;&nbsp;&nbsp;&nbsp;&nbsp;&nbsp;Vous\nremplissez un formulaire de demande de contact&nbsp;;<\/p>\n\n\n\n<p>\u2013&nbsp;&nbsp;&nbsp;&nbsp;&nbsp;&nbsp;&nbsp;Formulaire\nde cr\u00e9ation de compte (si disponible)<\/p>\n\n\n\n<p>Les\nchamps vis\u00e9s par un ast\u00e9risque (*) sur les formulaires de collecte de vos\ndonn\u00e9es personnelles sur le Site rev\u00eatent un caract\u00e8re obligatoire. <strong>OP\nESTUAIRES <\/strong>attire votre attention sur le fait que si vous ne fournissez pas\nces donn\u00e9es, vous ne pourrez pas b\u00e9n\u00e9ficier des services propos\u00e9s sur le Site.<\/p>\n\n\n\n<p>Lorsque\nvous fournissez sur le Site des donn\u00e9es personnelles concernant d\u2019autres\npersonnes que vous, vous garantissez avoir re\u00e7u les autorisations et\nconsentements n\u00e9cessaires des personnes concern\u00e9es par ces donn\u00e9es\npersonnelles.<\/p>\n\n\n\n<p>D\u2019autres\ninformations de nature technique concernant la consultation du Site ou ses\nfonctionnalit\u00e9s, notamment l\u2019adresse IP de votre terminal de navigation, sont\ncollect\u00e9es automatiquement du fait de vos actions sur le Site par\nl\u2019interm\u00e9diaire de cookies. Vous trouverez ci-apr\u00e8s des informations sur les\ncookies.<\/p>\n\n\n\n<ul class=\"wp-block-list\"><li><strong>&nbsp;SUR QUELLES BASES JURIDIQUES ET POUR QUELLES\nFINALIT\u00c9S SONT TRAIT\u00c9ES VOS DONN\u00c9ES PERSONNELLES&nbsp;?<\/strong><\/li><\/ul>\n\n\n\n<p>Sur\nchacune des bases juridiques suivantes, <strong>OP ESTUAIRES <\/strong>effectue un\ntraitement de vos donn\u00e9es personnelles pour les finalit\u00e9s\ncorrespondantes&nbsp;:<\/p>\n\n\n\n<ol class=\"wp-block-list\"><li>Pour les besoins de l\u2019ex\u00e9cution d\u2019un contrat pass\u00e9 avec <strong>OP ESTUAIRES <\/strong>ou de mesures pr\u00e9contractuelles prises \u00e0 votre demande, vos donn\u00e9es personnelles sont trait\u00e9es aux fins de&nbsp;:<\/li><\/ol>\n\n\n\n<p>\u2013&nbsp;&nbsp;&nbsp;&nbsp;&nbsp;&nbsp;&nbsp;G\u00e9rer\nla relation clients&nbsp;: gestion du compte client, de la relation client, des\nr\u00e9clamations et autres demandes.<\/p>\n\n\n\n<p>\u2013&nbsp;&nbsp;&nbsp;&nbsp;&nbsp;&nbsp;&nbsp;G\u00e9rer\nvos demandes d\u2019exercice de vos droits sur vos donn\u00e9es personnelles<\/p>\n\n\n\n<p>Sur\nla base de l\u2019int\u00e9r\u00eat l\u00e9gitime de <strong>OP ESTUAIRES <\/strong>\u00e0 am\u00e9liorer la qualit\u00e9 du\nSite, vos donn\u00e9es personnelles sont trait\u00e9es aux fins&nbsp;de&nbsp;:<\/p>\n\n\n\n<p>\u2013&nbsp;&nbsp;&nbsp;&nbsp;&nbsp;&nbsp;&nbsp;R\u00e9aliser\ndes op\u00e9rations de statistiques, d\u2019analyse, de prospection et de s\u00e9lection et de\nsegmentation des clients afin d\u2019am\u00e9liorer la connaissance des clients ;<\/p>\n\n\n\n<p>\u2013&nbsp;&nbsp;&nbsp;&nbsp;&nbsp;&nbsp;&nbsp;Mettre\nen place des jeux concours et publicitaires.<\/p>\n\n\n\n<p>Sur\nla base du consentement que vous avez donn\u00e9 \u00e0 <strong>OP ESTUAIRES <\/strong>en ce sens,\nvos donn\u00e9es personnelles sont trait\u00e9es aux fins de&nbsp;:<\/p>\n\n\n\n<p>\u2013&nbsp;&nbsp;&nbsp;&nbsp;&nbsp;&nbsp;&nbsp;Vous\nadresser la newsletter ainsi que des offres commerciales ;<\/p>\n\n\n\n<p>\u2013&nbsp;&nbsp;&nbsp;&nbsp;&nbsp;&nbsp;&nbsp;Personnaliser\nle Site selon vos affinit\u00e9s et mesurer sa fr\u00e9quentation.<\/p>\n\n\n\n<ul class=\"wp-block-list\"><li><strong>A QUI VOS DONN\u00c9ES PERSONNELLES SONT-ELLES TRANSMISES ?<\/strong><\/li><\/ul>\n\n\n\n<p>Le\ndestinataire de vos donn\u00e9es personnelles est la soci\u00e9t\u00e9 <strong>OP ESTUAIRES<\/strong>.<\/p>\n\n\n\n<p><strong>OP\nESTUAIRES <\/strong>est \u00e9galement amen\u00e9e \u00e0 transmettre vos donn\u00e9es personnelles \u00e0 des\nsous-traitants qui les traitent pour son compte et selon ses instructions. Ces\ndestinataires sous-traitants sont notamment&nbsp;:<\/p>\n\n\n\n<p>\u2013&nbsp;&nbsp;&nbsp;&nbsp;&nbsp;&nbsp;&nbsp;Les\nprestataires techniques externes de <strong>OP ESTUAIRES <\/strong>qui interviennent dans\nle d\u00e9veloppement, la diffusion, le fonctionnement et la maintenance du Site,\nnotamment le d\u00e9veloppeur et l\u2019h\u00e9bergeur&nbsp;;<\/p>\n\n\n\n<p>\u2013&nbsp;&nbsp;&nbsp;&nbsp;&nbsp;&nbsp;&nbsp;Les\nprestataires externes de <strong>OP ESTUAIRES <\/strong>intervenant dans l\u2019am\u00e9lioration de\nvotre exp\u00e9rience lors de votre navigation sur le Site ou l\u2019exp\u00e9dition de la\nnewsletter.<\/p>\n\n\n\n<p>Enfin,\n<strong>OP ESTUAIRES <\/strong>pourrait \u00eatre amen\u00e9e \u00e0 communiquer vos donn\u00e9es personnelles\n\u00e0 des tiers en application d\u2019une loi, d\u2019un r\u00e8glement, d\u2019une d\u00e9cision d\u2019une\nautorit\u00e9 r\u00e9glementaire ou judiciaire et enfin, si n\u00e9cessaire, afin de pr\u00e9server\nses propres droits et int\u00e9r\u00eats, notamment en cas de violation des Conditions\nG\u00e9n\u00e9rales d\u2019Utilisation du Site.<\/p>\n\n\n\n<ul class=\"wp-block-list\"><li><strong>&nbsp;VOS DONN\u00c9ES PERSONNELLES SONT-ELLES TRANSF\u00c9R\u00c9ES\nEN DEHORS DE L\u2019UNION EUROP\u00c9ENNE&nbsp;?<\/strong><\/li><\/ul>\n\n\n\n<p>Non,\n<strong>OP ESTUAIRES <\/strong>ne n\u2019effectue pas et n\u2019a pas l\u2019intention d\u2019effectuer de\ntransfert de vos donn\u00e9es personnelles vers un pays tiers \u00e0 l\u2019Union Europ\u00e9enne\net de l\u2019Espace EcoOP ESTUAIRESique Europ\u00e9en n\u2019assurant pas un niveau ad\u00e9quat de\nprotection des donn\u00e9es personnelles.<\/p>\n\n\n\n<ul class=\"wp-block-list\"><li><strong>&nbsp;COMBIEN DE TEMPS VOS DONN\u00c9ES PERSONNELLES\nSONT-ELLES CONSERV\u00c9ES&nbsp;?<\/strong><\/li><\/ul>\n\n\n\n<p><strong>OP\nESTUAIRES <\/strong>conserve vos donn\u00e9es personnelles pendant une dur\u00e9e qui n\u2019exc\u00e8de\npas la dur\u00e9e n\u00e9cessaire aux finalit\u00e9s pour lesquelles elles ont \u00e9t\u00e9 collect\u00e9es,\ndans le respect de la r\u00e9glementation en vigueur.<\/p>\n\n\n\n<p>Les\ndonn\u00e9es personnelles relatives aux prospects ayant uniquement formul\u00e9 une\ndemande de contact sont conserv\u00e9es pendant 3 ans \u00e0 compter de leur collecte.<\/p>\n\n\n\n<p>Les\ndonn\u00e9es personnelles relatives \u00e0 un compte client sont conserv\u00e9es pendant 3 ans\n\u00e0 compter de la derni\u00e8re activit\u00e9 enregistr\u00e9e sur le compte client. Pass\u00e9 ce\nd\u00e9lai, <strong>OP ESTUAIRES <\/strong>se r\u00e9server le droit de supprimer votre compte.<\/p>\n\n\n\n<ul class=\"wp-block-list\"><li><strong>&nbsp;QUELS SONT VOS DROITS SUR VOS DONN\u00c9ES\nPERSONNELLES ET COMMENT POUVEZ-VOUS LES EXERCER&nbsp;?<\/strong><\/li><\/ul>\n\n\n\n<p><strong>OP\nESTUAIRES <\/strong>vous informe que sur les donn\u00e9es personnelles qu\u2019elle traite vous\nconcernant, vous disposez \u00e0 tout moment des droits suivants&nbsp;:<\/p>\n\n\n\n<p>\u2013&nbsp;&nbsp;&nbsp;&nbsp;&nbsp;&nbsp;&nbsp;un\ndroit d\u2019acc\u00e8s ;<\/p>\n\n\n\n<p>\u2013&nbsp;&nbsp;&nbsp;&nbsp;&nbsp;&nbsp;&nbsp;un\ndroit de rectification&nbsp;;<\/p>\n\n\n\n<p>\u2013&nbsp;&nbsp;&nbsp;&nbsp;&nbsp;&nbsp;&nbsp;un\ndroit d\u2019effacement&nbsp;;<\/p>\n\n\n\n<p>\u2013&nbsp;&nbsp;&nbsp;&nbsp;&nbsp;&nbsp;&nbsp;un\ndroit \u00e0 la limitation du traitement&nbsp;;<\/p>\n\n\n\n<p>\u2013&nbsp;&nbsp;&nbsp;&nbsp;&nbsp;&nbsp;&nbsp;un\ndroit \u00e0 la portabilit\u00e9&nbsp;;<\/p>\n\n\n\n<p>\u2013&nbsp;&nbsp;&nbsp;&nbsp;&nbsp;&nbsp;&nbsp;un\ndroit d\u2019opposition au traitement, notamment&nbsp;\u00e0 des fins de prospection\ncommerciale ;<\/p>\n\n\n\n<p>\u2013&nbsp;&nbsp;&nbsp;&nbsp;&nbsp;&nbsp;&nbsp;un\ndroit de retirer \u00e0 tout moment le consentement que vous avez pu donner lors de\nla fourniture de certaines donn\u00e9es personnelles, sans que cela ne porte\natteinte \u00e0 la lic\u00e9it\u00e9 du traitement fond\u00e9 sur votre consentement jusqu\u2019au\nretrait de celui-ci&nbsp;;<\/p>\n\n\n\n<p>\u2013&nbsp;&nbsp;&nbsp;&nbsp;&nbsp;&nbsp;&nbsp;un\ndroit de d\u00e9finir des directives g\u00e9n\u00e9rales ou particuli\u00e8res relatives \u00e0 la\nconservation, \u00e0 l\u2019effacement ou \u00e0 la communication de vos donn\u00e9es personnelles\napr\u00e8s votre d\u00e9c\u00e8s.<\/p>\n\n\n\n<p><strong>Ces\ndroits peuvent \u00eatre exerc\u00e9s \u00e0 tout moment en \u00e9crivant \u00e0 OP ESTUAIRES:<\/strong><\/p>\n\n\n\n<p><strong>\u2013&nbsp;&nbsp;&nbsp;&nbsp;&nbsp;&nbsp;&nbsp;soit par\ncourrier postal :&nbsp;ADRESSE<\/strong><\/p>\n\n\n\n<p><strong>\u2013&nbsp; &nbsp; &nbsp; &nbsp; soit par t\u00e9l\u00e9phone :&nbsp;TELEPHONE<\/strong><\/p>\n\n\n\n<p><strong>\u2013&nbsp;&nbsp;&nbsp;&nbsp;&nbsp;&nbsp;&nbsp;soit\npar courrier \u00e9lectronique : CONTACT@EMAIL.COM<\/strong><a href=\"mailto:CONTACT@ABCPLIAGE.FR\"><br>\n<\/a><\/p>\n\n\n\n<p>Vous\ndisposez \u00e9galement du droit d\u2019introduire une r\u00e9clamation aupr\u00e8s de la\nCommission Nationale de l\u2019Information et des Libert\u00e9s&nbsp;(la\n\u00ab&nbsp;CNIL&nbsp;\u00bb)&nbsp;:<\/p>\n\n\n\n<p>\u2013&nbsp;&nbsp;&nbsp;&nbsp;&nbsp;&nbsp;&nbsp;soit\npar courrier postal : 3 Place de Fontenoy \u2013 TSA 80715 \u2013 75334 PARIS\nCEDEX&nbsp;07&nbsp;;<\/p>\n\n\n\n<p>\u2013&nbsp;&nbsp;&nbsp;&nbsp;&nbsp;&nbsp;&nbsp;soit\npar Internet sur le site&nbsp;<a href=\"http:\/\/www.cnil.fr\/\">www.cnil.fr<\/a>.<\/p>\n\n\n\n<p><strong>COOKIES<\/strong><\/p>\n\n\n\n<p>Afin\nd\u2019am\u00e9liorer la qualit\u00e9 du Site et d\u2019y faciliter votre navigation, des\ninformations relatives \u00e0 la navigation de votre terminal de connexion\n(ordinateur, tablette ou smartphone) sont susceptibles d\u2019\u00eatre enregistr\u00e9es dans\ndes fichiers appel\u00e9s \u00ab&nbsp;cookies&nbsp;\u00bb d\u00e9pos\u00e9es sur votre terminal, sous\nr\u00e9serve des choix que vous auriez exprim\u00e9s \u00e0 leur sujet et que vous pouvez\nmodifier \u00e0 tout moment.<\/p>\n\n\n\n<ol class=\"wp-block-list\"><li><strong>&nbsp;Qu\u2019est-ce qu\u2019un\n     cookie&nbsp;?<\/strong><\/li><\/ol>\n\n\n\n<p>Un\ncookie est un petit fichier texte enregistr\u00e9 sur le disque dur de votre\nterminal de navigation (votre ordinateur, votre tablette ou votre smartphone)\npar le biais de votre logiciel de navigation \u00e0 l\u2019occasion de la consultation\nd\u2019un service en ligne.<\/p>\n\n\n\n<p>L\u2019objectif\ndes cookies est de vous procurer un usage et un service de qualit\u00e9 lors de\nvotre visite et, de cette fa\u00e7on, de vous proposer la meilleure exp\u00e9rience\npossible sur le Site.<\/p>\n\n\n\n<p>Les\ncookies ne stockent aucune donn\u00e9e personnelle sensible vous concernant, mais\nreconnaissent simplement l\u2019appareil que vous \u00eates en train d\u2019utiliser pour\npermettre \u00e0 <strong>OP ESTUAIRES <\/strong>de comprendre la fa\u00e7on avec laquelle vous\nnaviguez sur le Site.<\/p>\n\n\n\n<ol class=\"wp-block-list\"><li><strong>&nbsp;Quels sont les\n     cookies utilis\u00e9s par OP ESTUAIRES ?<\/strong><\/li><\/ol>\n\n\n\n<p>Pour\nvous rendre la navigation sur le Site toujours plus agr\u00e9able et facile, mais\n\u00e9galement pour mieux vous conna\u00eetre, <strong>OP ESTUAIRES <\/strong>utilise plusieurs\ntypes de cookies.<\/p>\n\n\n\n<ol class=\"wp-block-list\"><li><strong>&nbsp;Les cookies fonctionnels<\/strong><\/li><\/ol>\n\n\n\n<p>Ces\ncookies ont pour objectif de fluidifier votre navigation sur le Site et de\npermettre l\u2019utilisation optimale de ses diff\u00e9rentes fonctionnalit\u00e9s.<\/p>\n\n\n\n<p>Ils\nsont essentiels pour que le Site et les fonctionnalit\u00e9s que <strong>OP ESTUAIRES <\/strong>y\npropose fonctionnent correctement. Ils rendent \u00e9galement son fonctionnement\nplus convivial et vous offrent une exp\u00e9rience en ligne plus personnalis\u00e9e.<\/p>\n\n\n\n<p>Ces\ncookies sont utilis\u00e9s pour reconna\u00eetre et m\u00e9moriser vos pr\u00e9f\u00e9rences et\npermettent notamment \u00e0 <strong>OP ESTUAIRES <\/strong>de&nbsp;:<\/p>\n\n\n\n<p>\u2013&nbsp;&nbsp;&nbsp;&nbsp;&nbsp;&nbsp;&nbsp;Vous\nidentifier lorsque vous vous connectez sur le Site, afin que vous n\u2019ayez pas \u00e0\nsaisir manuellement vos identifiants de connexion \u00e0 chaque visite ;<\/p>\n\n\n\n<p>\u2013&nbsp;&nbsp;&nbsp;&nbsp;&nbsp;&nbsp;&nbsp;Adapter\nla pr\u00e9sentation du Site aux pr\u00e9f\u00e9rences d\u2019affichage de votre terminal de\nnavigation (langue utilis\u00e9e, r\u00e9solution d\u2019affichage, syst\u00e8me d\u2019exploitation\nutilis\u00e9, etc.), selon les mat\u00e9riels et les logiciels de visualisation ou de\nlecture que votre terminal comporte ;<\/p>\n\n\n\n<p>\u2013&nbsp;&nbsp;&nbsp;&nbsp;&nbsp;&nbsp;&nbsp;Faciliter\nvos recherches en conservant vos recherches automatiques ;<\/p>\n\n\n\n<p>\u2013&nbsp;&nbsp;&nbsp;&nbsp;&nbsp;&nbsp;&nbsp;Am\u00e9liorer\nvotre exp\u00e9rience utilisateur en pr\u00e9remplissant certains champs des formulaires.<\/p>\n\n\n\n<p>Les\ncookies fonctionnels utilis\u00e9es par <strong>OP ESTUAIRES <\/strong>sont ceux propos\u00e9s.<\/p>\n\n\n\n<ol class=\"wp-block-list\"><li><strong>&nbsp;Les cookies de\n     performance<\/strong><\/li><\/ol>\n\n\n\n<p><strong>OP\nESTUAIRES <\/strong>utilise des cookies de performance pour analyser l\u2019utilisation\nqui est faite du Site afin d\u2019en am\u00e9liorer le fonctionnement.<\/p>\n\n\n\n<p>Ces\ncookies permettent notamment de recenser le OP ESTUAIRESbre de visiteurs,\nd\u2019analyser les pages les plus visit\u00e9es, d\u2019enregistrer la fa\u00e7on dont vous\nutilisez le Site et ce afin d\u2019am\u00e9liorer la performance du Site et de son contenu\net d\u2019am\u00e9liorer votre exp\u00e9rience de navigation.<\/p>\n\n\n\n<p>Les\ncookies de performance utilis\u00e9es par <strong>OP ESTUAIRES <\/strong>sont ceux propos\u00e9s par\nGOOGLE ANALYTICS.<\/p>\n\n\n\n<ol class=\"wp-block-list\"><li><strong>&nbsp;Combien de temps\n     les cookies sont-ils conserv\u00e9s ?<\/strong><\/li><\/ol>\n\n\n\n<p>La\ndur\u00e9e de conservation des cookies d\u00e9pos\u00e9s sur le Site varie selon leur type,\nmais n\u2019exc\u00e8de pas une dur\u00e9e maximum de 13 mois \u00e0 compter de leur date de\ncr\u00e9ation.<\/p>\n\n\n\n<ol class=\"wp-block-list\"><li><strong>&nbsp;Qui utilise les\n     informations collect\u00e9es par les cookies&nbsp;?<\/strong><\/li><\/ol>\n\n\n\n<p>Les\ninformations collect\u00e9es par les cookies mis en place sur le Site sont\nexclusivement utilis\u00e9es par <strong>OP ESTUAIRES<\/strong>.<\/p>\n\n\n\n<ol class=\"wp-block-list\"><li><strong>&nbsp;Comment accepter\n     ou refuser le d\u00e9p\u00f4t de cookies&nbsp;?<\/strong><\/li><\/ol>\n\n\n\n<p>Vous\npouvez \u00e0 tout moment exprimer ou modifier vos souhaits en mati\u00e8re de cookies,\net notamment retirer votre consentement.<\/p>\n\n\n\n<p>Pour\ncela, vous devez configurer votre logiciel de navigation de mani\u00e8re \u00e0 ce que\ndes cookies soient enregistr\u00e9s dans votre terminal ou, au contraire, qu\u2019ils\nsoient rejet\u00e9s, soit syst\u00e9matiquement, soit selon leur \u00e9metteur.<\/p>\n\n\n\n<p>Vous\npouvez \u00e9galement configurer votre logiciel de navigation de mani\u00e8re \u00e0 ce que\nl\u2019acceptation ou le refus des cookies vous soient propos\u00e9s ponctuellement,\navant qu\u2019un cookie soit susceptible d\u2019\u00eatre enregistr\u00e9 dans votre terminal.<\/p>\n\n\n\n<p>Pour\nla gestion des cookies, la configuration de chaque navigateur est diff\u00e9rente.\nElle est d\u00e9crite dans le menu d\u2019aide de votre navigateur, qui vous permettra de\nsavoir de quelle mani\u00e8re modifier vos souhaits en mati\u00e8re de cookies.<\/p>\n\n\n\n<p>Si\nvous supprimez les cookies, il est toutefois possible que vous ne puissiez pas\nb\u00e9n\u00e9ficier de certaines fonctionnalit\u00e9s du Site.<\/p>","protected":false},"excerpt":{"rendered":"<p>Lors de votre acc\u00e8s et de votre utilisation du site Internet&nbsp;,&nbsp;OP ESTUAIRES est susceptible de collecter certaines donn\u00e9es \u00e0 caract\u00e8re personnel vous concernant, c\u2019est-\u00e0-dire des informations qui se rapportent \u00e0 vous en tant que personne physique et qui permettent \u00e0 OP ESTUAIRES de vous identifier, soit directement (comme par exemple, votre nom ou votre pr\u00e9nom), [&hellip;]<\/p>","protected":false},"author":3,"featured_media":0,"parent":0,"menu_order":0,"comment_status":"closed","ping_status":"closed","template":"","meta":{"footnotes":""},"class_list":["post-1169","page","type-page","status-publish","hentry"],"yoast_head":"<!-- This site is optimized with the Yoast SEO plugin v24.5 - https:\/\/yoast.com\/wordpress\/plugins\/seo\/ -->\n<title>Politique de confidentialit\u00e9<\/title>\n<meta name=\"robots\" content=\"noindex, follow\" \/>\n<meta property=\"og:locale\" content=\"de_DE\" \/>\n<meta property=\"og:type\" content=\"article\" \/>\n<meta property=\"og:title\" content=\"Politique de confidentialit\u00e9\" \/>\n<meta property=\"og:description\" content=\"Lors de votre acc\u00e8s et de votre utilisation du site Internet&nbsp;,&nbsp;OP ESTUAIRES est susceptible de collecter certaines donn\u00e9es \u00e0 caract\u00e8re personnel vous concernant, c\u2019est-\u00e0-dire des informations qui se rapportent \u00e0 vous en tant que personne physique et qui permettent \u00e0 OP ESTUAIRES de vous identifier, soit directement (comme par exemple, votre nom ou votre pr\u00e9nom), [&hellip;]\" \/>\n<meta property=\"og:url\" content=\"https:\/\/www.op-estuaires.fr\/de\/politique-de-confidentialite\/\" \/>\n<meta property=\"og:site_name\" content=\"OP Estuaires\" \/>\n<meta property=\"article:modified_time\" content=\"2019-12-26T14:03:15+00:00\" \/>\n<meta name=\"twitter:card\" content=\"summary_large_image\" \/>\n<meta name=\"twitter:label1\" content=\"Gesch\u00e4tzte Lesezeit\" \/>\n\t<meta name=\"twitter:data1\" content=\"11\u00a0Minuten\" \/>\n<script type=\"application\/ld+json\" class=\"yoast-schema-graph\">{\"@context\":\"https:\/\/schema.org\",\"@graph\":[{\"@type\":\"WebPage\",\"@id\":\"https:\/\/www.op-estuaires.fr\/politique-de-confidentialite\/\",\"url\":\"https:\/\/www.op-estuaires.fr\/politique-de-confidentialite\/\",\"name\":\"Politique de confidentialit\u00e9\",\"isPartOf\":{\"@id\":\"https:\/\/www.op-estuaires.fr\/#website\"},\"datePublished\":\"2019-12-26T13:01:04+00:00\",\"dateModified\":\"2019-12-26T14:03:15+00:00\",\"breadcrumb\":{\"@id\":\"https:\/\/www.op-estuaires.fr\/politique-de-confidentialite\/#breadcrumb\"},\"inLanguage\":\"de\",\"potentialAction\":[{\"@type\":\"ReadAction\",\"target\":[\"https:\/\/www.op-estuaires.fr\/politique-de-confidentialite\/\"]}]},{\"@type\":\"BreadcrumbList\",\"@id\":\"https:\/\/www.op-estuaires.fr\/politique-de-confidentialite\/#breadcrumb\",\"itemListElement\":[{\"@type\":\"ListItem\",\"position\":1,\"name\":\"Accueil\",\"item\":\"https:\/\/www.op-estuaires.fr\/\"},{\"@type\":\"ListItem\",\"position\":2,\"name\":\"Politique de confidentialit\u00e9\"}]},{\"@type\":\"WebSite\",\"@id\":\"https:\/\/www.op-estuaires.fr\/#website\",\"url\":\"https:\/\/www.op-estuaires.fr\/\",\"name\":\"OP Estuaires\",\"description\":\"L&#039;Organisation de producteurs Estuaires\",\"potentialAction\":[{\"@type\":\"SearchAction\",\"target\":{\"@type\":\"EntryPoint\",\"urlTemplate\":\"https:\/\/www.op-estuaires.fr\/?s={search_term_string}\"},\"query-input\":{\"@type\":\"PropertyValueSpecification\",\"valueRequired\":true,\"valueName\":\"search_term_string\"}}],\"inLanguage\":\"de\"}]}<\/script>\n<!-- \/ Yoast SEO plugin. -->","yoast_head_json":{"title":"Politique de confidentialit\u00e9","robots":{"index":"noindex","follow":"follow"},"og_locale":"de_DE","og_type":"article","og_title":"Politique de confidentialit\u00e9","og_description":"Lors de votre acc\u00e8s et de votre utilisation du site Internet&nbsp;,&nbsp;OP ESTUAIRES est susceptible de collecter certaines donn\u00e9es \u00e0 caract\u00e8re personnel vous concernant, c\u2019est-\u00e0-dire des informations qui se rapportent \u00e0 vous en tant que personne physique et qui permettent \u00e0 OP ESTUAIRES de vous identifier, soit directement (comme par exemple, votre nom ou votre pr\u00e9nom), [&hellip;]","og_url":"https:\/\/www.op-estuaires.fr\/de\/politique-de-confidentialite\/","og_site_name":"OP Estuaires","article_modified_time":"2019-12-26T14:03:15+00:00","twitter_card":"summary_large_image","twitter_misc":{"Gesch\u00e4tzte Lesezeit":"11\u00a0Minuten"},"schema":{"@context":"https:\/\/schema.org","@graph":[{"@type":"WebPage","@id":"https:\/\/www.op-estuaires.fr\/politique-de-confidentialite\/","url":"https:\/\/www.op-estuaires.fr\/politique-de-confidentialite\/","name":"Politique de confidentialit\u00e9","isPartOf":{"@id":"https:\/\/www.op-estuaires.fr\/#website"},"datePublished":"2019-12-26T13:01:04+00:00","dateModified":"2019-12-26T14:03:15+00:00","breadcrumb":{"@id":"https:\/\/www.op-estuaires.fr\/politique-de-confidentialite\/#breadcrumb"},"inLanguage":"de","potentialAction":[{"@type":"ReadAction","target":["https:\/\/www.op-estuaires.fr\/politique-de-confidentialite\/"]}]},{"@type":"BreadcrumbList","@id":"https:\/\/www.op-estuaires.fr\/politique-de-confidentialite\/#breadcrumb","itemListElement":[{"@type":"ListItem","position":1,"name":"Accueil","item":"https:\/\/www.op-estuaires.fr\/"},{"@type":"ListItem","position":2,"name":"Politique de confidentialit\u00e9"}]},{"@type":"WebSite","@id":"https:\/\/www.op-estuaires.fr\/#website","url":"https:\/\/www.op-estuaires.fr\/","name":"OP Estuaires","description":"L&#039;Organisation de producteurs Estuaires","potentialAction":[{"@type":"SearchAction","target":{"@type":"EntryPoint","urlTemplate":"https:\/\/www.op-estuaires.fr\/?s={search_term_string}"},"query-input":{"@type":"PropertyValueSpecification","valueRequired":true,"valueName":"search_term_string"}}],"inLanguage":"de"}]}},"_links":{"self":[{"href":"https:\/\/www.op-estuaires.fr\/de\/wp-json\/wp\/v2\/pages\/1169","targetHints":{"allow":["GET"]}}],"collection":[{"href":"https:\/\/www.op-estuaires.fr\/de\/wp-json\/wp\/v2\/pages"}],"about":[{"href":"https:\/\/www.op-estuaires.fr\/de\/wp-json\/wp\/v2\/types\/page"}],"author":[{"embeddable":true,"href":"https:\/\/www.op-estuaires.fr\/de\/wp-json\/wp\/v2\/users\/3"}],"replies":[{"embeddable":true,"href":"https:\/\/www.op-estuaires.fr\/de\/wp-json\/wp\/v2\/comments?post=1169"}],"version-history":[{"count":2,"href":"https:\/\/www.op-estuaires.fr\/de\/wp-json\/wp\/v2\/pages\/1169\/revisions"}],"predecessor-version":[{"id":1171,"href":"https:\/\/www.op-estuaires.fr\/de\/wp-json\/wp\/v2\/pages\/1169\/revisions\/1171"}],"wp:attachment":[{"href":"https:\/\/www.op-estuaires.fr\/de\/wp-json\/wp\/v2\/media?parent=1169"}],"curies":[{"name":"wp","href":"https:\/\/api.w.org\/{rel}","templated":true}]}}