{"id":2004,"date":"2020-04-16T11:35:17","date_gmt":"2020-04-16T09:35:17","guid":{"rendered":"https:\/\/www.op-estuaires.fr\/?page_id=2004"},"modified":"2025-02-17T15:01:09","modified_gmt":"2025-02-17T14:01:09","slug":"teledeclaration-des-captures","status":"publish","type":"page","link":"https:\/\/www.op-estuaires.fr\/de\/teledeclaration-des-captures\/","title":{"rendered":"Fernmeldung der F\u00e4nge"},"content":{"rendered":"<div id='av_section_1'  class='avia-section av-av_section-ead7872a6199d9872a6fed09789ee080 main_color avia-section-default avia-no-border-styling  avia-builder-el-0  avia-builder-el-no-sibling  avia-bg-style-scroll container_wrap fullsize'  ><div class='container av-section-cont-open' ><main  role=\"main\" itemprop=\"mainContentOfPage\"  class='template-page content  av-content-full alpha units'><div class='post-entry post-entry-type-page post-entry-2004'><div class='entry-content-wrapper clearfix'>\n<div  class='flex_column av-av_one_full-cab6cb91e42b24d4f503cdabdc5ed6e0 av_one_full  avia-builder-el-1  avia-builder-el-no-sibling  first flex_column_div'     ><section  class='av_textblock_section av-av_textblock-e922ac7a79e5b93445cc9340ffe5d92f'   itemscope=\"itemscope\" itemtype=\"https:\/\/schema.org\/CreativeWork\" ><div class='avia_textblock'  itemprop=\"text\" ><style type=\"text\/css\"><\/style>\n<section class=\"kc-elm kc-css-1554381 kc_row\">\n<div class=\"kc-row-container  kc-container\">\n<div class=\"kc-wrap-columns\">\n<div class=\"kc-elm kc-css-3118228 kc_col-sm-12 kc_column kc_col-sm-12\">\n<div class=\"kc-col-container\">\n<div class=\"kc-elm kc-css-1754640 kc_text_block\">\n<p><img loading=\"lazy\" decoding=\"async\" class=\"size-medium alignright\" src=\"https:\/\/www.op-estuaires.fr\/wp-content\/uploads\/2020\/03\/AdobeStock_201193275-scaled-1-e1587025365931.jpeg\" alt=\"\" width=\"500\" height=\"333\" \/><\/p>\n<p>Lors de la mise en place de quota de p\u00eache en 2010, le suivi des captures et de la consommation des sous-quotas de p\u00eache de civelle en France se faisaient via les d\u00e9clarations papiers transmises par les p\u00eacheurs \u00e0 l\u2019Administration locale ou nationale. La transmission et le traitement de ce type exige un temps difficilement compressible, alors que l\u2019atteinte des sous-quotas peut avoir lieu rapidement en cas de forte abondance de civelles dans les estuaires. Aussi \u00e0 l\u2019\u00e9poque o\u00f9 il n\u2019y avait pas de limites de captures par professionnel, le risque de g\u00e9n\u00e9rer des d\u00e9passements \u00e9tait fort.<\/p>\n<p>So erachtete der Berufstand es als notwendig, eine unverz\u00fcglichere Art der Fangdaten\u00fcbermittlung zu entwickeln, sozusagen in Echtzeit.<\/p>\n<\/div>\n<div class=\"kc-elm kc-css-1330351\" style=\"height: 28px; clear: both; width: 100%;\"><\/div>\n<div class=\"kc-elm kc-css-1798893 kc_text_block\">\n<p style=\"text-align: left;\" class=\"translation-block\">Aus diesem Grund wurde 2013 in Zusammenarbeit verschiedener Gremien wie <a href=\"http:\/\/www.corepem.fr\/\" target=\"_self\"><abbr title=\"Comit\u00e9 R\u00e9gional des P\u00eaches maritimes et des Elevages Marins en Pays de la Loire\">COREPEM<\/abbr><\/a>, <abbr title=\"Association des P\u00eacheurs Professionnels Maritimes et Fluviaux Eau Douce de Loire Atlantique\" class=\"\">AADPPMFEDLA<\/abbr> und <abbr title=\"Comit\u00e9 R\u00e9gional des P\u00eaches Maritimes et des Elevages Marins\" class=\"\">CRPMEM<\/abbr> Bretagne mit Unterst\u00fctzung durch die <abbr title=\"Syndicat Mixte pour le D\u00e9veloppement de l'Aquaculture et de la P\u00eache en Pays de la Loire\">SMIDAP<\/abbr> die Plattform <a href=\"http:\/\/www.corepem.fr\/actions-et-projets\/gestion-des-peches\/civelles\/telecacivelle\/\" target=\"_self\">TELECACIVELLE<\/a> entwickelt.<\/p>\n<p style=\"text-align: left;\">Le principe est de permettre aux professionnels de d\u00e9clarer leurs captures par sms ; ces informations sont ensuite trait\u00e9es par la plateforme, permettant aux structures locales de conna\u00eetre en temps r\u00e9el le niveau de consommation des sous-quotas. Cet outil permet \u00e9galement au professionnel de conna\u00eetre la quantit\u00e9 totale d\u00e9clar\u00e9e pour la saison en cours et d\u2019\u00e9viter le d\u00e9passement du plafond de capture autoris\u00e9 par p\u00eacheur.<\/p>\n<p style=\"text-align: left;\">Die Mitglieder der OP Estuaires melden die Fangmengen \u00fcber \u201eT\u00e9l\u00e9cacivelle\u201c seit der Saison 2013\/2014. Diese wurde ab der Saison 2017\/2018 zu \u201eTelecap\u00eache\u201c weiterentwickelt.<\/p>\n<p style=\"text-align: left;\">Les niveaux de consommation des sous-quota sont transmis de mani\u00e8re hebdomadaire aux autorit\u00e9s comp\u00e9tentes. Au niveau national, ces donn\u00e9es issues de la t\u00e9l\u00e9d\u00e9claration, ainsi que les donn\u00e9es issues des d\u00e9clarations papiers et des achats effectu\u00e9s par les mareyeurs sont confront\u00e9s chaque semaine, afin d\u2019\u00e9viter tout risque de d\u00e9passement.<\/p>\n<p style=\"text-align: left;\">Die f\u00fcr Fischerei zust\u00e4ndigen Ministerien arbeiten derzeit an der Entwicklung ihrer eigenen Applikation der Fangdaten-\u00dcbermittlung, um die Meldung in Papierform zu ersetzen:<\/p>\n<ul>\n<li style=\"text-align: left;\">CESMIA f\u00fcr Berufsfischer in Binnengew\u00e4ssern, seit Dezember 2019 in Funktion<\/li>\n<li>VISOCaptures pour les professionnels maritimes, avec une mise en service pr\u00e9vue pour\u00a0la fin d\u2019ann\u00e9e 2021.<\/li>\n<\/ul>\n<\/div>\n<\/div>\n<\/div>\n<\/div>\n<\/div>\n<\/section>\n<\/div><\/section><\/div>","protected":false},"excerpt":{"rendered":"","protected":false},"author":3,"featured_media":0,"parent":0,"menu_order":0,"comment_status":"closed","ping_status":"closed","template":"","meta":{"footnotes":""},"class_list":["post-2004","page","type-page","status-publish","hentry"],"yoast_head":"<!-- This site is optimized with the Yoast SEO plugin v24.5 - https:\/\/yoast.com\/wordpress\/plugins\/seo\/ -->\n<title>T\u00e9l\u00e9d\u00e9claration des captures<\/title>\n<meta name=\"robots\" content=\"index, follow, max-snippet:-1, max-image-preview:large, max-video-preview:-1\" \/>\n<link rel=\"canonical\" href=\"https:\/\/www.op-estuaires.fr\/de\/teledeclaration-des-captures\/\" \/>\n<meta property=\"og:locale\" content=\"de_DE\" \/>\n<meta property=\"og:type\" content=\"article\" \/>\n<meta property=\"og:title\" content=\"T\u00e9l\u00e9d\u00e9claration des captures\" \/>\n<meta property=\"og:url\" content=\"https:\/\/www.op-estuaires.fr\/de\/teledeclaration-des-captures\/\" \/>\n<meta property=\"og:site_name\" content=\"OP Estuaires\" \/>\n<meta property=\"article:modified_time\" content=\"2025-02-17T14:01:09+00:00\" \/>\n<meta property=\"og:image\" content=\"https:\/\/www.op-estuaires.fr\/wp-content\/uploads\/2020\/03\/AdobeStock_201193275-scaled-1-e1587025365931.jpeg\" \/>\n<meta name=\"twitter:card\" content=\"summary_large_image\" \/>\n<meta name=\"twitter:label1\" content=\"Gesch\u00e4tzte Lesezeit\" \/>\n\t<meta name=\"twitter:data1\" content=\"2\u00a0Minuten\" \/>\n<script type=\"application\/ld+json\" class=\"yoast-schema-graph\">{\"@context\":\"https:\/\/schema.org\",\"@graph\":[{\"@type\":\"WebPage\",\"@id\":\"https:\/\/www.op-estuaires.fr\/de\/teledeclaration-des-captures\/\",\"url\":\"https:\/\/www.op-estuaires.fr\/de\/teledeclaration-des-captures\/\",\"name\":\"T\u00e9l\u00e9d\u00e9claration des captures\",\"isPartOf\":{\"@id\":\"https:\/\/www.op-estuaires.fr\/#website\"},\"primaryImageOfPage\":{\"@id\":\"https:\/\/www.op-estuaires.fr\/de\/teledeclaration-des-captures\/#primaryimage\"},\"image\":{\"@id\":\"https:\/\/www.op-estuaires.fr\/de\/teledeclaration-des-captures\/#primaryimage\"},\"thumbnailUrl\":\"https:\/\/www.op-estuaires.fr\/wp-content\/uploads\/2020\/03\/AdobeStock_201193275-scaled-1-e1587025365931.jpeg\",\"datePublished\":\"2020-04-16T09:35:17+00:00\",\"dateModified\":\"2025-02-17T14:01:09+00:00\",\"breadcrumb\":{\"@id\":\"https:\/\/www.op-estuaires.fr\/de\/teledeclaration-des-captures\/#breadcrumb\"},\"inLanguage\":\"de\",\"potentialAction\":[{\"@type\":\"ReadAction\",\"target\":[\"https:\/\/www.op-estuaires.fr\/de\/teledeclaration-des-captures\/\"]}]},{\"@type\":\"ImageObject\",\"inLanguage\":\"de\",\"@id\":\"https:\/\/www.op-estuaires.fr\/de\/teledeclaration-des-captures\/#primaryimage\",\"url\":\"https:\/\/www.op-estuaires.fr\/wp-content\/uploads\/2020\/03\/AdobeStock_201193275-scaled-1-e1587025365931.jpeg\",\"contentUrl\":\"https:\/\/www.op-estuaires.fr\/wp-content\/uploads\/2020\/03\/AdobeStock_201193275-scaled-1-e1587025365931.jpeg\"},{\"@type\":\"BreadcrumbList\",\"@id\":\"https:\/\/www.op-estuaires.fr\/de\/teledeclaration-des-captures\/#breadcrumb\",\"itemListElement\":[{\"@type\":\"ListItem\",\"position\":1,\"name\":\"Accueil\",\"item\":\"https:\/\/www.op-estuaires.fr\/\"},{\"@type\":\"ListItem\",\"position\":2,\"name\":\"T\u00e9l\u00e9d\u00e9claration des captures\"}]},{\"@type\":\"WebSite\",\"@id\":\"https:\/\/www.op-estuaires.fr\/#website\",\"url\":\"https:\/\/www.op-estuaires.fr\/\",\"name\":\"OP Estuaires\",\"description\":\"L&#039;Organisation de producteurs Estuaires\",\"potentialAction\":[{\"@type\":\"SearchAction\",\"target\":{\"@type\":\"EntryPoint\",\"urlTemplate\":\"https:\/\/www.op-estuaires.fr\/?s={search_term_string}\"},\"query-input\":{\"@type\":\"PropertyValueSpecification\",\"valueRequired\":true,\"valueName\":\"search_term_string\"}}],\"inLanguage\":\"de\"}]}<\/script>\n<!-- \/ Yoast SEO plugin. -->","yoast_head_json":{"title":"T\u00e9l\u00e9d\u00e9claration des captures","robots":{"index":"index","follow":"follow","max-snippet":"max-snippet:-1","max-image-preview":"max-image-preview:large","max-video-preview":"max-video-preview:-1"},"canonical":"https:\/\/www.op-estuaires.fr\/de\/teledeclaration-des-captures\/","og_locale":"de_DE","og_type":"article","og_title":"T\u00e9l\u00e9d\u00e9claration des captures","og_url":"https:\/\/www.op-estuaires.fr\/de\/teledeclaration-des-captures\/","og_site_name":"OP Estuaires","article_modified_time":"2025-02-17T14:01:09+00:00","og_image":[{"url":"https:\/\/www.op-estuaires.fr\/wp-content\/uploads\/2020\/03\/AdobeStock_201193275-scaled-1-e1587025365931.jpeg","type":"","width":"","height":""}],"twitter_card":"summary_large_image","twitter_misc":{"Gesch\u00e4tzte Lesezeit":"2\u00a0Minuten"},"schema":{"@context":"https:\/\/schema.org","@graph":[{"@type":"WebPage","@id":"https:\/\/www.op-estuaires.fr\/de\/teledeclaration-des-captures\/","url":"https:\/\/www.op-estuaires.fr\/de\/teledeclaration-des-captures\/","name":"T\u00e9l\u00e9d\u00e9claration des captures","isPartOf":{"@id":"https:\/\/www.op-estuaires.fr\/#website"},"primaryImageOfPage":{"@id":"https:\/\/www.op-estuaires.fr\/de\/teledeclaration-des-captures\/#primaryimage"},"image":{"@id":"https:\/\/www.op-estuaires.fr\/de\/teledeclaration-des-captures\/#primaryimage"},"thumbnailUrl":"https:\/\/www.op-estuaires.fr\/wp-content\/uploads\/2020\/03\/AdobeStock_201193275-scaled-1-e1587025365931.jpeg","datePublished":"2020-04-16T09:35:17+00:00","dateModified":"2025-02-17T14:01:09+00:00","breadcrumb":{"@id":"https:\/\/www.op-estuaires.fr\/de\/teledeclaration-des-captures\/#breadcrumb"},"inLanguage":"de","potentialAction":[{"@type":"ReadAction","target":["https:\/\/www.op-estuaires.fr\/de\/teledeclaration-des-captures\/"]}]},{"@type":"ImageObject","inLanguage":"de","@id":"https:\/\/www.op-estuaires.fr\/de\/teledeclaration-des-captures\/#primaryimage","url":"https:\/\/www.op-estuaires.fr\/wp-content\/uploads\/2020\/03\/AdobeStock_201193275-scaled-1-e1587025365931.jpeg","contentUrl":"https:\/\/www.op-estuaires.fr\/wp-content\/uploads\/2020\/03\/AdobeStock_201193275-scaled-1-e1587025365931.jpeg"},{"@type":"BreadcrumbList","@id":"https:\/\/www.op-estuaires.fr\/de\/teledeclaration-des-captures\/#breadcrumb","itemListElement":[{"@type":"ListItem","position":1,"name":"Accueil","item":"https:\/\/www.op-estuaires.fr\/"},{"@type":"ListItem","position":2,"name":"T\u00e9l\u00e9d\u00e9claration des captures"}]},{"@type":"WebSite","@id":"https:\/\/www.op-estuaires.fr\/#website","url":"https:\/\/www.op-estuaires.fr\/","name":"OP Estuaires","description":"L&#039;Organisation de producteurs Estuaires","potentialAction":[{"@type":"SearchAction","target":{"@type":"EntryPoint","urlTemplate":"https:\/\/www.op-estuaires.fr\/?s={search_term_string}"},"query-input":{"@type":"PropertyValueSpecification","valueRequired":true,"valueName":"search_term_string"}}],"inLanguage":"de"}]}},"_links":{"self":[{"href":"https:\/\/www.op-estuaires.fr\/de\/wp-json\/wp\/v2\/pages\/2004","targetHints":{"allow":["GET"]}}],"collection":[{"href":"https:\/\/www.op-estuaires.fr\/de\/wp-json\/wp\/v2\/pages"}],"about":[{"href":"https:\/\/www.op-estuaires.fr\/de\/wp-json\/wp\/v2\/types\/page"}],"author":[{"embeddable":true,"href":"https:\/\/www.op-estuaires.fr\/de\/wp-json\/wp\/v2\/users\/3"}],"replies":[{"embeddable":true,"href":"https:\/\/www.op-estuaires.fr\/de\/wp-json\/wp\/v2\/comments?post=2004"}],"version-history":[{"count":161,"href":"https:\/\/www.op-estuaires.fr\/de\/wp-json\/wp\/v2\/pages\/2004\/revisions"}],"predecessor-version":[{"id":4370,"href":"https:\/\/www.op-estuaires.fr\/de\/wp-json\/wp\/v2\/pages\/2004\/revisions\/4370"}],"wp:attachment":[{"href":"https:\/\/www.op-estuaires.fr\/de\/wp-json\/wp\/v2\/media?parent=2004"}],"curies":[{"name":"wp","href":"https:\/\/api.w.org\/{rel}","templated":true}]}}