{"id":581,"date":"2019-12-02T15:03:34","date_gmt":"2019-12-02T14:03:34","guid":{"rendered":"http:\/\/https:\/\/op-estuaires.fr\/?page_id=581"},"modified":"2025-02-17T14:26:00","modified_gmt":"2025-02-17T13:26:00","slug":"op-estuaires","status":"publish","type":"page","link":"https:\/\/www.op-estuaires.fr\/en\/op-estuaires\/","title":{"rendered":"OP Estuaires"},"content":{"rendered":"<div id='av_section_1'  class='avia-section av-av_section-ead7872a6199d9872a6fed09789ee080 main_color avia-section-default avia-no-border-styling  avia-builder-el-0  el_before_av_section  avia-builder-el-first  avia-bg-style-scroll container_wrap fullsize'  ><div class='container av-section-cont-open' ><main  role=\"main\" itemprop=\"mainContentOfPage\"  class='template-page content  av-content-full alpha units'><div class='post-entry post-entry-type-page post-entry-581'><div class='entry-content-wrapper clearfix'>\n<div  class='flex_column av-av_one_full-cab6cb91e42b24d4f503cdabdc5ed6e0 av_one_full  avia-builder-el-1  avia-builder-el-no-sibling  first flex_column_div'     ><section  class='av_textblock_section av-m792g3s9-fdddd57cb826457a4443982574f2a73b'   itemscope=\"itemscope\" itemtype=\"https:\/\/schema.org\/CreativeWork\" ><div class='avia_textblock'  itemprop=\"text\" ><style type=\"text\/css\">@media only screen and (min-width: 1000px) and (max-width: 5000px){body.kc-css-system .kc-css-822372{width: 50%;}body.kc-css-system .kc-css-147753{width: 50%;}body.kc-css-system .kc-css-3957479{width: 33.33%;}body.kc-css-system .kc-css-552465{width: 33.33%;}body.kc-css-system .kc-css-1280557{width: 33.33%;}body.kc-css-system .kc-css-407363{width: 33.33%;}body.kc-css-system .kc-css-1446824{width: 33.33%;}body.kc-css-system .kc-css-1736981{width: 33.33%;}body.kc-css-system .kc-css-1485052{width: 33.33%;}}body.kc-css-system .kc-css-650354{background: rgba(33, 45, 87, 0);margin-bottom: 60px;}body.kc-css-system .kc-css-882957{background: #131a33;padding-top: 60px;}body.kc-css-system .kc-css-1619030 .section-title h3{color: #ffffff;}body.kc-css-system .kc-css-1619030 .section-title-wrapper::before{background-color: #ffffff;}body.kc-css-system .kc-css-1619030 .section-title p{color: #ffffff;}body.kc-css-system .kc-css-744834.kc_title,body.kc-css-system .kc-css-744834 .kc_title,body.kc-css-system .kc-css-744834 .kc_title a.kc_title_link{color: #ffffff;font-size: 70px;font-weight: 600;text-align: center;margin-bottom: 0px;}body.kc-css-system .kc-css-1125512.kc_title,body.kc-css-system .kc-css-1125512 .kc_title,body.kc-css-system .kc-css-1125512 .kc_title a.kc_title_link{color: #ffffff;font-size: 26px;font-weight: 600;text-align: center;}body.kc-css-system .kc-css-3608011.kc_title,body.kc-css-system .kc-css-3608011 .kc_title,body.kc-css-system .kc-css-3608011 .kc_title a.kc_title_link{color: #ffffff;font-size: 70px;font-weight: 600;text-align: center;margin-bottom: 0px;}body.kc-css-system .kc-css-3842276.kc_title,body.kc-css-system .kc-css-3842276 .kc_title,body.kc-css-system .kc-css-3842276 .kc_title a.kc_title_link{color: #ffffff;font-size: 26px;font-weight: 600;text-align: center;margin-bottom: 30px;}body.kc-css-system .kc-css-3032099 .kc-container{max-width: 1200px;}body.kc-css-system .kc-css-3032099{background: #131a33;margin-top: 0px;padding-top: 50px;padding-bottom: 50px;}body.kc-css-system .kc-css-1385471.kc_title,body.kc-css-system .kc-css-1385471 .kc_title,body.kc-css-system .kc-css-1385471 .kc_title a.kc_title_link{color: #ffffff;font-size: 70px;font-weight: 600;text-align: center;margin-bottom: 0px;}body.kc-css-system .kc-css-2018620.kc_title,body.kc-css-system .kc-css-2018620 .kc_title,body.kc-css-system .kc-css-2018620 .kc_title a.kc_title_link{color: #ffffff;font-size: 26px;font-weight: 600;text-align: center;margin-bottom: 30px;}body.kc-css-system .kc-css-3877355.kc_title,body.kc-css-system .kc-css-3877355 .kc_title,body.kc-css-system .kc-css-3877355 .kc_title a.kc_title_link{color: #ffffff;font-size: 70px;font-weight: 600;text-align: center;margin-bottom: 0px;}body.kc-css-system .kc-css-2374438.kc_title,body.kc-css-system .kc-css-2374438 .kc_title,body.kc-css-system .kc-css-2374438 .kc_title a.kc_title_link{color: #ffffff;font-size: 26px;font-weight: 600;text-align: center;margin-bottom: 30px;}body.kc-css-system .kc-css-1148020 .kc_button{color: #ffffff;background-color: #017499;width: 100%;border: 1px solid #202d57;margin-bottom: 20px;}body.kc-css-system .kc-css-1148020{text-align: center;}body.kc-css-system .kc-css-3630670 .kc_button{color: #ffffff;background-color: #017499;width: 100%;border: 1px solid #202d57;margin-bottom: 20px;}body.kc-css-system .kc-css-3630670{text-align: center;}body.kc-css-system .kc-css-1760166 .kc_button{color: #ffffff;background-color: #017499;width: 100%;border: 1px solid #202d57;margin-bottom: 20px;}body.kc-css-system .kc-css-1760166{text-align: center;}body.kc-css-system .kc-css-2734119 .kc_button{color: #ffffff;background-color: #017499;width: 100%;border: 1px solid #202d57;}body.kc-css-system .kc-css-2734119{text-align: center;}<\/style>\n<section class=\"kc-elm kc-css-650354 kc_row\">\n<div class=\"kc-row-container kc-container\">\n<div class=\"kc-wrap-columns\">\n<div class=\"kc-elm kc-css-783097 kc_col-sm-12 kc_column kc_col-sm-12\">\n<div class=\"kc-col-container\">\n<div class=\"kc-elm kc-css-3348564 kc_text_block\">\n<p>Bas\u00e9e \u00e0 Cordemais, l\u2019Organisation de Producteurs (OP) Estuaires a \u00e9t\u00e9 cr\u00e9\u00e9e en 2013 par les p\u00eacheurs civeliers des Pays de la Loire afin de faire <a href=\"https:\/\/www.op-estuaires.fr\/en\/op-estuaires\/historique\/\">to face the major changes in the glass eel market<\/a>. <a href=\"https:\/\/www.op-estuaires.fr\/en\/op-estuaires\/missions\/\">Its missions<\/a> are to ensure the rational exercise of fishing and the improvement of the sales conditions of its members.<\/p>\n<\/div>\n<\/div>\n<\/div>\n<\/div>\n<\/div>\n<\/section>\n<\/div><\/section><\/div><\/div><\/div><\/main><!-- close content main element --><\/div><\/div>\n<style type=\"text\/css\" data-created_by=\"avia_inline_auto\" id=\"style-css-av-m792u46j-e9874e01b99ad904f94c44bc3d7ffcd2\">\n.avia-section.av-m792u46j-e9874e01b99ad904f94c44bc3d7ffcd2{\nbackground-color:#131a33;\nbackground-image:unset;\n}\n<\/style>\n<div id='av_section_2'  class='avia-section av-m792u46j-e9874e01b99ad904f94c44bc3d7ffcd2 main_color avia-section-default avia-no-border-styling  avia-builder-el-3  el_after_av_section  el_before_av_section  content-chiffres avia-bg-style-scroll container_wrap fullsize'  ><div class='container av-section-cont-open' ><div class='template-page content  av-content-full alpha units'><div class='post-entry post-entry-type-page post-entry-581'><div class='entry-content-wrapper clearfix'>\n<div  class='flex_column av-av_one_full-cab6cb91e42b24d4f503cdabdc5ed6e0 av_one_full  avia-builder-el-4  avia-builder-el-no-sibling  first flex_column_div'     ><section  class='av_textblock_section av-m792gc3e-519f878c075572829c23f7ba94a6c536'   itemscope=\"itemscope\" itemtype=\"https:\/\/schema.org\/CreativeWork\" ><div class='avia_textblock'  itemprop=\"text\" ><section class=\"kc-elm kc-css-650354 kc_row\">\n<div class=\"kc-row-container kc-container\">\n<div class=\"kc-wrap-columns\">\n<div class=\"kc-elm kc-css-783097 kc_col-sm-12 kc_column kc_col-sm-12\">\n<div class=\"kc-col-container\">\n<div class=\"kc-elm kc-css-3348564 kc_text_block\">\n<p><span style=\"font-size: 20px; font-weight: 600;\">ABOUT US<\/span><\/p>\n<\/div>\n<\/div>\n<\/div>\n<\/div>\n<\/div>\n<\/section>\n<section class=\"kc-elm kc-css-882957 kc_row\" data-kc-fullwidth=\"content\">\n<div class=\"kc-row-container\">\n<div class=\"kc-wrap-columns\">\n<div class=\"kc-elm kc-css-2308515 kc_col-sm-12 kc_column kc_col-sm-12\">\n<div class=\"kc-col-container\">\n<style>\n                .kc-elm.kc-css-1619030 .section-title-wrapper::after {<br \/>                                                background: rgba(0, 0, 0, 0);<br \/>                                    }<br \/>            <\/style>\n<div class=\"kc-elm kc-css-744834 kc-title-wrap\">\n<p class=\"kc_title\">2013<\/p>\n<\/div>\n<div class=\"kc-elm kc-css-1125512 kc-title-wrap\">\n<p class=\"kc_title translation-block\">Date de <br>cr\u00e9ation<\/p>\n<\/div>\n<div class=\"kc-elm kc-css-3608011 kc-title-wrap\">\n<p class=\"kc_title\">146<\/p>\n<\/div>\n<div class=\"kc-elm kc-css-3842276 kc-title-wrap\">\n<p class=\"kc_title\"><strong>Number of glass eel fishermen<\/strong><\/p>\n<\/div>\n<\/div>\n<\/div>\n<\/div>\n<\/div>\n<\/section>\n<section class=\"kc-elm kc-css-3032099 kc_row\" data-kc-fullwidth=\"row\">\n<div class=\"kc-row-container kc-container\">\n<div class=\"kc-wrap-columns\">\n<div class=\"kc-elm kc-css-822372 kc_col-sm-6 kc_column kc_col-sm-6\">\n<div class=\"kc-col-container\">\n<div class=\"kc-elm kc-css-1385471 kc-title-wrap\">\n<p class=\"kc_title\">40%<\/p>\n<\/div>\n<div class=\"kc-elm kc-css-2018620 kc-title-wrap\">\n<p class=\"kc_title\"><strong>French production capacity<\/strong><\/p>\n<\/div>\n<\/div>\n<\/div>\n<div class=\"kc-elm kc-css-147753 kc_col-sm-6 kc_column kc_col-sm-6\">\n<div class=\"kc-col-container\">\n<div class=\"kc-elm kc-css-3877355 kc-title-wrap\">\n<p class=\"kc_title\">80%<\/p>\n<\/div>\n<div class=\"kc-elm kc-css-2374438 kc-title-wrap\">\n<p class=\"kc_title\"><strong>Production from Pays de la Loire<\/strong><\/p>\n<\/div>\n<\/div>\n<\/div>\n<\/div>\n<\/div>\n<\/section>\n<section class=\"kc-elm kc-css-2474166 kc_row\">\n<div class=\"kc-row-container kc-container\">\n<div class=\"kc-wrap-columns\">\n<div class=\"kc-elm kc-css-1485052 kc_col-sm-4 kc_column kc_col-sm-4\">\n<div class=\"kc-col-container\"><\/div>\n<\/div>\n<\/div>\n<\/div>\n<\/section>\n<\/div><\/section><\/div><\/div><\/div><\/div><!-- close content main div --><\/div><\/div><div id='av_section_3'  class='avia-section av-av_section-ead7872a6199d9872a6fed09789ee080 main_color avia-section-default avia-no-border-styling  avia-builder-el-6  el_after_av_section  avia-builder-el-last  avia-bg-style-scroll container_wrap fullsize'  ><div class='container av-section-cont-open' ><div class='template-page content  av-content-full alpha units'><div class='post-entry post-entry-type-page post-entry-581'><div class='entry-content-wrapper clearfix'>\n\n<style type=\"text\/css\" data-created_by=\"avia_inline_auto\" id=\"style-css-av-m7939dff-c9a0d5483d6b0ac509178c17fc8b852a\">\n#top .flex_column.av-m7939dff-c9a0d5483d6b0ac509178c17fc8b852a{\nmargin-top:0px;\nmargin-bottom:70px;\n}\n.responsive #top #wrap_all .flex_column.av-m7939dff-c9a0d5483d6b0ac509178c17fc8b852a{\nmargin-top:0px;\nmargin-bottom:70px;\n}\n<\/style>\n<div  class='flex_column av-m7939dff-c9a0d5483d6b0ac509178c17fc8b852a av_one_full  avia-builder-el-7  avia-builder-el-no-sibling  first flex_column_div'     ><section  class='av_textblock_section av-av_textblock-8eba2417de9ea263f0cb5a774f45768a'   itemscope=\"itemscope\" itemtype=\"https:\/\/schema.org\/CreativeWork\" ><div class='avia_textblock'  itemprop=\"text\" ><section class=\"kc-elm kc-css-3032099 kc_row\" data-kc-fullwidth=\"row\">\n<div class=\"kc-row-container kc-container\">\n<div class=\"kc-wrap-columns\">\n<div class=\"kc-elm kc-css-1280557 kc_col-sm-4 kc_column kc_col-sm-4\">\n<div class=\"kc-col-container\">\n<div class=\"kc-elm kc-css-3630670\"><a class=\"kc_button\" title=\"Organisation and missions\" href=\"https:\/\/www.op-estuaires.fr\/en\/missions\/\" target=\"_self\">Organisation and missions<\/a><\/div>\n<\/div>\n<\/div>\n<div class=\"kc-elm kc-css-1280557 kc_col-sm-4 kc_column kc_col-sm-4\">\n<div class=\"kc-col-container\">\n<div class=\"kc-elm kc-css-3630670\"><a class=\"kc_button\" title=\"Organisation and missions\" href=\"https:\/\/www.op-estuaires.fr\/en\/historique\/\" target=\"_self\"><br \/>\nHistorical view <\/a><\/div>\n<\/div>\n<\/div>\n<div class=\"kc-elm kc-css-407363 kc_col-sm-4 kc_column kc_col-sm-4\">\n<div class=\"kc-col-container\">\n<div class=\"kc-elm kc-css-1760166\"><a class=\"kc_button\" title=\"Organisation and missions\" href=\"https:\/\/www.op-estuaires.fr\/en\/implantation\/\" target=\"_self\"><br \/>\nImplantation <\/a><\/div>\n<\/div>\n<\/div>\n<\/div>\n<\/div>\n<\/section>\n<section class=\"kc-elm kc-css-3032099 kc_row\" data-kc-fullwidth=\"row\">\n<div class=\"kc-row-container kc-container\">\n<div class=\"kc-wrap-columns\">\n<div class=\"kc-elm kc-css-407363 kc_col-sm-4 kc_column kc_col-sm-4\"><\/div>\n<div class=\"kc-elm kc-css-407363 kc_col-sm-4 kc_column kc_col-sm-4\">\n<div class=\"kc-col-container\">\n<div class=\"kc-elm kc-css-1760166\"><a class=\"kc_button\" title=\"Organisation and missions\" href=\"https:\/\/www.op-estuaires.fr\/en\/op-estuaires\/pecheries-concernees\/la-civelle\/\" target=\"_self\"><br \/>\nLa p\u00eacherie civeli\u00e8re <\/a><\/div>\n<\/div>\n<\/div>\n<div class=\"kc-elm kc-css-407363 kc_col-sm-4 kc_column kc_col-sm-4\"><\/div>\n<\/div>\n<\/div>\n<\/section>\n<\/div><\/section><\/div><\/p>","protected":false},"excerpt":{"rendered":"","protected":false},"author":3,"featured_media":0,"parent":0,"menu_order":0,"comment_status":"closed","ping_status":"closed","template":"","meta":{"footnotes":""},"class_list":["post-581","page","type-page","status-publish","hentry"],"yoast_head":"<!-- This site is optimized with the Yoast SEO plugin v24.5 - https:\/\/yoast.com\/wordpress\/plugins\/seo\/ -->\n<title>L&#039;OP Estuaires<\/title>\n<meta name=\"robots\" content=\"index, follow, max-snippet:-1, max-image-preview:large, max-video-preview:-1\" \/>\n<link rel=\"canonical\" href=\"https:\/\/www.op-estuaires.fr\/en\/op-estuaires\/\" \/>\n<meta property=\"og:locale\" content=\"en_US\" \/>\n<meta property=\"og:type\" content=\"article\" \/>\n<meta property=\"og:title\" content=\"L&#039;OP Estuaires\" \/>\n<meta property=\"og:url\" content=\"https:\/\/www.op-estuaires.fr\/en\/op-estuaires\/\" \/>\n<meta property=\"og:site_name\" content=\"OP Estuaires\" \/>\n<meta property=\"article:modified_time\" content=\"2025-02-17T13:26:00+00:00\" \/>\n<meta name=\"twitter:card\" content=\"summary_large_image\" \/>\n<meta name=\"twitter:label1\" content=\"Est. reading time\" \/>\n\t<meta name=\"twitter:data1\" content=\"1 minute\" \/>\n<script type=\"application\/ld+json\" class=\"yoast-schema-graph\">{\"@context\":\"https:\/\/schema.org\",\"@graph\":[{\"@type\":\"WebPage\",\"@id\":\"https:\/\/www.op-estuaires.fr\/de\/op-estuaires\/\",\"url\":\"https:\/\/www.op-estuaires.fr\/de\/op-estuaires\/\",\"name\":\"L'OP Estuaires\",\"isPartOf\":{\"@id\":\"https:\/\/www.op-estuaires.fr\/#website\"},\"datePublished\":\"2019-12-02T14:03:34+00:00\",\"dateModified\":\"2025-02-17T13:26:00+00:00\",\"breadcrumb\":{\"@id\":\"https:\/\/www.op-estuaires.fr\/de\/op-estuaires\/#breadcrumb\"},\"inLanguage\":\"en-US\",\"potentialAction\":[{\"@type\":\"ReadAction\",\"target\":[\"https:\/\/www.op-estuaires.fr\/de\/op-estuaires\/\"]}]},{\"@type\":\"BreadcrumbList\",\"@id\":\"https:\/\/www.op-estuaires.fr\/de\/op-estuaires\/#breadcrumb\",\"itemListElement\":[{\"@type\":\"ListItem\",\"position\":1,\"name\":\"Accueil\",\"item\":\"https:\/\/www.op-estuaires.fr\/\"},{\"@type\":\"ListItem\",\"position\":2,\"name\":\"L&#8217;OP Estuaires\"}]},{\"@type\":\"WebSite\",\"@id\":\"https:\/\/www.op-estuaires.fr\/#website\",\"url\":\"https:\/\/www.op-estuaires.fr\/\",\"name\":\"OP Estuaires\",\"description\":\"L&#039;Organisation de producteurs Estuaires\",\"potentialAction\":[{\"@type\":\"SearchAction\",\"target\":{\"@type\":\"EntryPoint\",\"urlTemplate\":\"https:\/\/www.op-estuaires.fr\/?s={search_term_string}\"},\"query-input\":{\"@type\":\"PropertyValueSpecification\",\"valueRequired\":true,\"valueName\":\"search_term_string\"}}],\"inLanguage\":\"en-US\"}]}<\/script>\n<!-- \/ Yoast SEO plugin. -->","yoast_head_json":{"title":"L'OP Estuaires","robots":{"index":"index","follow":"follow","max-snippet":"max-snippet:-1","max-image-preview":"max-image-preview:large","max-video-preview":"max-video-preview:-1"},"canonical":"https:\/\/www.op-estuaires.fr\/en\/op-estuaires\/","og_locale":"en_US","og_type":"article","og_title":"L'OP Estuaires","og_url":"https:\/\/www.op-estuaires.fr\/en\/op-estuaires\/","og_site_name":"OP Estuaires","article_modified_time":"2025-02-17T13:26:00+00:00","twitter_card":"summary_large_image","twitter_misc":{"Est. reading time":"1 minute"},"schema":{"@context":"https:\/\/schema.org","@graph":[{"@type":"WebPage","@id":"https:\/\/www.op-estuaires.fr\/de\/op-estuaires\/","url":"https:\/\/www.op-estuaires.fr\/de\/op-estuaires\/","name":"L'OP Estuaires","isPartOf":{"@id":"https:\/\/www.op-estuaires.fr\/#website"},"datePublished":"2019-12-02T14:03:34+00:00","dateModified":"2025-02-17T13:26:00+00:00","breadcrumb":{"@id":"https:\/\/www.op-estuaires.fr\/de\/op-estuaires\/#breadcrumb"},"inLanguage":"en-US","potentialAction":[{"@type":"ReadAction","target":["https:\/\/www.op-estuaires.fr\/de\/op-estuaires\/"]}]},{"@type":"BreadcrumbList","@id":"https:\/\/www.op-estuaires.fr\/de\/op-estuaires\/#breadcrumb","itemListElement":[{"@type":"ListItem","position":1,"name":"Accueil","item":"https:\/\/www.op-estuaires.fr\/"},{"@type":"ListItem","position":2,"name":"L&#8217;OP Estuaires"}]},{"@type":"WebSite","@id":"https:\/\/www.op-estuaires.fr\/#website","url":"https:\/\/www.op-estuaires.fr\/","name":"OP Estuaires","description":"L&#039;Organisation de producteurs Estuaires","potentialAction":[{"@type":"SearchAction","target":{"@type":"EntryPoint","urlTemplate":"https:\/\/www.op-estuaires.fr\/?s={search_term_string}"},"query-input":{"@type":"PropertyValueSpecification","valueRequired":true,"valueName":"search_term_string"}}],"inLanguage":"en-US"}]}},"_links":{"self":[{"href":"https:\/\/www.op-estuaires.fr\/en\/wp-json\/wp\/v2\/pages\/581","targetHints":{"allow":["GET"]}}],"collection":[{"href":"https:\/\/www.op-estuaires.fr\/en\/wp-json\/wp\/v2\/pages"}],"about":[{"href":"https:\/\/www.op-estuaires.fr\/en\/wp-json\/wp\/v2\/types\/page"}],"author":[{"embeddable":true,"href":"https:\/\/www.op-estuaires.fr\/en\/wp-json\/wp\/v2\/users\/3"}],"replies":[{"embeddable":true,"href":"https:\/\/www.op-estuaires.fr\/en\/wp-json\/wp\/v2\/comments?post=581"}],"version-history":[{"count":287,"href":"https:\/\/www.op-estuaires.fr\/en\/wp-json\/wp\/v2\/pages\/581\/revisions"}],"predecessor-version":[{"id":4343,"href":"https:\/\/www.op-estuaires.fr\/en\/wp-json\/wp\/v2\/pages\/581\/revisions\/4343"}],"wp:attachment":[{"href":"https:\/\/www.op-estuaires.fr\/en\/wp-json\/wp\/v2\/media?parent=581"}],"curies":[{"name":"wp","href":"https:\/\/api.w.org\/{rel}","templated":true}]}}