{"id":585,"date":"2019-12-02T15:04:29","date_gmt":"2019-12-02T14:04:29","guid":{"rendered":"http:\/\/https:\/\/op-estuaires.fr\/?page_id=585"},"modified":"2025-02-17T14:54:07","modified_gmt":"2025-02-17T13:54:07","slug":"les-projets","status":"publish","type":"page","link":"https:\/\/www.op-estuaires.fr\/en\/les-projets\/","title":{"rendered":"Projects"},"content":{"rendered":"<div id='av_section_1'  class='avia-section av-av_section-ead7872a6199d9872a6fed09789ee080 main_color avia-section-default avia-no-border-styling  avia-builder-el-0  avia-builder-el-no-sibling  avia-bg-style-scroll container_wrap fullsize'  ><div class='container av-section-cont-open' ><main  role=\"main\" itemprop=\"mainContentOfPage\"  class='template-page content  av-content-full alpha units'><div class='post-entry post-entry-type-page post-entry-585'><div class='entry-content-wrapper clearfix'>\n<div  class='flex_column av-av_one_full-cab6cb91e42b24d4f503cdabdc5ed6e0 av_one_full  avia-builder-el-1  el_before_av_one_full  avia-builder-el-first  first flex_column_div'     ><section  class='av_textblock_section av-m7947dtf-22b9c86182e28902ba9c19ed9d713db9'   itemscope=\"itemscope\" itemtype=\"https:\/\/schema.org\/CreativeWork\" ><div class='avia_textblock'  itemprop=\"text\" ><style type=\"text\/css\">@media only screen and (min-width: 1000px) and (max-width: 5000px){body.kc-css-system .kc-css-2397962{width: 100%;}body.kc-css-system .kc-css-4250136{width: 33.33%;}body.kc-css-system .kc-css-654125{width: 33.33%;}body.kc-css-system .kc-css-2547046{width: 33.33%;}}body.kc-css-system .kc-css-421245 .kc_button{color: #ffffff;background-color: #017499;width: 100%;border: 1px solid #202d57;margin-top: 20px;margin-bottom: 20px;}body.kc-css-system .kc-css-421245{text-align: center;}body.kc-css-system .kc-css-2589044 .kc_button{color: #ffffff;background-color: #017499;width: 100%;border: 1px solid #202d57;margin-top: 20px;margin-bottom: 20px;}body.kc-css-system .kc-css-2589044{text-align: center;}body.kc-css-system .kc-css-3512665 .kc_button{color: #ffffff;background-color: #017499;width: 100%;border: 1px solid #202d57;margin-top: 20px;margin-bottom: 20px;}body.kc-css-system .kc-css-3512665{text-align: center;}body.kc-css-system .kc-css-174104 .kc_button{color: #ffffff;background-color: #017499;width: 100%;border: 1px solid #202d57;margin-top: 20px;margin-bottom: 20px;}body.kc-css-system .kc-css-174104{text-align: center;}<\/style>\n<section class=\"kc-elm kc-css-1724948 kc_row\">\n<div class=\"kc-row-container kc-container\">\n<div class=\"kc-wrap-columns\">\n<div class=\"kc-elm kc-css-2397962 kc_col-sm-12 kc_column kc_col-sm-12\">\n<div class=\"kc-col-container\">\n<div class=\"kc-elm kc-css-3993194 kc_text_block\">\n<p>Les p\u00eacheurs civeliers de l&#8217;UGA LCV r\u00e9alisent un quart de leur chiffre d&#8217;affaire annuel gr\u00e2ce \u00e0 la civelle. En raison de leur forte d\u00e9pendance \u00e0 cette ressource les professionnels lig\u00e9riens ont un r\u00f4le moteur dans la p\u00e9rennisation et le d\u00e9veloppement de cette fili\u00e8re. L\u2019OP Estuaires a donc men\u00e9 ou particip\u00e9 \u00e0 un certain nombre de projets au sein de l\u2019UGA LCV visant \u00e0 promouvoir la pratique de la p\u00eache durable et \u00e0 mieux valoriser la production de ses adh\u00e9rents.<\/p>\n<p>All of the following studies were carried out thanks to the involvement of professionals, the financial support of the Pays de la Loire Region and the establishment of technical and scientific partnerships.<\/p>\n<\/div>\n<\/div>\n<\/div>\n<\/div>\n<\/div>\n<\/section>\n<\/div><\/section><\/div><div  class='flex_column av-av_one_full-cab6cb91e42b24d4f503cdabdc5ed6e0 av_one_full  avia-builder-el-3  el_after_av_one_full  el_before_av_one_full  first flex_column_div  column-top-margin'     ><div  class='avia-slideshow av-m7948bad-bc13f6835e24225b525dbaebc272f67e avia-slideshow-featured av_slideshow avia-slide-slider  avia-builder-el-4  avia-builder-el-no-sibling  av-slideshow-ui av-control-default av-slideshow-manual av-loop-once av-loop-manual-endless av-default-height-applied avia-slideshow-1' data-slideshow-options=\"{&quot;animation&quot;:&quot;slide&quot;,&quot;autoplay&quot;:false,&quot;loop_autoplay&quot;:&quot;once&quot;,&quot;interval&quot;:5,&quot;loop_manual&quot;:&quot;manual-endless&quot;,&quot;autoplay_stopper&quot;:false,&quot;noNavigation&quot;:false,&quot;bg_slider&quot;:false,&quot;keep_padding&quot;:false,&quot;hoverpause&quot;:false,&quot;show_slide_delay&quot;:0}\"  itemprop=\"image\" itemscope=\"itemscope\" itemtype=\"https:\/\/schema.org\/ImageObject\" ><ul class='avia-slideshow-inner' style='padding-bottom: 66.666666666667%;'><li  class='avia-slideshow-slide av-m7948bad-bc13f6835e24225b525dbaebc272f67e__0  slide-1 slide-odd'><div data-rel='slideshow-1' class='avia-slide-wrap'   ><img decoding=\"async\" fetchpriority=\"high\" class=\"wp-image-3645 avia-img-lazy-loading-not-3645\"  src=\"https:\/\/www.op-estuaires.fr\/wp-content\/uploads\/2022\/06\/XL-8-p\u00eacheurs-et-mouettes-Paimboeuf_copyright.jpg\" width=\"645\" height=\"430\" title='XL-8 p\u00eacheurs et mouettes Paimboeuf_copyright' alt=''  itemprop=\"thumbnailUrl\" srcset=\"https:\/\/www.op-estuaires.fr\/wp-content\/uploads\/2022\/06\/XL-8-p\u00eacheurs-et-mouettes-Paimboeuf_copyright.jpg 1275w, https:\/\/www.op-estuaires.fr\/wp-content\/uploads\/2022\/06\/XL-8-p\u00eacheurs-et-mouettes-Paimboeuf_copyright-300x200.jpg 300w, https:\/\/www.op-estuaires.fr\/wp-content\/uploads\/2022\/06\/XL-8-p\u00eacheurs-et-mouettes-Paimboeuf_copyright-1024x683.jpg 1024w, https:\/\/www.op-estuaires.fr\/wp-content\/uploads\/2022\/06\/XL-8-p\u00eacheurs-et-mouettes-Paimboeuf_copyright-768x512.jpg 768w\" sizes=\"(max-width: 645px) 100vw, 645px\" \/><\/div><\/li><li  class='avia-slideshow-slide av-m7948bad-bc13f6835e24225b525dbaebc272f67e__1  slide-2 slide-even'><div data-rel='slideshow-1' class='avia-slide-wrap'   ><img decoding=\"async\" fetchpriority=\"high\" class=\"wp-image-3728 avia-img-lazy-loading-not-3728\"  src=\"https:\/\/www.op-estuaires.fr\/wp-content\/uploads\/2022\/06\/peche-civelle016_copyright-16.jpg\" width=\"645\" height=\"430\" title='peche civelle016_copyright 16' alt=''  itemprop=\"thumbnailUrl\" srcset=\"https:\/\/www.op-estuaires.fr\/wp-content\/uploads\/2022\/06\/peche-civelle016_copyright-16.jpg 1275w, https:\/\/www.op-estuaires.fr\/wp-content\/uploads\/2022\/06\/peche-civelle016_copyright-16-300x200.jpg 300w, https:\/\/www.op-estuaires.fr\/wp-content\/uploads\/2022\/06\/peche-civelle016_copyright-16-1024x683.jpg 1024w, https:\/\/www.op-estuaires.fr\/wp-content\/uploads\/2022\/06\/peche-civelle016_copyright-16-768x512.jpg 768w\" sizes=\"(max-width: 645px) 100vw, 645px\" \/><\/div><\/li><\/ul><div class='avia-slideshow-arrows avia-slideshow-controls' ><a href='#prev' class='prev-slide' aria-hidden='true' data-av_icon='\ue87c' data-av_iconfont='entypo-fontello'  tabindex='-1'>Previous<\/a><a href='#next' class='next-slide' aria-hidden='true' data-av_icon='\ue87d' data-av_iconfont='entypo-fontello'  tabindex='-1'>Next<\/a><\/div><div class='avia-slideshow-dots avia-slideshow-controls'><a href='#1' class='goto-slide active' >1<\/a><a href='#2' class='goto-slide' >2<\/a><\/div><\/div><\/div>\n<style type=\"text\/css\" data-created_by=\"avia_inline_auto\" id=\"style-css-av-m794925b-9d5d684774a2952239f8a732edc953f6\">\n#top .flex_column.av-m794925b-9d5d684774a2952239f8a732edc953f6{\nmargin-top:30px;\nmargin-bottom:70px;\n}\n.responsive #top #wrap_all .flex_column.av-m794925b-9d5d684774a2952239f8a732edc953f6{\nmargin-top:30px;\nmargin-bottom:70px;\n}\n<\/style>\n<div  class='flex_column av-m794925b-9d5d684774a2952239f8a732edc953f6 av_one_full  avia-builder-el-5  el_after_av_one_full  avia-builder-el-last  first flex_column_div  column-top-margin'     ><section  class='av_textblock_section av-m7947nlf-e4bcf517e52f7605311f9de98e3e2995'   itemscope=\"itemscope\" itemtype=\"https:\/\/schema.org\/CreativeWork\" ><div class='avia_textblock'  itemprop=\"text\" ><section class=\"kc-elm kc-css-1733139 kc_row\">\n<div class=\"kc-row-container kc-container\">\n<div class=\"kc-wrap-columns\">\n<div class=\"kc-elm kc-css-4250136 kc_col-sm-4 kc_column kc_col-sm-4\">\n<div class=\"kc-col-container\">\n<div class=\"kc-elm kc-css-421245\"><a class=\"kc_button\" title=\"Restocking\" href=\"https:\/\/www.op-estuaires.fr\/en\/repeuplement\/\" target=\"_self\">RESTOCKING <\/a><\/div>\n<\/div>\n<\/div>\n<div class=\"kc-elm kc-css-654125 kc_col-sm-4 kc_column kc_col-sm-4\">\n<div class=\"kc-col-container\">\n<div class=\"kc-elm kc-css-2589044\"><a class=\"kc_button\" title=\"T\u00e9l\u00e9d\u00e9claration\" href=\"https:\/\/www.op-estuaires.fr\/en\/teledeclaration-des-captures\/\" target=\"_self\"><br \/>\nTELEDECLARATION <\/a><\/div>\n<div class=\"kc-elm kc-css-3512665\"><a class=\"kc_button\" title=\"Hydrotamis\" href=\"https:\/\/www.op-estuaires.fr\/en\/hydrotamis-2\/\" target=\"_self\"><br \/>\nHYDROTAMIS <\/a><\/div>\n<\/div>\n<\/div>\n<div class=\"kc-elm kc-css-2547046 kc_col-sm-4 kc_column kc_col-sm-4\">\n<div class=\"kc-col-container\">\n<div class=\"kc-elm kc-css-174104\"><a class=\"kc_button\" title=\"Certification SEG\" href=\"https:\/\/www.op-estuaires.fr\/en\/la-certification-seg\/\" target=\"_self\"><br \/>\nSEG CERTIFICATION <\/a><\/div>\n<\/div>\n<\/div>\n<\/div>\n<\/div>\n<\/section>\n<\/div><\/section><\/div>","protected":false},"excerpt":{"rendered":"","protected":false},"author":3,"featured_media":0,"parent":0,"menu_order":0,"comment_status":"closed","ping_status":"closed","template":"","meta":{"footnotes":""},"class_list":["post-585","page","type-page","status-publish","hentry"],"yoast_head":"<!-- This site is optimized with the Yoast SEO plugin v24.5 - https:\/\/yoast.com\/wordpress\/plugins\/seo\/ -->\n<title>Les projets<\/title>\n<meta name=\"robots\" content=\"index, follow, max-snippet:-1, max-image-preview:large, max-video-preview:-1\" \/>\n<link rel=\"canonical\" href=\"https:\/\/www.op-estuaires.fr\/en\/les-projets\/\" \/>\n<meta property=\"og:locale\" content=\"en_US\" \/>\n<meta property=\"og:type\" content=\"article\" \/>\n<meta property=\"og:title\" content=\"Les projets\" \/>\n<meta property=\"og:url\" content=\"https:\/\/www.op-estuaires.fr\/en\/les-projets\/\" \/>\n<meta property=\"og:site_name\" content=\"OP Estuaires\" \/>\n<meta property=\"article:modified_time\" content=\"2025-02-17T13:54:07+00:00\" \/>\n<meta name=\"twitter:card\" content=\"summary_large_image\" \/>\n<meta name=\"twitter:label1\" content=\"Est. reading time\" \/>\n\t<meta name=\"twitter:data1\" content=\"2 minutes\" \/>\n<script type=\"application\/ld+json\" class=\"yoast-schema-graph\">{\"@context\":\"https:\/\/schema.org\",\"@graph\":[{\"@type\":\"WebPage\",\"@id\":\"https:\/\/www.op-estuaires.fr\/es\/les-projets\/\",\"url\":\"https:\/\/www.op-estuaires.fr\/es\/les-projets\/\",\"name\":\"Les projets\",\"isPartOf\":{\"@id\":\"https:\/\/www.op-estuaires.fr\/#website\"},\"datePublished\":\"2019-12-02T14:04:29+00:00\",\"dateModified\":\"2025-02-17T13:54:07+00:00\",\"breadcrumb\":{\"@id\":\"https:\/\/www.op-estuaires.fr\/es\/les-projets\/#breadcrumb\"},\"inLanguage\":\"en-US\",\"potentialAction\":[{\"@type\":\"ReadAction\",\"target\":[\"https:\/\/www.op-estuaires.fr\/es\/les-projets\/\"]}]},{\"@type\":\"BreadcrumbList\",\"@id\":\"https:\/\/www.op-estuaires.fr\/es\/les-projets\/#breadcrumb\",\"itemListElement\":[{\"@type\":\"ListItem\",\"position\":1,\"name\":\"Accueil\",\"item\":\"https:\/\/www.op-estuaires.fr\/\"},{\"@type\":\"ListItem\",\"position\":2,\"name\":\"Les projets\"}]},{\"@type\":\"WebSite\",\"@id\":\"https:\/\/www.op-estuaires.fr\/#website\",\"url\":\"https:\/\/www.op-estuaires.fr\/\",\"name\":\"OP Estuaires\",\"description\":\"L&#039;Organisation de producteurs Estuaires\",\"potentialAction\":[{\"@type\":\"SearchAction\",\"target\":{\"@type\":\"EntryPoint\",\"urlTemplate\":\"https:\/\/www.op-estuaires.fr\/?s={search_term_string}\"},\"query-input\":{\"@type\":\"PropertyValueSpecification\",\"valueRequired\":true,\"valueName\":\"search_term_string\"}}],\"inLanguage\":\"en-US\"}]}<\/script>\n<!-- \/ Yoast SEO plugin. -->","yoast_head_json":{"title":"Les projets","robots":{"index":"index","follow":"follow","max-snippet":"max-snippet:-1","max-image-preview":"max-image-preview:large","max-video-preview":"max-video-preview:-1"},"canonical":"https:\/\/www.op-estuaires.fr\/en\/les-projets\/","og_locale":"en_US","og_type":"article","og_title":"Les projets","og_url":"https:\/\/www.op-estuaires.fr\/en\/les-projets\/","og_site_name":"OP Estuaires","article_modified_time":"2025-02-17T13:54:07+00:00","twitter_card":"summary_large_image","twitter_misc":{"Est. reading time":"2 minutes"},"schema":{"@context":"https:\/\/schema.org","@graph":[{"@type":"WebPage","@id":"https:\/\/www.op-estuaires.fr\/es\/les-projets\/","url":"https:\/\/www.op-estuaires.fr\/es\/les-projets\/","name":"Les projets","isPartOf":{"@id":"https:\/\/www.op-estuaires.fr\/#website"},"datePublished":"2019-12-02T14:04:29+00:00","dateModified":"2025-02-17T13:54:07+00:00","breadcrumb":{"@id":"https:\/\/www.op-estuaires.fr\/es\/les-projets\/#breadcrumb"},"inLanguage":"en-US","potentialAction":[{"@type":"ReadAction","target":["https:\/\/www.op-estuaires.fr\/es\/les-projets\/"]}]},{"@type":"BreadcrumbList","@id":"https:\/\/www.op-estuaires.fr\/es\/les-projets\/#breadcrumb","itemListElement":[{"@type":"ListItem","position":1,"name":"Accueil","item":"https:\/\/www.op-estuaires.fr\/"},{"@type":"ListItem","position":2,"name":"Les projets"}]},{"@type":"WebSite","@id":"https:\/\/www.op-estuaires.fr\/#website","url":"https:\/\/www.op-estuaires.fr\/","name":"OP Estuaires","description":"L&#039;Organisation de producteurs Estuaires","potentialAction":[{"@type":"SearchAction","target":{"@type":"EntryPoint","urlTemplate":"https:\/\/www.op-estuaires.fr\/?s={search_term_string}"},"query-input":{"@type":"PropertyValueSpecification","valueRequired":true,"valueName":"search_term_string"}}],"inLanguage":"en-US"}]}},"_links":{"self":[{"href":"https:\/\/www.op-estuaires.fr\/en\/wp-json\/wp\/v2\/pages\/585","targetHints":{"allow":["GET"]}}],"collection":[{"href":"https:\/\/www.op-estuaires.fr\/en\/wp-json\/wp\/v2\/pages"}],"about":[{"href":"https:\/\/www.op-estuaires.fr\/en\/wp-json\/wp\/v2\/types\/page"}],"author":[{"embeddable":true,"href":"https:\/\/www.op-estuaires.fr\/en\/wp-json\/wp\/v2\/users\/3"}],"replies":[{"embeddable":true,"href":"https:\/\/www.op-estuaires.fr\/en\/wp-json\/wp\/v2\/comments?post=585"}],"version-history":[{"count":118,"href":"https:\/\/www.op-estuaires.fr\/en\/wp-json\/wp\/v2\/pages\/585\/revisions"}],"predecessor-version":[{"id":4362,"href":"https:\/\/www.op-estuaires.fr\/en\/wp-json\/wp\/v2\/pages\/585\/revisions\/4362"}],"wp:attachment":[{"href":"https:\/\/www.op-estuaires.fr\/en\/wp-json\/wp\/v2\/media?parent=585"}],"curies":[{"name":"wp","href":"https:\/\/api.w.org\/{rel}","templated":true}]}}