{"id":617,"date":"2019-12-02T15:25:02","date_gmt":"2019-12-02T14:25:02","guid":{"rendered":"http:\/\/https:\/\/op-estuaires.fr\/?page_id=617"},"modified":"2025-02-17T15:14:04","modified_gmt":"2025-02-17T14:14:04","slug":"plan-de-gestion-anguille","status":"publish","type":"page","link":"https:\/\/www.op-estuaires.fr\/en\/reglementation\/plan-de-gestion-anguille\/","title":{"rendered":"Eel management plan"},"content":{"rendered":"<div id='av_section_1'  class='avia-section av-av_section-ead7872a6199d9872a6fed09789ee080 main_color avia-section-default avia-no-border-styling  avia-builder-el-0  avia-builder-el-no-sibling  avia-bg-style-scroll container_wrap fullsize'  ><div class='container av-section-cont-open' ><main  role=\"main\" itemprop=\"mainContentOfPage\"  class='template-page content  av-content-full alpha units'><div class='post-entry post-entry-type-page post-entry-617'><div class='entry-content-wrapper clearfix'>\n\n<style type=\"text\/css\" data-created_by=\"avia_inline_auto\" id=\"style-css-av-m794z6bx-0ba68c20739bc8483868e618c7a18201\">\n#top .flex_column.av-m794z6bx-0ba68c20739bc8483868e618c7a18201{\nmargin-top:50px;\nmargin-bottom:80px;\n}\n.responsive #top #wrap_all .flex_column.av-m794z6bx-0ba68c20739bc8483868e618c7a18201{\nmargin-top:50px;\nmargin-bottom:80px;\n}\n<\/style>\n<div  class='flex_column av-m794z6bx-0ba68c20739bc8483868e618c7a18201 av_one_full  avia-builder-el-1  avia-builder-el-no-sibling  first flex_column_div'     ><section  class='av_textblock_section av-m794y08d-07efafa60c0c3ee3bd68c0527bc43020'   itemscope=\"itemscope\" itemtype=\"https:\/\/schema.org\/CreativeWork\" ><div class='avia_textblock'  itemprop=\"text\" ><style type=\"text\/css\">@media only screen and (min-width: 1000px) and (max-width: 5000px){body.kc-css-system .kc-css-3008875{width: 50%;}body.kc-css-system .kc-css-3043674{width: 50%;}}body.kc-css-system .kc-css-3622553{margin-top: 30px;}<\/style>\n<section class=\"kc-elm kc-css-2413146 kc_row\">\n<div class=\"kc-row-container kc-container\">\n<div class=\"kc-wrap-columns\">\n<div class=\"kc-elm kc-css-3008875 kc_col-sm-6 kc_column kc_col-sm-6\">\n<div class=\"kc-col-container\">\n<div class=\"kc-elm kc-css-257631 kc_text_block\">\n<p>Afin de r\u00e9pondre au <a href=\"https:\/\/www.op-estuaires.fr\/en\/reglementation\/reglementation-anguille\/\">European Regulation EC No 1100\/2007<\/a>, la France a \u00e9labor\u00e9 son Plan de Gestion Anguille (PGA), valid\u00e9 en 2010 par la Commission europ\u00e9enne.<br \/>\nThe French EMP plans to act in the short and medium term on the main anthropogenic factors of mortality and disturbance of the eel :<br \/>\n\u2013  Reduce and regulate professional fishing activity (fishing quota, quota of licenses, catch control)<br \/>\n\u2013 Prohibit recreational fishing of glass eels and limit yellow eel fishing<br \/>\n\u2013 Ensure the preservation and recovery of habitats : protection of habitats, measures to improve fish passage at hydroelectric dams.<br \/>\n\u2013 Reduce eels mortality at pumping stations<br \/>\n\u2013 Reduce eels mortality by chemical pollution<br \/>\n\u2013 Reduce poaching by locking the commercial chain<br \/>\nIn order to take account of local specificities, its implementation is declined at the level of the large river bassins, also called Eel Management Unit (EMU).<\/p>\n<\/div>\n<\/div>\n<\/div>\n<div class=\"kc-elm kc-css-3043674 kc_col-sm-6 kc_column kc_col-sm-6\">\n<div class=\"kc-col-container\">\n<div class=\"kc-elm kc-css-1019407\" style=\"height: 30px; clear: both; width: 100%;\"><\/div>\n<div class=\"kc-elm kc-css-3622553 kc_shortcode kc_single_image\">\n<p><img decoding=\"async\" class=\"\" src=\"https:\/\/www.op-estuaires.fr\/wp-content\/uploads\/2022\/06\/Carte-unit\u00e9s-de-gestion-anguille-1.jpg\" alt=\"\" \/><\/p>\n<\/div>\n<\/div>\n<\/div>\n<\/div>\n<\/div>\n<\/section>\n<section class=\"kc-elm kc-css-1071193 kc_row\">\n<div class=\"kc-row-container kc-container\">\n<div class=\"kc-wrap-columns\">\n<div class=\"kc-elm kc-css-3637523 kc_col-sm-12 kc_column kc_col-sm-12\">\n<div class=\"kc-col-container\">\n<div class=\"kc-elm kc-css-2803411\" style=\"height: 20px; clear: both; width: 100%;\"><\/div>\n<div class=\"kc-elm kc-css-660163 kc_text_block\">\n<p class=\"translation-block\">French EMP provides that 5 to 10% of the national restocking quota be reserved for National restocking projects, the rest being intended for European restocking operations.<\/p>\n<\/div>\n<\/div>\n<\/div>\n<\/div>\n<\/div>\n<\/section>\n<\/div><\/section><br \/>\n<div  class='avia-slideshow av-m794ypz7-71125f4c7dd9295f6e7bbd83a478f426 avia-slideshow-featured av_slideshow avia-slide-slider  avia-builder-el-3  el_after_av_textblock  avia-builder-el-last  av-slideshow-ui av-control-default av-slideshow-manual av-loop-once av-loop-manual-endless av-default-height-applied avia-slideshow-1' data-slideshow-options=\"{&quot;animation&quot;:&quot;slide&quot;,&quot;autoplay&quot;:false,&quot;loop_autoplay&quot;:&quot;once&quot;,&quot;interval&quot;:5,&quot;loop_manual&quot;:&quot;manual-endless&quot;,&quot;autoplay_stopper&quot;:false,&quot;noNavigation&quot;:false,&quot;bg_slider&quot;:false,&quot;keep_padding&quot;:false,&quot;hoverpause&quot;:false,&quot;show_slide_delay&quot;:0}\"  itemprop=\"image\" itemscope=\"itemscope\" itemtype=\"https:\/\/schema.org\/ImageObject\" ><ul class='avia-slideshow-inner' style='padding-bottom: 36.225779275484%;'><li  class='avia-slideshow-slide av-m794ypz7-71125f4c7dd9295f6e7bbd83a478f426__0  slide-1 slide-odd'><div data-rel='slideshow-1' class='avia-slide-wrap'   ><img decoding=\"async\" fetchpriority=\"high\" class=\"wp-image-3926 avia-img-lazy-loading-not-3926\"  src=\"https:\/\/www.op-estuaires.fr\/wp-content\/uploads\/2022\/06\/Photo-Journel-Eric-2_copyright-18.jpg\" width=\"1187\" height=\"430\" title='Photo Journel Eric 2_copyright 18' alt=''  itemprop=\"thumbnailUrl\" srcset=\"https:\/\/www.op-estuaires.fr\/wp-content\/uploads\/2022\/06\/Photo-Journel-Eric-2_copyright-18.jpg 1554w, https:\/\/www.op-estuaires.fr\/wp-content\/uploads\/2022\/06\/Photo-Journel-Eric-2_copyright-18-300x109.jpg 300w, https:\/\/www.op-estuaires.fr\/wp-content\/uploads\/2022\/06\/Photo-Journel-Eric-2_copyright-18-1024x371.jpg 1024w, https:\/\/www.op-estuaires.fr\/wp-content\/uploads\/2022\/06\/Photo-Journel-Eric-2_copyright-18-768x278.jpg 768w, https:\/\/www.op-estuaires.fr\/wp-content\/uploads\/2022\/06\/Photo-Journel-Eric-2_copyright-18-1536x556.jpg 1536w\" sizes=\"(max-width: 1187px) 100vw, 1187px\" \/><\/div><\/li><li  class='avia-slideshow-slide av-m794ypz7-71125f4c7dd9295f6e7bbd83a478f426__1  slide-2 slide-even'><div data-rel='slideshow-1' class='avia-slide-wrap'   ><img decoding=\"async\" fetchpriority=\"high\" class=\"wp-image-3619 avia-img-lazy-loading-not-3619\"  src=\"https:\/\/www.op-estuaires.fr\/wp-content\/uploads\/2022\/06\/Photo-JE_test-copyright_16.jpg\" width=\"1381\" height=\"430\" title='Photo JE_test copyright_16' alt=''  itemprop=\"thumbnailUrl\" srcset=\"https:\/\/www.op-estuaires.fr\/wp-content\/uploads\/2022\/06\/Photo-JE_test-copyright_16.jpg 1542w, https:\/\/www.op-estuaires.fr\/wp-content\/uploads\/2022\/06\/Photo-JE_test-copyright_16-300x93.jpg 300w, https:\/\/www.op-estuaires.fr\/wp-content\/uploads\/2022\/06\/Photo-JE_test-copyright_16-1024x319.jpg 1024w, https:\/\/www.op-estuaires.fr\/wp-content\/uploads\/2022\/06\/Photo-JE_test-copyright_16-768x239.jpg 768w, https:\/\/www.op-estuaires.fr\/wp-content\/uploads\/2022\/06\/Photo-JE_test-copyright_16-1536x478.jpg 1536w\" sizes=\"(max-width: 1381px) 100vw, 1381px\" \/><\/div><\/li><\/ul><div class='avia-slideshow-arrows avia-slideshow-controls' ><a href='#prev' class='prev-slide' aria-hidden='true' data-av_icon='\ue87c' data-av_iconfont='entypo-fontello'  tabindex='-1'>Previous<\/a><a href='#next' class='next-slide' aria-hidden='true' data-av_icon='\ue87d' data-av_iconfont='entypo-fontello'  tabindex='-1'>Next<\/a><\/div><div class='avia-slideshow-dots avia-slideshow-controls'><a href='#1' class='goto-slide active' >1<\/a><a href='#2' class='goto-slide' >2<\/a><\/div><\/div><\/p><\/div>","protected":false},"excerpt":{"rendered":"","protected":false},"author":3,"featured_media":0,"parent":583,"menu_order":0,"comment_status":"closed","ping_status":"closed","template":"","meta":{"footnotes":""},"class_list":["post-617","page","type-page","status-publish","hentry"],"yoast_head":"<!-- This site is optimized with the Yoast SEO plugin v24.5 - https:\/\/yoast.com\/wordpress\/plugins\/seo\/ -->\n<title>Plan de gestion anguille<\/title>\n<meta name=\"robots\" content=\"index, follow, max-snippet:-1, max-image-preview:large, max-video-preview:-1\" \/>\n<link rel=\"canonical\" href=\"https:\/\/www.op-estuaires.fr\/en\/reglementation\/plan-de-gestion-anguille\/\" \/>\n<meta property=\"og:locale\" content=\"en_US\" \/>\n<meta property=\"og:type\" content=\"article\" \/>\n<meta property=\"og:title\" content=\"Plan de gestion anguille\" \/>\n<meta property=\"og:url\" content=\"https:\/\/www.op-estuaires.fr\/en\/reglementation\/plan-de-gestion-anguille\/\" \/>\n<meta property=\"og:site_name\" content=\"OP Estuaires\" \/>\n<meta property=\"article:modified_time\" content=\"2025-02-17T14:14:04+00:00\" \/>\n<meta name=\"twitter:card\" content=\"summary_large_image\" \/>\n<meta name=\"twitter:label1\" content=\"Est. reading time\" \/>\n\t<meta name=\"twitter:data1\" content=\"2 minutes\" \/>\n<script type=\"application\/ld+json\" class=\"yoast-schema-graph\">{\"@context\":\"https:\/\/schema.org\",\"@graph\":[{\"@type\":\"WebPage\",\"@id\":\"https:\/\/www.op-estuaires.fr\/nl\/reglementation\/plan-de-gestion-anguille\/\",\"url\":\"https:\/\/www.op-estuaires.fr\/nl\/reglementation\/plan-de-gestion-anguille\/\",\"name\":\"Plan de gestion anguille\",\"isPartOf\":{\"@id\":\"https:\/\/www.op-estuaires.fr\/#website\"},\"datePublished\":\"2019-12-02T14:25:02+00:00\",\"dateModified\":\"2025-02-17T14:14:04+00:00\",\"breadcrumb\":{\"@id\":\"https:\/\/www.op-estuaires.fr\/nl\/reglementation\/plan-de-gestion-anguille\/#breadcrumb\"},\"inLanguage\":\"en-US\",\"potentialAction\":[{\"@type\":\"ReadAction\",\"target\":[\"https:\/\/www.op-estuaires.fr\/nl\/reglementation\/plan-de-gestion-anguille\/\"]}]},{\"@type\":\"BreadcrumbList\",\"@id\":\"https:\/\/www.op-estuaires.fr\/nl\/reglementation\/plan-de-gestion-anguille\/#breadcrumb\",\"itemListElement\":[{\"@type\":\"ListItem\",\"position\":1,\"name\":\"Accueil\",\"item\":\"https:\/\/www.op-estuaires.fr\/\"},{\"@type\":\"ListItem\",\"position\":2,\"name\":\"R\u00e9glementation\",\"item\":\"https:\/\/www.op-estuaires.fr\/nl\/reglementation\/\"},{\"@type\":\"ListItem\",\"position\":3,\"name\":\"Plan de gestion anguille\"}]},{\"@type\":\"WebSite\",\"@id\":\"https:\/\/www.op-estuaires.fr\/#website\",\"url\":\"https:\/\/www.op-estuaires.fr\/\",\"name\":\"OP Estuaires\",\"description\":\"L&#039;Organisation de producteurs Estuaires\",\"potentialAction\":[{\"@type\":\"SearchAction\",\"target\":{\"@type\":\"EntryPoint\",\"urlTemplate\":\"https:\/\/www.op-estuaires.fr\/?s={search_term_string}\"},\"query-input\":{\"@type\":\"PropertyValueSpecification\",\"valueRequired\":true,\"valueName\":\"search_term_string\"}}],\"inLanguage\":\"en-US\"}]}<\/script>\n<!-- \/ Yoast SEO plugin. -->","yoast_head_json":{"title":"Plan de gestion anguille","robots":{"index":"index","follow":"follow","max-snippet":"max-snippet:-1","max-image-preview":"max-image-preview:large","max-video-preview":"max-video-preview:-1"},"canonical":"https:\/\/www.op-estuaires.fr\/en\/reglementation\/plan-de-gestion-anguille\/","og_locale":"en_US","og_type":"article","og_title":"Plan de gestion anguille","og_url":"https:\/\/www.op-estuaires.fr\/en\/reglementation\/plan-de-gestion-anguille\/","og_site_name":"OP Estuaires","article_modified_time":"2025-02-17T14:14:04+00:00","twitter_card":"summary_large_image","twitter_misc":{"Est. reading time":"2 minutes"},"schema":{"@context":"https:\/\/schema.org","@graph":[{"@type":"WebPage","@id":"https:\/\/www.op-estuaires.fr\/nl\/reglementation\/plan-de-gestion-anguille\/","url":"https:\/\/www.op-estuaires.fr\/nl\/reglementation\/plan-de-gestion-anguille\/","name":"Plan de gestion anguille","isPartOf":{"@id":"https:\/\/www.op-estuaires.fr\/#website"},"datePublished":"2019-12-02T14:25:02+00:00","dateModified":"2025-02-17T14:14:04+00:00","breadcrumb":{"@id":"https:\/\/www.op-estuaires.fr\/nl\/reglementation\/plan-de-gestion-anguille\/#breadcrumb"},"inLanguage":"en-US","potentialAction":[{"@type":"ReadAction","target":["https:\/\/www.op-estuaires.fr\/nl\/reglementation\/plan-de-gestion-anguille\/"]}]},{"@type":"BreadcrumbList","@id":"https:\/\/www.op-estuaires.fr\/nl\/reglementation\/plan-de-gestion-anguille\/#breadcrumb","itemListElement":[{"@type":"ListItem","position":1,"name":"Accueil","item":"https:\/\/www.op-estuaires.fr\/"},{"@type":"ListItem","position":2,"name":"R\u00e9glementation","item":"https:\/\/www.op-estuaires.fr\/nl\/reglementation\/"},{"@type":"ListItem","position":3,"name":"Plan de gestion anguille"}]},{"@type":"WebSite","@id":"https:\/\/www.op-estuaires.fr\/#website","url":"https:\/\/www.op-estuaires.fr\/","name":"OP Estuaires","description":"L&#039;Organisation de producteurs Estuaires","potentialAction":[{"@type":"SearchAction","target":{"@type":"EntryPoint","urlTemplate":"https:\/\/www.op-estuaires.fr\/?s={search_term_string}"},"query-input":{"@type":"PropertyValueSpecification","valueRequired":true,"valueName":"search_term_string"}}],"inLanguage":"en-US"}]}},"_links":{"self":[{"href":"https:\/\/www.op-estuaires.fr\/en\/wp-json\/wp\/v2\/pages\/617","targetHints":{"allow":["GET"]}}],"collection":[{"href":"https:\/\/www.op-estuaires.fr\/en\/wp-json\/wp\/v2\/pages"}],"about":[{"href":"https:\/\/www.op-estuaires.fr\/en\/wp-json\/wp\/v2\/types\/page"}],"author":[{"embeddable":true,"href":"https:\/\/www.op-estuaires.fr\/en\/wp-json\/wp\/v2\/users\/3"}],"replies":[{"embeddable":true,"href":"https:\/\/www.op-estuaires.fr\/en\/wp-json\/wp\/v2\/comments?post=617"}],"version-history":[{"count":110,"href":"https:\/\/www.op-estuaires.fr\/en\/wp-json\/wp\/v2\/pages\/617\/revisions"}],"predecessor-version":[{"id":4382,"href":"https:\/\/www.op-estuaires.fr\/en\/wp-json\/wp\/v2\/pages\/617\/revisions\/4382"}],"up":[{"embeddable":true,"href":"https:\/\/www.op-estuaires.fr\/en\/wp-json\/wp\/v2\/pages\/583"}],"wp:attachment":[{"href":"https:\/\/www.op-estuaires.fr\/en\/wp-json\/wp\/v2\/media?parent=617"}],"curies":[{"name":"wp","href":"https:\/\/api.w.org\/{rel}","templated":true}]}}