{"id":1176,"date":"2019-12-26T14:15:24","date_gmt":"2019-12-26T13:15:24","guid":{"rendered":"https:\/\/www.op-estuaires.fr\/?page_id=1176"},"modified":"2019-12-26T15:02:50","modified_gmt":"2019-12-26T14:02:50","slug":"mentions-legales","status":"publish","type":"page","link":"https:\/\/www.op-estuaires.fr\/es\/mentions-legales\/","title":{"rendered":"Notas Legales"},"content":{"rendered":"<p><strong>\u00c9diteur<\/strong><\/p>\n\n\n\n<p>OP Estuaires<br> Soci\u00e9t\u00e9 coop\u00e9rative maritime \u00e0 forme anonyme et capital variable<br> Capital de 19 000\u20ac<br> RCS DE LA ROCHE SUR YON 791 619 703<br> SIRET 791 619 703 00014<br> Num\u00e9ro TVA intracommunautaire : FR70791619703<br> Code d&#8217;activit\u00e9 : 0311Z<br> <br> Si\u00e8ge social : 2 RUE COLBERT 85100 LES SABLES D&#8217;OLONNE<br> Email : op.estuaires@gmail.com<\/p>\n\n\n\n<p><strong>Directeur de\nla publication<\/strong><\/p>\n\n\n\n<p>Micka\u00ebl VALLEE &#8211; Pr\u00e9sident<\/p>\n\n\n\n<p><strong>Cr\u00e9ation \u2013\nD\u00e9veloppement &#8211; H\u00e9bergement<\/strong><\/p>\n\n\n\n<p>Le site web est cr\u00e9\u00e9 et d\u00e9velopp\u00e9 par&nbsp;<a href=\"http:\/\/www.ae2agence.com\/\">AE2 AGENCE<\/a><\/p>\n\n\n\n<p>Direction : Yann BRUNEAU.<\/p>\n\n\n\n<p>11 rue du chemin rouge, Batiment A, 44300 NANTES<\/p>\n\n\n\n<p>Tel. : 09 50 04 23 00&nbsp;<\/p>\n\n\n\n<p>Capital : 50 000 euros<\/p>\n\n\n\n<p>RCS 494 283 989 R.C.S. Nantes<\/p>\n\n\n\n<p>Cr\u00e9ation de SARL AE2 :&nbsp;Novembre 2006<\/p>\n\n\n\n<p>Infog\u00e9rant&nbsp;: DREAM\nME UP.<\/p>\n\n\n\n<p><strong>Infog\u00e9rant<\/strong><\/p>\n\n\n\n<p>DREAM ME UP<\/p>\n\n\n\n<p>RCS Vannes 501 021&nbsp;588<\/p>\n\n\n\n<p>TVA\nintracommunautaire : FR15501021588<\/p>\n\n\n\n<p>Atlanparc\nB\u00e2timent M\u2028Rue\nCamille Claudel &#8211; Kerluherne\u202856890 PLESCOP<\/p>\n\n\n\n<p>+33 (0)2 97 63\n83 06\u2028<\/p>\n\n\n\n<p>Email : <a href=\"mailto:contact@dream-me-up.fr\">contact@dream-me-up.fr<\/a><\/p>\n\n\n\n<p><strong>H\u00e9bergement<\/strong><\/p>\n\n\n\n<p>OVH<\/p>\n\n\n\n<p>RCS Lille\nM\u00e9tropole 424 761 419 00045<\/p>\n\n\n\n<p>2 rue\nkellermann BP 80157<\/p>\n\n\n\n<p>59053 ROUBAIX\nCedex 1, France<\/p>\n\n\n\n<p>+33 (0)8 203\n203 63<\/p>\n\n\n\n<p>Email : <a href=\"mailto:support@ovh.com\">support@ovh.com<\/a><\/p>\n\n\n\n<p><strong>Droit\nd&#8217;auteurs et droits de reproductions<\/strong><\/p>\n\n\n\n<p>Toute utilisation, reproduction, diffusion,\ncommercialisation, modification de toute ou partie du site www.site.fr, sans\nautorisation de l\u2019Editeur est prohib\u00e9e et pourra entra\u00een\u00e9e des actions et\npoursuites judiciaires telles que notamment pr\u00e9vues par le Code de la propri\u00e9t\u00e9\nintellectuelle et le Code civil.<\/p>","protected":false},"excerpt":{"rendered":"<p>\u00c9diteur OP Estuaires Soci\u00e9t\u00e9 coop\u00e9rative maritime \u00e0 forme anonyme et capital variable Capital de 19 000\u20ac RCS DE LA ROCHE SUR YON 791 619 703 SIRET 791 619 703 00014 Num\u00e9ro TVA intracommunautaire : FR70791619703 Code d&#8217;activit\u00e9 : 0311Z Si\u00e8ge social : 2 RUE COLBERT 85100 LES SABLES D&#8217;OLONNE Email : op.estuaires@gmail.com Directeur de la [&hellip;]<\/p>","protected":false},"author":3,"featured_media":0,"parent":0,"menu_order":0,"comment_status":"closed","ping_status":"closed","template":"","meta":{"footnotes":""},"class_list":["post-1176","page","type-page","status-publish","hentry"],"yoast_head":"<!-- This site is optimized with the Yoast SEO plugin v24.5 - https:\/\/yoast.com\/wordpress\/plugins\/seo\/ -->\n<title>Mentions l\u00e9gales<\/title>\n<meta name=\"robots\" content=\"noindex, follow\" \/>\n<meta property=\"og:locale\" content=\"es_ES\" \/>\n<meta property=\"og:type\" content=\"article\" \/>\n<meta property=\"og:title\" content=\"Mentions l\u00e9gales\" \/>\n<meta property=\"og:description\" content=\"\u00c9diteur OP Estuaires Soci\u00e9t\u00e9 coop\u00e9rative maritime \u00e0 forme anonyme et capital variable Capital de 19 000\u20ac RCS DE LA ROCHE SUR YON 791 619 703 SIRET 791 619 703 00014 Num\u00e9ro TVA intracommunautaire : FR70791619703 Code d&#8217;activit\u00e9 : 0311Z Si\u00e8ge social : 2 RUE COLBERT 85100 LES SABLES D&#8217;OLONNE Email : op.estuaires@gmail.com Directeur de la [&hellip;]\" \/>\n<meta property=\"og:url\" content=\"https:\/\/www.op-estuaires.fr\/es\/mentions-legales\/\" \/>\n<meta property=\"og:site_name\" content=\"OP Estuaires\" \/>\n<meta property=\"article:modified_time\" content=\"2019-12-26T14:02:50+00:00\" \/>\n<meta name=\"twitter:card\" content=\"summary_large_image\" \/>\n<meta name=\"twitter:label1\" content=\"Tiempo de lectura\" \/>\n\t<meta name=\"twitter:data1\" content=\"1 minuto\" \/>\n<script type=\"application\/ld+json\" class=\"yoast-schema-graph\">{\"@context\":\"https:\/\/schema.org\",\"@graph\":[{\"@type\":\"WebPage\",\"@id\":\"https:\/\/www.op-estuaires.fr\/mentions-legales\/\",\"url\":\"https:\/\/www.op-estuaires.fr\/mentions-legales\/\",\"name\":\"Mentions l\u00e9gales\",\"isPartOf\":{\"@id\":\"https:\/\/www.op-estuaires.fr\/#website\"},\"datePublished\":\"2019-12-26T13:15:24+00:00\",\"dateModified\":\"2019-12-26T14:02:50+00:00\",\"breadcrumb\":{\"@id\":\"https:\/\/www.op-estuaires.fr\/mentions-legales\/#breadcrumb\"},\"inLanguage\":\"es\",\"potentialAction\":[{\"@type\":\"ReadAction\",\"target\":[\"https:\/\/www.op-estuaires.fr\/mentions-legales\/\"]}]},{\"@type\":\"BreadcrumbList\",\"@id\":\"https:\/\/www.op-estuaires.fr\/mentions-legales\/#breadcrumb\",\"itemListElement\":[{\"@type\":\"ListItem\",\"position\":1,\"name\":\"Accueil\",\"item\":\"https:\/\/www.op-estuaires.fr\/\"},{\"@type\":\"ListItem\",\"position\":2,\"name\":\"Mentions l\u00e9gales\"}]},{\"@type\":\"WebSite\",\"@id\":\"https:\/\/www.op-estuaires.fr\/#website\",\"url\":\"https:\/\/www.op-estuaires.fr\/\",\"name\":\"OP Estuaires\",\"description\":\"L&#039;Organisation de producteurs Estuaires\",\"potentialAction\":[{\"@type\":\"SearchAction\",\"target\":{\"@type\":\"EntryPoint\",\"urlTemplate\":\"https:\/\/www.op-estuaires.fr\/?s={search_term_string}\"},\"query-input\":{\"@type\":\"PropertyValueSpecification\",\"valueRequired\":true,\"valueName\":\"search_term_string\"}}],\"inLanguage\":\"es\"}]}<\/script>\n<!-- \/ Yoast SEO plugin. -->","yoast_head_json":{"title":"Mentions l\u00e9gales","robots":{"index":"noindex","follow":"follow"},"og_locale":"es_ES","og_type":"article","og_title":"Mentions l\u00e9gales","og_description":"\u00c9diteur OP Estuaires Soci\u00e9t\u00e9 coop\u00e9rative maritime \u00e0 forme anonyme et capital variable Capital de 19 000\u20ac RCS DE LA ROCHE SUR YON 791 619 703 SIRET 791 619 703 00014 Num\u00e9ro TVA intracommunautaire : FR70791619703 Code d&#8217;activit\u00e9 : 0311Z Si\u00e8ge social : 2 RUE COLBERT 85100 LES SABLES D&#8217;OLONNE Email : op.estuaires@gmail.com Directeur de la [&hellip;]","og_url":"https:\/\/www.op-estuaires.fr\/es\/mentions-legales\/","og_site_name":"OP Estuaires","article_modified_time":"2019-12-26T14:02:50+00:00","twitter_card":"summary_large_image","twitter_misc":{"Tiempo de lectura":"1 minuto"},"schema":{"@context":"https:\/\/schema.org","@graph":[{"@type":"WebPage","@id":"https:\/\/www.op-estuaires.fr\/mentions-legales\/","url":"https:\/\/www.op-estuaires.fr\/mentions-legales\/","name":"Mentions l\u00e9gales","isPartOf":{"@id":"https:\/\/www.op-estuaires.fr\/#website"},"datePublished":"2019-12-26T13:15:24+00:00","dateModified":"2019-12-26T14:02:50+00:00","breadcrumb":{"@id":"https:\/\/www.op-estuaires.fr\/mentions-legales\/#breadcrumb"},"inLanguage":"es","potentialAction":[{"@type":"ReadAction","target":["https:\/\/www.op-estuaires.fr\/mentions-legales\/"]}]},{"@type":"BreadcrumbList","@id":"https:\/\/www.op-estuaires.fr\/mentions-legales\/#breadcrumb","itemListElement":[{"@type":"ListItem","position":1,"name":"Accueil","item":"https:\/\/www.op-estuaires.fr\/"},{"@type":"ListItem","position":2,"name":"Mentions l\u00e9gales"}]},{"@type":"WebSite","@id":"https:\/\/www.op-estuaires.fr\/#website","url":"https:\/\/www.op-estuaires.fr\/","name":"OP Estuaires","description":"L&#039;Organisation de producteurs Estuaires","potentialAction":[{"@type":"SearchAction","target":{"@type":"EntryPoint","urlTemplate":"https:\/\/www.op-estuaires.fr\/?s={search_term_string}"},"query-input":{"@type":"PropertyValueSpecification","valueRequired":true,"valueName":"search_term_string"}}],"inLanguage":"es"}]}},"_links":{"self":[{"href":"https:\/\/www.op-estuaires.fr\/es\/wp-json\/wp\/v2\/pages\/1176","targetHints":{"allow":["GET"]}}],"collection":[{"href":"https:\/\/www.op-estuaires.fr\/es\/wp-json\/wp\/v2\/pages"}],"about":[{"href":"https:\/\/www.op-estuaires.fr\/es\/wp-json\/wp\/v2\/types\/page"}],"author":[{"embeddable":true,"href":"https:\/\/www.op-estuaires.fr\/es\/wp-json\/wp\/v2\/users\/3"}],"replies":[{"embeddable":true,"href":"https:\/\/www.op-estuaires.fr\/es\/wp-json\/wp\/v2\/comments?post=1176"}],"version-history":[{"count":1,"href":"https:\/\/www.op-estuaires.fr\/es\/wp-json\/wp\/v2\/pages\/1176\/revisions"}],"predecessor-version":[{"id":1177,"href":"https:\/\/www.op-estuaires.fr\/es\/wp-json\/wp\/v2\/pages\/1176\/revisions\/1177"}],"wp:attachment":[{"href":"https:\/\/www.op-estuaires.fr\/es\/wp-json\/wp\/v2\/media?parent=1176"}],"curies":[{"name":"wp","href":"https:\/\/api.w.org\/{rel}","templated":true}]}}