{"id":2004,"date":"2020-04-16T11:35:17","date_gmt":"2020-04-16T09:35:17","guid":{"rendered":"https:\/\/www.op-estuaires.fr\/?page_id=2004"},"modified":"2025-02-17T15:01:09","modified_gmt":"2025-02-17T14:01:09","slug":"teledeclaration-des-captures","status":"publish","type":"page","link":"https:\/\/www.op-estuaires.fr\/es\/teledeclaration-des-captures\/","title":{"rendered":"Teledeclaraci\u00f3n de las capturas"},"content":{"rendered":"<div id='av_section_1'  class='avia-section av-av_section-ead7872a6199d9872a6fed09789ee080 main_color avia-section-default avia-no-border-styling  avia-builder-el-0  avia-builder-el-no-sibling  avia-bg-style-scroll container_wrap fullsize'  ><div class='container av-section-cont-open' ><main  role=\"main\" itemprop=\"mainContentOfPage\"  class='template-page content  av-content-full alpha units'><div class='post-entry post-entry-type-page post-entry-2004'><div class='entry-content-wrapper clearfix'>\n<div  class='flex_column av-av_one_full-cab6cb91e42b24d4f503cdabdc5ed6e0 av_one_full  avia-builder-el-1  avia-builder-el-no-sibling  first flex_column_div'     ><section  class='av_textblock_section av-av_textblock-e922ac7a79e5b93445cc9340ffe5d92f'   itemscope=\"itemscope\" itemtype=\"https:\/\/schema.org\/CreativeWork\" ><div class='avia_textblock'  itemprop=\"text\" ><style type=\"text\/css\"><\/style>\n<section class=\"kc-elm kc-css-1554381 kc_row\">\n<div class=\"kc-row-container  kc-container\">\n<div class=\"kc-wrap-columns\">\n<div class=\"kc-elm kc-css-3118228 kc_col-sm-12 kc_column kc_col-sm-12\">\n<div class=\"kc-col-container\">\n<div class=\"kc-elm kc-css-1754640 kc_text_block\">\n<p><img loading=\"lazy\" decoding=\"async\" class=\"size-medium alignright\" src=\"https:\/\/www.op-estuaires.fr\/wp-content\/uploads\/2020\/03\/AdobeStock_201193275-scaled-1-e1587025365931.jpeg\" alt=\"\" width=\"500\" height=\"333\" \/><\/p>\n<p>Lors de la mise en place de quota de p\u00eache en 2010, le suivi des captures et de la consommation des sous-quotas de p\u00eache de civelle en France se faisaient via les d\u00e9clarations papiers transmises par les p\u00eacheurs \u00e0 l\u2019Administration locale ou nationale. La transmission et le traitement de ce type exige un temps difficilement compressible, alors que l\u2019atteinte des sous-quotas peut avoir lieu rapidement en cas de forte abondance de civelles dans les estuaires. Aussi \u00e0 l\u2019\u00e9poque o\u00f9 il n\u2019y avait pas de limites de captures par professionnel, le risque de g\u00e9n\u00e9rer des d\u00e9passements \u00e9tait fort.<\/p>\n<p>A la profesi\u00f3n le pareci\u00f3 necesario desarrollar otra herramienta que permitiera una transmisi\u00f3n de las capturas en un plazo m\u00e1s breve, incluso casi instant\u00e1neo.<\/p>\n<\/div>\n<div class=\"kc-elm kc-css-1330351\" style=\"height: 28px; clear: both; width: 100%;\"><\/div>\n<div class=\"kc-elm kc-css-1798893 kc_text_block\">\n<p style=\"text-align: left;\" class=\"translation-block\">Por este motivo, en 2013, el <a href=\"http:\/\/www.corepem.fr\/\" target=\"_self\"><abbr title=\"Comit\u00e9 Regional de Pescas Mar\u00edtimas y Criaderos Marinos de los Pa\u00edses del Loira\">COREPEM<\/abbr><\/a>, la <abbr title=\"Asociaci\u00f3n de Pescadores Profesionales Mar\u00edtimos y Fluviales de Agua Dulce de Loira Atl\u00e1ntico\" class=\"\">AADPPMFEDLA<\/abbr> y el <abbr title=\"Comit\u00e9 Regional de Pescas Mar\u00edtimas y Criaderos Marinos\" class=\"\">CRPMEM de Breta\u00f1a<\/abbr>, con el apoyo del <abbr title=\"Sindicato Mixto para el Desarrollo de la Acuicultura y la Pesca en los Pa\u00edses del Loira\">SMIDAP<\/abbr>, trabajaron en el desarrollo de la plataforma <a href=\"http:\/\/www.corepem.fr\/actions-et-projets\/gestion-des-peches\/civelles\/telecacivelle\/\" target=\"_self\">TELECACIVELLE<\/a> [enlace al sitio web del COREPEM].<\/p>\n<p style=\"text-align: left;\">El principio es permitir que los profesionales declaren todos los d\u00edas sus capturas por sms o a trav\u00e9s de la interfaz Web de la aplicaci\u00f3n; despu\u00e9s, esta informaci\u00f3n es tratada por la plataforma, lo que permite que las estructuras locales conozcan en tiempo real el nivel de consumo de las subcuotas. Esta herramienta tambi\u00e9n permite que el profesional conozca la cantidad total declarada para la temporada en curso y evitar rebasar el l\u00edmite de captura autorizado por pescador.<\/p>\n<p style=\"text-align: left;\">Los miembros de la OP Estuaires realizan su declaraci\u00f3n a trav\u00e9s de T\u00e9l\u00e9cacivelle desde la temporada 2013-2014 y despu\u00e9s en T\u00e9l\u00e9cap\u00eache desde la temporada 2017-2018.<\/p>\n<p style=\"text-align: left;\">Los niveles de consumo de las subcuotas se transmiten semanalmente a las autoridades competentes. A nivel franc\u00e9s, estos datos procedentes de la teledeclaraci\u00f3n, as\u00ed como los procedentes de las declaraciones en soporte papel y las compras realizadas por los pescaderos se cotejan todas las semanas para evitar el riesgo de rebasamiento.<\/p>\n<p style=\"text-align: left;\">Actualmente, los Ministerios encargados de la pesca est\u00e1n trabajando en el desarrollo de su propia aplicaci\u00f3n de teledeclaraci\u00f3n de las capturas para sustituir las declaraciones en soporte papel:<\/p>\n<ul>\n<li style=\"text-align: left;\">CESMIA para los profesionales fluviales, en funcionamiento desde diciembre de 2020<\/li>\n<li>VISOCaptures para los profesionales mar\u00edtimos, con una entrada en servicio prevista para finales del a\u00f1o 2021.<\/li>\n<\/ul>\n<\/div>\n<\/div>\n<\/div>\n<\/div>\n<\/div>\n<\/section>\n<\/div><\/section><\/div>","protected":false},"excerpt":{"rendered":"","protected":false},"author":3,"featured_media":0,"parent":0,"menu_order":0,"comment_status":"closed","ping_status":"closed","template":"","meta":{"footnotes":""},"class_list":["post-2004","page","type-page","status-publish","hentry"],"yoast_head":"<!-- This site is optimized with the Yoast SEO plugin v24.5 - https:\/\/yoast.com\/wordpress\/plugins\/seo\/ -->\n<title>T\u00e9l\u00e9d\u00e9claration des captures<\/title>\n<meta name=\"robots\" content=\"index, follow, max-snippet:-1, max-image-preview:large, max-video-preview:-1\" \/>\n<link rel=\"canonical\" href=\"https:\/\/www.op-estuaires.fr\/es\/teledeclaration-des-captures\/\" \/>\n<meta property=\"og:locale\" content=\"es_ES\" \/>\n<meta property=\"og:type\" content=\"article\" \/>\n<meta property=\"og:title\" content=\"T\u00e9l\u00e9d\u00e9claration des captures\" \/>\n<meta property=\"og:url\" content=\"https:\/\/www.op-estuaires.fr\/es\/teledeclaration-des-captures\/\" \/>\n<meta property=\"og:site_name\" content=\"OP Estuaires\" \/>\n<meta property=\"article:modified_time\" content=\"2025-02-17T14:01:09+00:00\" \/>\n<meta property=\"og:image\" content=\"https:\/\/www.op-estuaires.fr\/wp-content\/uploads\/2020\/03\/AdobeStock_201193275-scaled-1-e1587025365931.jpeg\" \/>\n<meta name=\"twitter:card\" content=\"summary_large_image\" \/>\n<meta name=\"twitter:label1\" content=\"Tiempo de lectura\" \/>\n\t<meta name=\"twitter:data1\" content=\"2 minutos\" \/>\n<script type=\"application\/ld+json\" class=\"yoast-schema-graph\">{\"@context\":\"https:\/\/schema.org\",\"@graph\":[{\"@type\":\"WebPage\",\"@id\":\"https:\/\/www.op-estuaires.fr\/de\/teledeclaration-des-captures\/\",\"url\":\"https:\/\/www.op-estuaires.fr\/de\/teledeclaration-des-captures\/\",\"name\":\"T\u00e9l\u00e9d\u00e9claration des captures\",\"isPartOf\":{\"@id\":\"https:\/\/www.op-estuaires.fr\/#website\"},\"primaryImageOfPage\":{\"@id\":\"https:\/\/www.op-estuaires.fr\/de\/teledeclaration-des-captures\/#primaryimage\"},\"image\":{\"@id\":\"https:\/\/www.op-estuaires.fr\/de\/teledeclaration-des-captures\/#primaryimage\"},\"thumbnailUrl\":\"https:\/\/www.op-estuaires.fr\/wp-content\/uploads\/2020\/03\/AdobeStock_201193275-scaled-1-e1587025365931.jpeg\",\"datePublished\":\"2020-04-16T09:35:17+00:00\",\"dateModified\":\"2025-02-17T14:01:09+00:00\",\"breadcrumb\":{\"@id\":\"https:\/\/www.op-estuaires.fr\/de\/teledeclaration-des-captures\/#breadcrumb\"},\"inLanguage\":\"es\",\"potentialAction\":[{\"@type\":\"ReadAction\",\"target\":[\"https:\/\/www.op-estuaires.fr\/de\/teledeclaration-des-captures\/\"]}]},{\"@type\":\"ImageObject\",\"inLanguage\":\"es\",\"@id\":\"https:\/\/www.op-estuaires.fr\/de\/teledeclaration-des-captures\/#primaryimage\",\"url\":\"https:\/\/www.op-estuaires.fr\/wp-content\/uploads\/2020\/03\/AdobeStock_201193275-scaled-1-e1587025365931.jpeg\",\"contentUrl\":\"https:\/\/www.op-estuaires.fr\/wp-content\/uploads\/2020\/03\/AdobeStock_201193275-scaled-1-e1587025365931.jpeg\"},{\"@type\":\"BreadcrumbList\",\"@id\":\"https:\/\/www.op-estuaires.fr\/de\/teledeclaration-des-captures\/#breadcrumb\",\"itemListElement\":[{\"@type\":\"ListItem\",\"position\":1,\"name\":\"Accueil\",\"item\":\"https:\/\/www.op-estuaires.fr\/\"},{\"@type\":\"ListItem\",\"position\":2,\"name\":\"T\u00e9l\u00e9d\u00e9claration des captures\"}]},{\"@type\":\"WebSite\",\"@id\":\"https:\/\/www.op-estuaires.fr\/#website\",\"url\":\"https:\/\/www.op-estuaires.fr\/\",\"name\":\"OP Estuaires\",\"description\":\"L&#039;Organisation de producteurs Estuaires\",\"potentialAction\":[{\"@type\":\"SearchAction\",\"target\":{\"@type\":\"EntryPoint\",\"urlTemplate\":\"https:\/\/www.op-estuaires.fr\/?s={search_term_string}\"},\"query-input\":{\"@type\":\"PropertyValueSpecification\",\"valueRequired\":true,\"valueName\":\"search_term_string\"}}],\"inLanguage\":\"es\"}]}<\/script>\n<!-- \/ Yoast SEO plugin. -->","yoast_head_json":{"title":"T\u00e9l\u00e9d\u00e9claration des captures","robots":{"index":"index","follow":"follow","max-snippet":"max-snippet:-1","max-image-preview":"max-image-preview:large","max-video-preview":"max-video-preview:-1"},"canonical":"https:\/\/www.op-estuaires.fr\/es\/teledeclaration-des-captures\/","og_locale":"es_ES","og_type":"article","og_title":"T\u00e9l\u00e9d\u00e9claration des captures","og_url":"https:\/\/www.op-estuaires.fr\/es\/teledeclaration-des-captures\/","og_site_name":"OP Estuaires","article_modified_time":"2025-02-17T14:01:09+00:00","og_image":[{"url":"https:\/\/www.op-estuaires.fr\/wp-content\/uploads\/2020\/03\/AdobeStock_201193275-scaled-1-e1587025365931.jpeg","type":"","width":"","height":""}],"twitter_card":"summary_large_image","twitter_misc":{"Tiempo de lectura":"2 minutos"},"schema":{"@context":"https:\/\/schema.org","@graph":[{"@type":"WebPage","@id":"https:\/\/www.op-estuaires.fr\/de\/teledeclaration-des-captures\/","url":"https:\/\/www.op-estuaires.fr\/de\/teledeclaration-des-captures\/","name":"T\u00e9l\u00e9d\u00e9claration des captures","isPartOf":{"@id":"https:\/\/www.op-estuaires.fr\/#website"},"primaryImageOfPage":{"@id":"https:\/\/www.op-estuaires.fr\/de\/teledeclaration-des-captures\/#primaryimage"},"image":{"@id":"https:\/\/www.op-estuaires.fr\/de\/teledeclaration-des-captures\/#primaryimage"},"thumbnailUrl":"https:\/\/www.op-estuaires.fr\/wp-content\/uploads\/2020\/03\/AdobeStock_201193275-scaled-1-e1587025365931.jpeg","datePublished":"2020-04-16T09:35:17+00:00","dateModified":"2025-02-17T14:01:09+00:00","breadcrumb":{"@id":"https:\/\/www.op-estuaires.fr\/de\/teledeclaration-des-captures\/#breadcrumb"},"inLanguage":"es","potentialAction":[{"@type":"ReadAction","target":["https:\/\/www.op-estuaires.fr\/de\/teledeclaration-des-captures\/"]}]},{"@type":"ImageObject","inLanguage":"es","@id":"https:\/\/www.op-estuaires.fr\/de\/teledeclaration-des-captures\/#primaryimage","url":"https:\/\/www.op-estuaires.fr\/wp-content\/uploads\/2020\/03\/AdobeStock_201193275-scaled-1-e1587025365931.jpeg","contentUrl":"https:\/\/www.op-estuaires.fr\/wp-content\/uploads\/2020\/03\/AdobeStock_201193275-scaled-1-e1587025365931.jpeg"},{"@type":"BreadcrumbList","@id":"https:\/\/www.op-estuaires.fr\/de\/teledeclaration-des-captures\/#breadcrumb","itemListElement":[{"@type":"ListItem","position":1,"name":"Accueil","item":"https:\/\/www.op-estuaires.fr\/"},{"@type":"ListItem","position":2,"name":"T\u00e9l\u00e9d\u00e9claration des captures"}]},{"@type":"WebSite","@id":"https:\/\/www.op-estuaires.fr\/#website","url":"https:\/\/www.op-estuaires.fr\/","name":"OP Estuaires","description":"L&#039;Organisation de producteurs Estuaires","potentialAction":[{"@type":"SearchAction","target":{"@type":"EntryPoint","urlTemplate":"https:\/\/www.op-estuaires.fr\/?s={search_term_string}"},"query-input":{"@type":"PropertyValueSpecification","valueRequired":true,"valueName":"search_term_string"}}],"inLanguage":"es"}]}},"_links":{"self":[{"href":"https:\/\/www.op-estuaires.fr\/es\/wp-json\/wp\/v2\/pages\/2004","targetHints":{"allow":["GET"]}}],"collection":[{"href":"https:\/\/www.op-estuaires.fr\/es\/wp-json\/wp\/v2\/pages"}],"about":[{"href":"https:\/\/www.op-estuaires.fr\/es\/wp-json\/wp\/v2\/types\/page"}],"author":[{"embeddable":true,"href":"https:\/\/www.op-estuaires.fr\/es\/wp-json\/wp\/v2\/users\/3"}],"replies":[{"embeddable":true,"href":"https:\/\/www.op-estuaires.fr\/es\/wp-json\/wp\/v2\/comments?post=2004"}],"version-history":[{"count":161,"href":"https:\/\/www.op-estuaires.fr\/es\/wp-json\/wp\/v2\/pages\/2004\/revisions"}],"predecessor-version":[{"id":4370,"href":"https:\/\/www.op-estuaires.fr\/es\/wp-json\/wp\/v2\/pages\/2004\/revisions\/4370"}],"wp:attachment":[{"href":"https:\/\/www.op-estuaires.fr\/es\/wp-json\/wp\/v2\/media?parent=2004"}],"curies":[{"name":"wp","href":"https:\/\/api.w.org\/{rel}","templated":true}]}}