{"id":28,"date":"2018-04-30T15:56:34","date_gmt":"2018-04-30T13:56:34","guid":{"rendered":"http:\/\/localhost\/educat\/?page_id=28"},"modified":"2025-02-18T10:47:29","modified_gmt":"2025-02-18T09:47:29","slug":"home","status":"publish","type":"page","link":"https:\/\/www.op-estuaires.fr\/es\/","title":{"rendered":"OP Estuaires &#8211; L&#8217;Organisation de producteurs Estuaires"},"content":{"rendered":"<div id='av_section_1'  class='avia-section av-3rcpg-4f566fcee316f3356718a956e1402aac main_color avia-section-default avia-no-border-styling  avia-builder-el-0  el_before_av_section  avia-builder-el-first  fullwdthslider avia-bg-style-scroll container_wrap fullsize'  ><div class='container av-section-cont-open' ><main  role=\"main\" itemprop=\"mainContentOfPage\"  class='template-page content  av-content-full alpha units'><div class='post-entry post-entry-type-page post-entry-28'><div class='entry-content-wrapper clearfix'>\n<div  class='flex_column av-b6yc-64618d9751218f0d1ddac83ee6c1b2bc av_one_full  avia-builder-el-1  avia-builder-el-no-sibling  first flex_column_div'     ><div  class='avia-content-slider-element-container av-m796wuh2-8e7dc032d8da8c44d01478429c03e660 avia-content-slider-element-slider avia-content-slider avia-smallarrow-slider avia-content-slider-active avia-content-slider-odd  avia-builder-el-2  avia-builder-el-no-sibling  av-slideshow-ui av-control-default av-nav-arrows-visible av-nav-dots-visible av-no-slider-navigation av-slideshow-manual av-loop-once av-loop-manual-endless avia-content-slider1' data-slideshow-options=\"{&quot;animation&quot;:&quot;slide&quot;,&quot;autoplay&quot;:false,&quot;loop_autoplay&quot;:&quot;once&quot;,&quot;interval&quot;:5,&quot;loop_manual&quot;:&quot;manual-endless&quot;,&quot;autoplay_stopper&quot;:false,&quot;noNavigation&quot;:false,&quot;bg_slider&quot;:false,&quot;keep_padding&quot;:&quot;&quot;,&quot;hoverpause&quot;:false,&quot;show_slide_delay&quot;:30}\"><div class='avia-smallarrow-slider-heading  no-content-slider-heading'><div class='new-special-heading'>&nbsp;<\/div><div class='avia-slideshow-arrows avia-slideshow-controls' ><a href='#prev' class='prev-slide' aria-hidden='true' data-av_icon='\ue87c' data-av_iconfont='entypo-fontello'  tabindex='-1'>Anterior<\/a><a href='#next' class='next-slide' aria-hidden='true' data-av_icon='\ue87d' data-av_iconfont='entypo-fontello'  tabindex='-1'>Posterior<\/a><\/div><\/div><div class=\"avia-content-slider-inner\"><div class=\"slide-entry-wrap\"><section class='slide-entry av-2id14-a514189fba58b8be72b1f45658629b64 flex_column av_fullwidth post-entry slide-entry-overview slide-loop-1 slide-parity-odd  first'  itemscope=\"itemscope\" itemtype=\"https:\/\/schema.org\/CreativeWork\" ><div class='slide-entry-title entry-title nodisplaytitle'  itemprop=\"headline\" >Slide 1<\/div><div class='slide-entry-excerpt entry-content'  itemprop=\"text\" ><div class=\"imgbg\"><img decoding=\"async\" src=\"https:\/\/www.op-estuaires.fr\/wp-content\/uploads\/2020\/01\/AdobeStock_201193275-scaled.jpeg\" \/><\/div>\n<div class=\"slidercontent\">\n<h2 class=\"title1\">NUESTROS PROYECTOS<\/h2>\n<p class=\"sub-title\">Asegurar el ejercicio racional de la pesca y<br \/>\nmejorar las condiciones de venta de nuestros miembros<\/p>\n<div class=\"banner-readmore\"><a class=\"button-default\" href=\"https:\/\/www.op-estuaires.fr\/es\/op-estuaires\/\">M\u00c1S INFORMACI\u00d3N<\/a><\/div>\n<\/div>\n<\/div><\/section><\/div><div class=\"slide-entry-wrap\"><section class='slide-entry av-25pxs-a7e4517fb35d931d8e959d7ad69a24ce flex_column av_fullwidth post-entry slide-entry-overview slide-loop-2 slide-parity-odd  post-entry-last  first'  itemscope=\"itemscope\" itemtype=\"https:\/\/schema.org\/CreativeWork\" ><h3 class='slide-entry-title entry-title nodisplaytitle'  itemprop=\"headline\" >Slide 2<\/h3><div class='slide-entry-excerpt entry-content'  itemprop=\"text\" ><div class=\"imgbg\"><img decoding=\"async\" src=\"https:\/\/www.op-estuaires.fr\/wp-content\/uploads\/2020\/04\/DSC_7144_copyright-d\u00e9calage-Y-40-X-5_taille10.jpg\" \/><\/div>\n<div class=\"slidercontent\">\n<h2 class=\"title1\">NUESTRAS ACTUALIDAD<\/h2>\n<p class=\"sub-title\">B\u00fascanos novedades pinchando en el siguiente enlace<\/p>\n<div class=\"banner-readmore\"><a class=\"button-default\" href=\"https:\/\/www.op-estuaires.fr\/es\/actualites\/\">M\u00c1S INFORMACI\u00d3N<\/a><\/div>\n<\/div>\n<\/div><\/section><\/div><\/div><\/div><\/div><\/div><\/div><\/main><!-- close content main element --><\/div><\/div>\n<style type=\"text\/css\" data-created_by=\"avia_inline_auto\" id=\"style-css-av-m7a9osrb-3011cd7e24f74f4db5142e6cec343994\">\n.avia-section.av-m7a9osrb-3011cd7e24f74f4db5142e6cec343994{\nbackground-color:#212d57;\nbackground-image:unset;\n}\n<\/style>\n<div id='av_section_2'  class='avia-section av-m7a9osrb-3011cd7e24f74f4db5142e6cec343994 main_color avia-section-default avia-no-border-styling  avia-builder-el-3  el_after_av_section  el_before_av_section  homeqsn avia-bg-style-scroll container_wrap fullsize'  ><div class='container av-section-cont-open' ><div class='template-page content  av-content-full alpha units'><div class='post-entry post-entry-type-page post-entry-28'><div class='entry-content-wrapper clearfix'>\n<div  class='flex_column av-av_one_full-cab6cb91e42b24d4f503cdabdc5ed6e0 av_one_full  avia-builder-el-4  avia-builder-el-no-sibling  first flex_column_div'     ><section  class='av_textblock_section av-m7a9n1yi-7448de3e7c6ffb3f313915ed74abcd32'   itemscope=\"itemscope\" itemtype=\"https:\/\/schema.org\/CreativeWork\" ><div class='avia_textblock'  itemprop=\"text\" ><h2 style=\"text-align: center;\">\u00bfQUE SOMOS?<\/h2>\n<\/div><\/section><br \/>\n<section  class='av_textblock_section av-m7a9nj9v-920860fe60ced08d3a5ed0d343443624'   itemscope=\"itemscope\" itemtype=\"https:\/\/schema.org\/CreativeWork\" ><div class='avia_textblock'  itemprop=\"text\" ><p>Establecida en Cordemais, la Organizaci\u00f3n de Productores (OP) Estuaires fue creada en 2013 por los pescadores de angulas de los Pa\u00edses del Loira para hacer frente a los importantes cambios que ha experimentado el mercado de la angula.\u00a0<a href=\"https:\/\/www.op-estuaires.fr\/es\/missions\/\">Tiene como misi\u00f3n<\/a>\u00a0garantizar el ejercicio racional de la pesca y la mejora de las condiciones de venta de sus miembros.<\/p>\n<div class=\"centerbutton\"><a class=\"kc_button\" title=\"\" href=\"https:\/\/www.op-estuaires.fr\/es\/op-estuaires\/\" target=\"_self\">M\u00c1S INFORMACI\u00d3N<\/a><\/div>\n<\/div><\/section><\/p><\/div><\/div><\/div><\/div><!-- close content main div --><\/div><\/div>\n<style type=\"text\/css\" data-created_by=\"avia_inline_auto\" id=\"style-css-av-m7a96b9r-75a16af491f5eb7ae8d6ee515ce57b34\">\n.avia-section.av-m7a96b9r-75a16af491f5eb7ae8d6ee515ce57b34{\nbackground-repeat:no-repeat;\nbackground-image:url(https:\/\/www.op-estuaires.fr\/wp-content\/uploads\/2020\/01\/AdobeStock_201193275-scaled.jpeg);\nbackground-position:0% 0%;\nbackground-attachment:scroll;\n}\n.avia-section.av-m7a96b9r-75a16af491f5eb7ae8d6ee515ce57b34 .av-section-color-overlay{\nopacity:0.8;\nbackground-color:#ffffff;\n}\n<\/style>\n<div id='av_section_3'  class='avia-section av-m7a96b9r-75a16af491f5eb7ae8d6ee515ce57b34 main_color avia-section-default avia-no-border-styling  avia-builder-el-7  el_after_av_section  el_before_av_section  homepartchiffre avia-bg-style-scroll av-section-color-overlay-active container_wrap fullsize'  data-section-bg-repeat='no-repeat'><div class=\"av-section-color-overlay-wrap\"><div class=\"av-section-color-overlay\"><\/div><div class='container av-section-cont-open' ><div class='template-page content  av-content-full alpha units'><div class='post-entry post-entry-type-page post-entry-28'><div class='entry-content-wrapper clearfix'>\n<div  class='flex_column av-av_one_full-cab6cb91e42b24d4f503cdabdc5ed6e0 av_one_full  avia-builder-el-8  avia-builder-el-no-sibling  first flex_column_div'     ><section  class='av_textblock_section av-m7a96055-3e53e692866a7c731bc899fa1d21027b'   itemscope=\"itemscope\" itemtype=\"https:\/\/schema.org\/CreativeWork\" ><div class='avia_textblock'  itemprop=\"text\" ><h2>LA OP ESTUAIRES<br>EN ALGUNAS CIFRAS<\/h2>\n<div class=\"homechiffct\">\n<div class=\"element\">\n<div class=\"translation-block\">Fecha de <br>creaci\u00f3n<\/div>\n<div>2013<\/div>\n<\/div>\n<div class=\"element\">\n<div>Nombre de p\u00eacheurs<br \/>\nde civelles<\/div>\n<div>146<\/div>\n<\/div>\n<\/div>\n<\/div><\/section><\/div><\/div><\/div><\/div><!-- close content main div --><\/div><\/div><\/div>\n<style type=\"text\/css\" data-created_by=\"avia_inline_auto\" id=\"style-css-av-m7a88rmv-ee6e35f203dc24b39d00809a7745a0f8\">\n.avia-section.av-m7a88rmv-ee6e35f203dc24b39d00809a7745a0f8{\nbackground-color:#017499;\nbackground-image:unset;\n}\n<\/style>\n<div id='av_section_4'  class='avia-section av-m7a88rmv-ee6e35f203dc24b39d00809a7745a0f8 main_color avia-section-default avia-no-border-styling  avia-builder-el-10  el_after_av_section  avia-builder-el-last  avia-bg-style-scroll container_wrap fullsize'  ><div class='container av-section-cont-open' ><div class='template-page content  av-content-full alpha units'><div class='post-entry post-entry-type-page post-entry-28'><div class='entry-content-wrapper clearfix'>\n\n<style type=\"text\/css\" data-created_by=\"avia_inline_auto\" id=\"style-css-av-m7a88xu7-53f0670ea43c49191fec7a87693a5d73\">\n#top .flex_column.av-m7a88xu7-53f0670ea43c49191fec7a87693a5d73{\nmargin-top:50px;\nmargin-bottom:100px;\n}\n.responsive #top #wrap_all .flex_column.av-m7a88xu7-53f0670ea43c49191fec7a87693a5d73{\nmargin-top:50px;\nmargin-bottom:100px;\n}\n<\/style>\n<div  class='flex_column av-m7a88xu7-53f0670ea43c49191fec7a87693a5d73 av_one_full  avia-builder-el-11  avia-builder-el-no-sibling  first flex_column_div'     ><section  class='av_textblock_section av-m7a8898z-3b9532734ed77c1a71b45564e94ad2e4'   itemscope=\"itemscope\" itemtype=\"https:\/\/schema.org\/CreativeWork\" ><div class='avia_textblock homelastpart'  itemprop=\"text\" ><h2 style=\"text-align: center;\">NUESTROS PROYECTOS<\/h2>\n<p style=\"text-align: center;\">Los pescadores c\u00edvicos de la UGA LCV obtienen una cuarta parte de su facturaci\u00f3n anual gracias a las anguilas cristal. Debido a su fuerte dependencia de este recurso, los profesionales del Loira juegan un papel impulsor en la sostenibilidad y el desarrollo de este sector. <a href=\"https:\/\/www.op-estuaires.fr\/es\/op-estuaires\/\">La OP Estuaires<\/a> por ello ha liderado o participado en una serie de proyectos dentro de la UGA LCV orientados a promover la pr\u00e1ctica de la pesca sostenible y valorizar la producci\u00f3n de sus miembros, algunos de los cuales se han extendido a nivel nacional.<br \/>\nTodos los estudios posteriores han sido posibles gracias a la implicaci\u00f3n de los profesionales, al apoyo financiero de la Regi\u00f3n Pa\u00edses del Loira y a la creaci\u00f3n de asociaciones t\u00e9cnicas y cient\u00edficas.<\/p>\n<div class=\"centerbutton\" style=\"text-align: center;\"><a class=\"kc_button\" title=\"\" href=\"https:\/\/www.op-estuaires.fr\/es\/les-projets\/\" target=\"_self\">M\u00c1S INFORMACI\u00d3N<\/a><\/div>\n<\/div><\/section><\/div>\n<\/p>","protected":false},"excerpt":{"rendered":"","protected":false},"author":3,"featured_media":0,"parent":0,"menu_order":0,"comment_status":"closed","ping_status":"closed","template":"","meta":{"footnotes":""},"class_list":["post-28","page","type-page","status-publish","hentry"],"yoast_head":"<!-- This site is optimized with the Yoast SEO plugin v24.5 - https:\/\/yoast.com\/wordpress\/plugins\/seo\/ -->\n<title>OP Estuaires - L&#039;Organisation de producteurs Estuaires<\/title>\n<meta name=\"robots\" content=\"index, follow, max-snippet:-1, max-image-preview:large, max-video-preview:-1\" \/>\n<link rel=\"canonical\" href=\"https:\/\/www.op-estuaires.fr\/es\/\" \/>\n<meta property=\"og:locale\" content=\"es_ES\" \/>\n<meta property=\"og:type\" content=\"article\" \/>\n<meta property=\"og:title\" content=\"OP Estuaires - L&#039;Organisation de producteurs Estuaires\" \/>\n<meta property=\"og:url\" content=\"https:\/\/www.op-estuaires.fr\/es\/\" \/>\n<meta property=\"og:site_name\" content=\"OP Estuaires\" \/>\n<meta property=\"article:modified_time\" content=\"2025-02-18T09:47:29+00:00\" \/>\n<meta property=\"og:image\" content=\"https:\/\/www.op-estuaires.fr\/wp-content\/uploads\/2020\/01\/AdobeStock_201193275-scaled.jpeg\" \/>\n<meta name=\"twitter:card\" content=\"summary_large_image\" \/>\n<meta name=\"twitter:label1\" content=\"Tiempo de lectura\" \/>\n\t<meta name=\"twitter:data1\" content=\"2 minutos\" \/>\n<script type=\"application\/ld+json\" class=\"yoast-schema-graph\">{\"@context\":\"https:\/\/schema.org\",\"@graph\":[{\"@type\":\"WebPage\",\"@id\":\"https:\/\/www.op-estuaires.fr\/\",\"url\":\"https:\/\/www.op-estuaires.fr\/\",\"name\":\"OP Estuaires - L'Organisation de producteurs Estuaires\",\"isPartOf\":{\"@id\":\"https:\/\/www.op-estuaires.fr\/#website\"},\"primaryImageOfPage\":{\"@id\":\"https:\/\/www.op-estuaires.fr\/#primaryimage\"},\"image\":{\"@id\":\"https:\/\/www.op-estuaires.fr\/#primaryimage\"},\"thumbnailUrl\":\"https:\/\/www.op-estuaires.fr\/wp-content\/uploads\/2020\/01\/AdobeStock_201193275-scaled.jpeg\",\"datePublished\":\"2018-04-30T13:56:34+00:00\",\"dateModified\":\"2025-02-18T09:47:29+00:00\",\"breadcrumb\":{\"@id\":\"https:\/\/www.op-estuaires.fr\/#breadcrumb\"},\"inLanguage\":\"es\",\"potentialAction\":[{\"@type\":\"ReadAction\",\"target\":[\"https:\/\/www.op-estuaires.fr\/\"]}]},{\"@type\":\"ImageObject\",\"inLanguage\":\"es\",\"@id\":\"https:\/\/www.op-estuaires.fr\/#primaryimage\",\"url\":\"https:\/\/www.op-estuaires.fr\/wp-content\/uploads\/2020\/01\/AdobeStock_201193275-scaled.jpeg\",\"contentUrl\":\"https:\/\/www.op-estuaires.fr\/wp-content\/uploads\/2020\/01\/AdobeStock_201193275-scaled.jpeg\"},{\"@type\":\"BreadcrumbList\",\"@id\":\"https:\/\/www.op-estuaires.fr\/#breadcrumb\",\"itemListElement\":[{\"@type\":\"ListItem\",\"position\":1,\"name\":\"Accueil\",\"item\":\"https:\/\/www.op-estuaires.fr\/\"},{\"@type\":\"ListItem\",\"position\":2,\"name\":\"OP Estuaires &#8211; L&#8217;Organisation de producteurs Estuaires\"}]},{\"@type\":\"WebSite\",\"@id\":\"https:\/\/www.op-estuaires.fr\/#website\",\"url\":\"https:\/\/www.op-estuaires.fr\/\",\"name\":\"OP Estuaires\",\"description\":\"L&#039;Organisation de producteurs Estuaires\",\"potentialAction\":[{\"@type\":\"SearchAction\",\"target\":{\"@type\":\"EntryPoint\",\"urlTemplate\":\"https:\/\/www.op-estuaires.fr\/?s={search_term_string}\"},\"query-input\":{\"@type\":\"PropertyValueSpecification\",\"valueRequired\":true,\"valueName\":\"search_term_string\"}}],\"inLanguage\":\"es\"}]}<\/script>\n<!-- \/ Yoast SEO plugin. -->","yoast_head_json":{"title":"OP Estuaires - L'Organisation de producteurs Estuaires","robots":{"index":"index","follow":"follow","max-snippet":"max-snippet:-1","max-image-preview":"max-image-preview:large","max-video-preview":"max-video-preview:-1"},"canonical":"https:\/\/www.op-estuaires.fr\/es\/","og_locale":"es_ES","og_type":"article","og_title":"OP Estuaires - L'Organisation de producteurs Estuaires","og_url":"https:\/\/www.op-estuaires.fr\/es\/","og_site_name":"OP Estuaires","article_modified_time":"2025-02-18T09:47:29+00:00","og_image":[{"url":"https:\/\/www.op-estuaires.fr\/wp-content\/uploads\/2020\/01\/AdobeStock_201193275-scaled.jpeg","type":"","width":"","height":""}],"twitter_card":"summary_large_image","twitter_misc":{"Tiempo de lectura":"2 minutos"},"schema":{"@context":"https:\/\/schema.org","@graph":[{"@type":"WebPage","@id":"https:\/\/www.op-estuaires.fr\/","url":"https:\/\/www.op-estuaires.fr\/","name":"OP Estuaires - L'Organisation de producteurs Estuaires","isPartOf":{"@id":"https:\/\/www.op-estuaires.fr\/#website"},"primaryImageOfPage":{"@id":"https:\/\/www.op-estuaires.fr\/#primaryimage"},"image":{"@id":"https:\/\/www.op-estuaires.fr\/#primaryimage"},"thumbnailUrl":"https:\/\/www.op-estuaires.fr\/wp-content\/uploads\/2020\/01\/AdobeStock_201193275-scaled.jpeg","datePublished":"2018-04-30T13:56:34+00:00","dateModified":"2025-02-18T09:47:29+00:00","breadcrumb":{"@id":"https:\/\/www.op-estuaires.fr\/#breadcrumb"},"inLanguage":"es","potentialAction":[{"@type":"ReadAction","target":["https:\/\/www.op-estuaires.fr\/"]}]},{"@type":"ImageObject","inLanguage":"es","@id":"https:\/\/www.op-estuaires.fr\/#primaryimage","url":"https:\/\/www.op-estuaires.fr\/wp-content\/uploads\/2020\/01\/AdobeStock_201193275-scaled.jpeg","contentUrl":"https:\/\/www.op-estuaires.fr\/wp-content\/uploads\/2020\/01\/AdobeStock_201193275-scaled.jpeg"},{"@type":"BreadcrumbList","@id":"https:\/\/www.op-estuaires.fr\/#breadcrumb","itemListElement":[{"@type":"ListItem","position":1,"name":"Accueil","item":"https:\/\/www.op-estuaires.fr\/"},{"@type":"ListItem","position":2,"name":"OP Estuaires &#8211; L&#8217;Organisation de producteurs Estuaires"}]},{"@type":"WebSite","@id":"https:\/\/www.op-estuaires.fr\/#website","url":"https:\/\/www.op-estuaires.fr\/","name":"OP Estuaires","description":"L&#039;Organisation de producteurs Estuaires","potentialAction":[{"@type":"SearchAction","target":{"@type":"EntryPoint","urlTemplate":"https:\/\/www.op-estuaires.fr\/?s={search_term_string}"},"query-input":{"@type":"PropertyValueSpecification","valueRequired":true,"valueName":"search_term_string"}}],"inLanguage":"es"}]}},"_links":{"self":[{"href":"https:\/\/www.op-estuaires.fr\/es\/wp-json\/wp\/v2\/pages\/28","targetHints":{"allow":["GET"]}}],"collection":[{"href":"https:\/\/www.op-estuaires.fr\/es\/wp-json\/wp\/v2\/pages"}],"about":[{"href":"https:\/\/www.op-estuaires.fr\/es\/wp-json\/wp\/v2\/types\/page"}],"author":[{"embeddable":true,"href":"https:\/\/www.op-estuaires.fr\/es\/wp-json\/wp\/v2\/users\/3"}],"replies":[{"embeddable":true,"href":"https:\/\/www.op-estuaires.fr\/es\/wp-json\/wp\/v2\/comments?post=28"}],"version-history":[{"count":518,"href":"https:\/\/www.op-estuaires.fr\/es\/wp-json\/wp\/v2\/pages\/28\/revisions"}],"predecessor-version":[{"id":4420,"href":"https:\/\/www.op-estuaires.fr\/es\/wp-json\/wp\/v2\/pages\/28\/revisions\/4420"}],"wp:attachment":[{"href":"https:\/\/www.op-estuaires.fr\/es\/wp-json\/wp\/v2\/media?parent=28"}],"curies":[{"name":"wp","href":"https:\/\/api.w.org\/{rel}","templated":true}]}}