{"id":609,"date":"2019-12-02T15:23:12","date_gmt":"2019-12-02T14:23:12","guid":{"rendered":"http:\/\/https:\/\/op-estuaires.fr\/?page_id=609"},"modified":"2025-02-17T14:50:25","modified_gmt":"2025-02-17T13:50:25","slug":"la-civelle","status":"publish","type":"page","link":"https:\/\/www.op-estuaires.fr\/es\/op-estuaires\/la-civelle\/","title":{"rendered":"La p\u00eacherie civeli\u00e8re"},"content":{"rendered":"<div id='av_section_1'  class='avia-section av-av_section-ead7872a6199d9872a6fed09789ee080 main_color avia-section-default avia-no-border-styling  avia-builder-el-0  avia-builder-el-no-sibling  avia-bg-style-scroll container_wrap fullsize'  ><div class='container av-section-cont-open' ><main  role=\"main\" itemprop=\"mainContentOfPage\"  class='template-page content  av-content-full alpha units'><div class='post-entry post-entry-type-page post-entry-609'><div class='entry-content-wrapper clearfix'>\n<div  class='flex_column av-av_one_full-cab6cb91e42b24d4f503cdabdc5ed6e0 av_one_full  avia-builder-el-1  el_before_av_one_fifth  avia-builder-el-first  first flex_column_div'     ><section  class='av_textblock_section av-m793ph9l-77acd83a068f0738ffea778cc0f4643f'   itemscope=\"itemscope\" itemtype=\"https:\/\/schema.org\/CreativeWork\" ><div class='avia_textblock'  itemprop=\"text\" ><style type=\"text\/css\">@media only screen and (min-width: 1000px) and (max-width: 5000px){body.kc-css-system .kc-css-4137197{width: 9.4%;}body.kc-css-system .kc-css-2276559{width: 80.35%;}body.kc-css-system .kc-css-1819473{width: 10.23%;}}body.kc-css-system .kc-css-4131489{text-align: center;}<\/style>\n<section class=\"kc-elm kc-css-2556167 kc_row\">\n<div class=\"kc-row-container kc-container\">\n<div class=\"kc-wrap-columns\">\n<div class=\"kc-elm kc-css-1336067 kc_col-sm-12 kc_column kc_col-sm-12\">\n<div class=\"kc-col-container\">\n<div class=\"kc-elm kc-css-3652419 kc-title-wrap\">\n<h2 class=\"kc_title\">L&#8217;anguille europ\u00e9enne<\/h2>\n<\/div>\n<div class=\"kc-elm kc-css-4261585 kc_text_block\">\n<h3 class=\"kc_title\">\u00bfQu\u00e9 es la angula?<\/h3>\n<p>La angula es una de las fases de desarrollo de la anguila europea (Anguilla anguilla).<br \/>\nAl nacer, la larva planct\u00f3nica, tambi\u00e9n denominada larva leptoc\u00e9fala, se encuentra en el mar de los Sargazos, frente a Am\u00e9rica del Norte. Despu\u00e9s, se deja llevar por la Corriente del Golfo y sufre sus primeras metamorfosis hasta convertirse en angula. Despu\u00e9s de 6.000 km, la corriente la lleva a las costas del norte de \u00c1frica y Europa. La angula se introduce en un estuario en busca de un h\u00e1bitat favorable para su desarrollo. En nuestros r\u00edos, comienza a alimentarse, se convierte en juvenil y, despu\u00e9s, en \u201canguila amarilla\u201d. Cuando la anguila est\u00e1 lista para reproducirse en el Mar de los Sargazos, se metamorfosea en una \u201canguila plateada\u201d (o anguila de migraci\u00f3n r\u00edo abajo). Se convierte en adulta al final de la migraci\u00f3n de retorno, a una edad que var\u00eda entre unos pocos a\u00f1os y varias decenas, seg\u00fan el individuo y su sexo.<\/p>\n<\/div>\n<div class=\"kc-elm kc-css-4131489 kc_shortcode kc_single_image\">\n<p><img decoding=\"async\" class=\"\" src=\"https:\/\/www.op-estuaires.fr\/wp-content\/uploads\/2019\/12\/Capture-d\u2019e\u0301cran-2019-12-09-a\u0300-17.17.43.png\" alt=\"\" \/><\/p>\n<\/div>\n<div class=\"kc-elm kc-css-1883186\" style=\"height: 40px; clear: both; width: 100%;\"><\/div>\n<div class=\"kc-elm kc-css-611835 kc_text_block\">\n<h3 class=\"kc_title\" style=\"text-align: left;\">La pesquer\u00eda de angulas en Francia<\/h3>\n<\/div>\n<div class=\"kc-elm kc-css-1028847 kc_text_block\">\n<p>El per\u00edodo de pesca de angula dura 5 meses. No obstante, este per\u00edodo se desplaza seg\u00fan los estuarios para corresponder al esquema de migraci\u00f3n sur\/norte de la angula a lo largo de las costas. Dentro de la <a href=\"https:\/\/www.op-estuaires.fr\/es\/plan-de-gestion-anguille\/\">l&#8217;UGA LCV<\/a> la pesca est\u00e1 autorizada del 1 de diciembre al 30 de abril, siempre y cuando que no se alcance antes la cuota. Tiene lugar principalmente de noche.<br \/>\nFrancia es el principal productor de angulas con cerca del 65% de la producci\u00f3n europea, por delante del Reino Unido, Espa\u00f1a y Portugal.<br \/>\nLa pesquer\u00eda de angulas es una actividad alternativa para los barcos de menos de 12 m, m\u00e1s generalmente de menos de 10 m, que no pueden hacer frente a las dif\u00edciles condiciones del mar en invierno.<br \/>\nPara la pesca de la angula, los barcos remolcan tamices (diferentes seg\u00fan los estuarios), a una velocidad de entre 0,5 y 4 nudos, en arrastres de 5 a 15 minutos. Durante la estancia en mar, las angulas se conservan a bordo en un vivero.<\/p>\n<\/div>\n<\/div>\n<\/div>\n<\/div>\n<\/div>\n<\/section>\n<section class=\"kc-elm kc-css-412558 kc_row\">\n<div class=\"kc-row-container kc-container\">\n<div class=\"kc-wrap-columns\">\n<div class=\"kc-elm kc-css-1819473 kc_col-sm-1 kc_column kc_col-sm-1\">\n<div class=\"kc-col-container\"><\/div>\n<\/div>\n<\/div>\n<\/div>\n<\/section>\n<\/div><\/section><\/div>\n<style type=\"text\/css\" data-created_by=\"avia_inline_auto\" id=\"style-css-av-m7944r4v-2eb5d290c22d7906e204df0c6794d86b\">\n#top .flex_column.av-m7944r4v-2eb5d290c22d7906e204df0c6794d86b{\nmargin-top:0px;\nmargin-bottom:50px;\n}\n.responsive #top #wrap_all .flex_column.av-m7944r4v-2eb5d290c22d7906e204df0c6794d86b{\nmargin-top:0px;\nmargin-bottom:50px;\n}\n<\/style>\n<div  class='flex_column av-m7944r4v-2eb5d290c22d7906e204df0c6794d86b av_one_fifth  avia-builder-el-3  el_after_av_one_full  el_before_av_three_fifth  first flex_column_div  column-top-margin'     ><\/div>\n<style type=\"text\/css\" data-created_by=\"avia_inline_auto\" id=\"style-css-av-av_three_fifth-5ebb9248fb9c120f6665341cb151d4ce\">\n#top .flex_column.av-av_three_fifth-5ebb9248fb9c120f6665341cb151d4ce{\nmargin-top:0px;\nmargin-bottom:50px;\n}\n.responsive #top #wrap_all .flex_column.av-av_three_fifth-5ebb9248fb9c120f6665341cb151d4ce{\nmargin-top:0px;\nmargin-bottom:50px;\n}\n<\/style>\n<div  class='flex_column av-av_three_fifth-5ebb9248fb9c120f6665341cb151d4ce av_three_fifth  avia-builder-el-4  el_after_av_one_fifth  el_before_av_one_fifth  flex_column_div  column-top-margin'     ><div  class='avia-slideshow av-m7942hin-0f89e76ee703c67f60eee5602a78c3fb avia-slideshow-featured_large av_slideshow avia-slide-slider  avia-builder-el-5  avia-builder-el-no-sibling  av-slideshow-ui av-control-default av-slideshow-manual av-loop-once av-loop-manual-endless av-default-height-applied avia-slideshow-1' data-slideshow-options=\"{&quot;animation&quot;:&quot;slide&quot;,&quot;autoplay&quot;:false,&quot;loop_autoplay&quot;:&quot;once&quot;,&quot;interval&quot;:5,&quot;loop_manual&quot;:&quot;manual-endless&quot;,&quot;autoplay_stopper&quot;:false,&quot;noNavigation&quot;:false,&quot;bg_slider&quot;:false,&quot;keep_padding&quot;:false,&quot;hoverpause&quot;:false,&quot;show_slide_delay&quot;:0}\"  itemprop=\"image\" itemscope=\"itemscope\" itemtype=\"https:\/\/schema.org\/ImageObject\" ><ul class='avia-slideshow-inner' style='padding-bottom: 66.666666666667%;'><li  class='avia-slideshow-slide av-m7942hin-0f89e76ee703c67f60eee5602a78c3fb__0  slide-1 slide-odd'><div data-rel='slideshow-1' class='avia-slide-wrap'   ><img decoding=\"async\" fetchpriority=\"high\" class=\"wp-image-3512 avia-img-lazy-loading-not-3512\"  src=\"https:\/\/www.op-estuaires.fr\/wp-content\/uploads\/2022\/06\/L-DSC_7565_copyright.jpg\" width=\"945\" height=\"630\" title='L-DSC_7565_copyright' alt=''  itemprop=\"thumbnailUrl\" srcset=\"https:\/\/www.op-estuaires.fr\/wp-content\/uploads\/2022\/06\/L-DSC_7565_copyright.jpg 1275w, https:\/\/www.op-estuaires.fr\/wp-content\/uploads\/2022\/06\/L-DSC_7565_copyright-300x200.jpg 300w, https:\/\/www.op-estuaires.fr\/wp-content\/uploads\/2022\/06\/L-DSC_7565_copyright-1024x683.jpg 1024w, https:\/\/www.op-estuaires.fr\/wp-content\/uploads\/2022\/06\/L-DSC_7565_copyright-768x512.jpg 768w\" sizes=\"(max-width: 945px) 100vw, 945px\" \/><\/div><\/li><li  class='avia-slideshow-slide av-m7942hin-0f89e76ee703c67f60eee5602a78c3fb__1  slide-2 slide-even'><div data-rel='slideshow-1' class='avia-slide-wrap'   ><img decoding=\"async\" fetchpriority=\"high\" class=\"wp-image-3511 avia-img-lazy-loading-not-3511\"  src=\"https:\/\/www.op-estuaires.fr\/wp-content\/uploads\/2022\/06\/L-DSC_7531_copyright.jpg\" width=\"945\" height=\"630\" title='L-DSC_7531_copyright' alt=''  itemprop=\"thumbnailUrl\" srcset=\"https:\/\/www.op-estuaires.fr\/wp-content\/uploads\/2022\/06\/L-DSC_7531_copyright.jpg 1275w, https:\/\/www.op-estuaires.fr\/wp-content\/uploads\/2022\/06\/L-DSC_7531_copyright-300x200.jpg 300w, https:\/\/www.op-estuaires.fr\/wp-content\/uploads\/2022\/06\/L-DSC_7531_copyright-1024x683.jpg 1024w, https:\/\/www.op-estuaires.fr\/wp-content\/uploads\/2022\/06\/L-DSC_7531_copyright-768x512.jpg 768w\" sizes=\"(max-width: 945px) 100vw, 945px\" \/><\/div><\/li><li  class='avia-slideshow-slide av-m7942hin-0f89e76ee703c67f60eee5602a78c3fb__2  slide-3 slide-odd'><div data-rel='slideshow-1' class='avia-slide-wrap'   ><img decoding=\"async\" fetchpriority=\"high\" class=\"wp-image-3510 avia-img-lazy-loading-not-3510\"  src=\"https:\/\/www.op-estuaires.fr\/wp-content\/uploads\/2022\/06\/L-DSC_7486_copyright.jpg\" width=\"945\" height=\"630\" title='L-DSC_7486_copyright' alt=''  itemprop=\"thumbnailUrl\" srcset=\"https:\/\/www.op-estuaires.fr\/wp-content\/uploads\/2022\/06\/L-DSC_7486_copyright.jpg 1275w, https:\/\/www.op-estuaires.fr\/wp-content\/uploads\/2022\/06\/L-DSC_7486_copyright-300x200.jpg 300w, https:\/\/www.op-estuaires.fr\/wp-content\/uploads\/2022\/06\/L-DSC_7486_copyright-1024x683.jpg 1024w, https:\/\/www.op-estuaires.fr\/wp-content\/uploads\/2022\/06\/L-DSC_7486_copyright-768x512.jpg 768w\" sizes=\"(max-width: 945px) 100vw, 945px\" \/><\/div><\/li><li  class='avia-slideshow-slide av-m7942hin-0f89e76ee703c67f60eee5602a78c3fb__3  slide-4 slide-even'><div data-rel='slideshow-1' class='avia-slide-wrap'   ><img decoding=\"async\" fetchpriority=\"high\" class=\"wp-image-3509 avia-img-lazy-loading-not-3509\"  src=\"https:\/\/www.op-estuaires.fr\/wp-content\/uploads\/2022\/06\/L-BAL_6027_copyright.jpg\" width=\"946\" height=\"630\" title='L-BAL_6027_copyright' alt=''  itemprop=\"thumbnailUrl\" srcset=\"https:\/\/www.op-estuaires.fr\/wp-content\/uploads\/2022\/06\/L-BAL_6027_copyright.jpg 1277w, https:\/\/www.op-estuaires.fr\/wp-content\/uploads\/2022\/06\/L-BAL_6027_copyright-300x200.jpg 300w, https:\/\/www.op-estuaires.fr\/wp-content\/uploads\/2022\/06\/L-BAL_6027_copyright-1024x682.jpg 1024w, https:\/\/www.op-estuaires.fr\/wp-content\/uploads\/2022\/06\/L-BAL_6027_copyright-768x511.jpg 768w\" sizes=\"(max-width: 946px) 100vw, 946px\" \/><\/div><\/li><li  class='avia-slideshow-slide av-m7942hin-0f89e76ee703c67f60eee5602a78c3fb__4  slide-5 slide-odd'><div data-rel='slideshow-1' class='avia-slide-wrap'   ><img decoding=\"async\" fetchpriority=\"high\" class=\"wp-image-3516 avia-img-lazy-loading-not-3516\"  src=\"https:\/\/www.op-estuaires.fr\/wp-content\/uploads\/2022\/06\/L-civelle-coueron-13_copyright.jpg\" width=\"945\" height=\"630\" title='L-civelle coueron (13)_copyright' alt=''  itemprop=\"thumbnailUrl\" srcset=\"https:\/\/www.op-estuaires.fr\/wp-content\/uploads\/2022\/06\/L-civelle-coueron-13_copyright.jpg 1275w, https:\/\/www.op-estuaires.fr\/wp-content\/uploads\/2022\/06\/L-civelle-coueron-13_copyright-300x200.jpg 300w, https:\/\/www.op-estuaires.fr\/wp-content\/uploads\/2022\/06\/L-civelle-coueron-13_copyright-1024x683.jpg 1024w, https:\/\/www.op-estuaires.fr\/wp-content\/uploads\/2022\/06\/L-civelle-coueron-13_copyright-768x512.jpg 768w\" sizes=\"(max-width: 945px) 100vw, 945px\" \/><\/div><\/li><li  class='avia-slideshow-slide av-m7942hin-0f89e76ee703c67f60eee5602a78c3fb__5  slide-6 slide-even'><div data-rel='slideshow-1' class='avia-slide-wrap'   ><img decoding=\"async\" fetchpriority=\"high\" class=\"wp-image-3458 avia-img-lazy-loading-not-3458\"  src=\"https:\/\/www.op-estuaires.fr\/wp-content\/uploads\/2022\/06\/civelle-coueron-37_18.jpg\" width=\"945\" height=\"630\" title='civelle coueron (37)_18' alt=''  itemprop=\"thumbnailUrl\" srcset=\"https:\/\/www.op-estuaires.fr\/wp-content\/uploads\/2022\/06\/civelle-coueron-37_18.jpg 1275w, https:\/\/www.op-estuaires.fr\/wp-content\/uploads\/2022\/06\/civelle-coueron-37_18-300x200.jpg 300w, https:\/\/www.op-estuaires.fr\/wp-content\/uploads\/2022\/06\/civelle-coueron-37_18-1024x683.jpg 1024w, https:\/\/www.op-estuaires.fr\/wp-content\/uploads\/2022\/06\/civelle-coueron-37_18-768x512.jpg 768w\" sizes=\"(max-width: 945px) 100vw, 945px\" \/><\/div><\/li><li  class='avia-slideshow-slide av-m7942hin-0f89e76ee703c67f60eee5602a78c3fb__6  slide-7 slide-odd'><div data-rel='slideshow-1' class='avia-slide-wrap'   ><img decoding=\"async\" fetchpriority=\"high\" class=\"wp-image-3667 avia-img-lazy-loading-not-3667\"  src=\"https:\/\/www.op-estuaires.fr\/wp-content\/uploads\/2022\/06\/peche-civelle001_copyright.jpg\" width=\"945\" height=\"630\" title='peche civelle001_copyright' alt=''  itemprop=\"thumbnailUrl\" srcset=\"https:\/\/www.op-estuaires.fr\/wp-content\/uploads\/2022\/06\/peche-civelle001_copyright.jpg 1275w, https:\/\/www.op-estuaires.fr\/wp-content\/uploads\/2022\/06\/peche-civelle001_copyright-300x200.jpg 300w, https:\/\/www.op-estuaires.fr\/wp-content\/uploads\/2022\/06\/peche-civelle001_copyright-1024x683.jpg 1024w, https:\/\/www.op-estuaires.fr\/wp-content\/uploads\/2022\/06\/peche-civelle001_copyright-768x512.jpg 768w\" sizes=\"(max-width: 945px) 100vw, 945px\" \/><\/div><\/li><li  class='avia-slideshow-slide av-m7942hin-0f89e76ee703c67f60eee5602a78c3fb__7  slide-8 slide-even'><div data-rel='slideshow-1' class='avia-slide-wrap'   ><img decoding=\"async\" fetchpriority=\"high\" class=\"wp-image-1968 avia-img-lazy-loading-not-1968\"  src=\"https:\/\/www.op-estuaires.fr\/wp-content\/uploads\/2020\/03\/dsBuffer-e1585234972534.jpg\" width=\"922\" height=\"630\" title='dsBuffer' alt=''  itemprop=\"thumbnailUrl\"   \/><\/div><\/li><li  class='avia-slideshow-slide av-m7942hin-0f89e76ee703c67f60eee5602a78c3fb__8  slide-9 slide-odd'><div data-rel='slideshow-1' class='avia-slide-wrap'   ><img decoding=\"async\" fetchpriority=\"high\" class=\"wp-image-2553 avia-img-lazy-loading-not-2553\"  src=\"https:\/\/www.op-estuaires.fr\/wp-content\/uploads\/2020\/04\/Yann.png\" width=\"1057\" height=\"630\" title='Yann' alt=''  itemprop=\"thumbnailUrl\" srcset=\"https:\/\/www.op-estuaires.fr\/wp-content\/uploads\/2020\/04\/Yann.png 1070w, https:\/\/www.op-estuaires.fr\/wp-content\/uploads\/2020\/04\/Yann-300x179.png 300w, https:\/\/www.op-estuaires.fr\/wp-content\/uploads\/2020\/04\/Yann-1024x611.png 1024w, https:\/\/www.op-estuaires.fr\/wp-content\/uploads\/2020\/04\/Yann-768x458.png 768w\" sizes=\"(max-width: 1057px) 100vw, 1057px\" \/><\/div><\/li><li  class='avia-slideshow-slide av-m7942hin-0f89e76ee703c67f60eee5602a78c3fb__9  slide-10 slide-even'><div data-rel='slideshow-1' class='avia-slide-wrap'   ><img decoding=\"async\" fetchpriority=\"high\" class=\"wp-image-1646 avia-img-lazy-loading-not-1646\"  src=\"https:\/\/www.op-estuaires.fr\/wp-content\/uploads\/2020\/03\/les-projets-eric-journel.png\" width=\"662\" height=\"497\" title='les-projets-eric-journel' alt=''  itemprop=\"thumbnailUrl\" srcset=\"https:\/\/www.op-estuaires.fr\/wp-content\/uploads\/2020\/03\/les-projets-eric-journel.png 662w, https:\/\/www.op-estuaires.fr\/wp-content\/uploads\/2020\/03\/les-projets-eric-journel-300x225.png 300w\" sizes=\"(max-width: 662px) 100vw, 662px\" \/><\/div><\/li><li  class='avia-slideshow-slide av-m7942hin-0f89e76ee703c67f60eee5602a78c3fb__10  slide-11 slide-odd'><div data-rel='slideshow-1' class='avia-slide-wrap'   ><img decoding=\"async\" fetchpriority=\"high\" class=\"wp-image-1760 avia-img-lazy-loading-not-1760\"  src=\"https:\/\/www.op-estuaires.fr\/wp-content\/uploads\/2020\/03\/la-civelle.png\" width=\"545\" height=\"410\" title='la-civelle' alt=''  itemprop=\"thumbnailUrl\" srcset=\"https:\/\/www.op-estuaires.fr\/wp-content\/uploads\/2020\/03\/la-civelle.png 545w, https:\/\/www.op-estuaires.fr\/wp-content\/uploads\/2020\/03\/la-civelle-300x226.png 300w\" sizes=\"(max-width: 545px) 100vw, 545px\" \/><\/div><\/li><li  class='avia-slideshow-slide av-m7942hin-0f89e76ee703c67f60eee5602a78c3fb__11  slide-12 slide-even'><div data-rel='slideshow-1' class='avia-slide-wrap'   ><img decoding=\"async\" fetchpriority=\"high\" class=\"wp-image-1758 avia-img-lazy-loading-not-1758\"  src=\"https:\/\/www.op-estuaires.fr\/wp-content\/uploads\/2020\/03\/la-civelle-2.png\" width=\"327\" height=\"410\" title='la-civelle-2' alt=''  itemprop=\"thumbnailUrl\" srcset=\"https:\/\/www.op-estuaires.fr\/wp-content\/uploads\/2020\/03\/la-civelle-2.png 327w, https:\/\/www.op-estuaires.fr\/wp-content\/uploads\/2020\/03\/la-civelle-2-239x300.png 239w\" sizes=\"(max-width: 327px) 100vw, 327px\" \/><\/div><\/li><li  class='avia-slideshow-slide av-m7942hin-0f89e76ee703c67f60eee5602a78c3fb__12  slide-13 slide-odd'><div data-rel='slideshow-1' class='avia-slide-wrap'   ><img decoding=\"async\" fetchpriority=\"high\" class=\"wp-image-1692 avia-img-lazy-loading-not-1692\"  src=\"https:\/\/www.op-estuaires.fr\/wp-content\/uploads\/2020\/03\/reglementation-1-e1585910851642.png\" width=\"564\" height=\"275\" title='reglementation-1' alt=''  itemprop=\"thumbnailUrl\" srcset=\"https:\/\/www.op-estuaires.fr\/wp-content\/uploads\/2020\/03\/reglementation-1-e1585910851642.png 564w, https:\/\/www.op-estuaires.fr\/wp-content\/uploads\/2020\/03\/reglementation-1-e1585910851642-300x146.png 300w\" sizes=\"(max-width: 564px) 100vw, 564px\" \/><\/div><\/li><\/ul><div class='avia-slideshow-arrows avia-slideshow-controls' ><a href='#prev' class='prev-slide' aria-hidden='true' data-av_icon='\ue87c' data-av_iconfont='entypo-fontello'  tabindex='-1'>Anterior<\/a><a href='#next' class='next-slide' aria-hidden='true' data-av_icon='\ue87d' data-av_iconfont='entypo-fontello'  tabindex='-1'>Posterior<\/a><\/div><div class='avia-slideshow-dots avia-slideshow-controls'><a href='#1' class='goto-slide active' >1<\/a><a href='#2' class='goto-slide' >2<\/a><a href='#3' class='goto-slide' >3<\/a><a href='#4' class='goto-slide' >4<\/a><a href='#5' class='goto-slide' >5<\/a><a href='#6' class='goto-slide' >6<\/a><a href='#7' class='goto-slide' >7<\/a><a href='#8' class='goto-slide' >8<\/a><a href='#9' class='goto-slide' >9<\/a><a href='#10' class='goto-slide' >10<\/a><a href='#11' class='goto-slide' >11<\/a><a href='#12' class='goto-slide' >12<\/a><a href='#13' class='goto-slide' >13<\/a><\/div><\/div><\/div>\n<style type=\"text\/css\" data-created_by=\"avia_inline_auto\" id=\"style-css-av-av_one_fifth-5ebb9248fb9c120f6665341cb151d4ce\">\n#top .flex_column.av-av_one_fifth-5ebb9248fb9c120f6665341cb151d4ce{\nmargin-top:0px;\nmargin-bottom:50px;\n}\n.responsive #top #wrap_all .flex_column.av-av_one_fifth-5ebb9248fb9c120f6665341cb151d4ce{\nmargin-top:0px;\nmargin-bottom:50px;\n}\n<\/style>\n<div  class='flex_column av-av_one_fifth-5ebb9248fb9c120f6665341cb151d4ce av_one_fifth  avia-builder-el-6  el_after_av_three_fifth  avia-builder-el-last  flex_column_div  column-top-margin'     ><\/div>","protected":false},"excerpt":{"rendered":"","protected":false},"author":3,"featured_media":0,"parent":581,"menu_order":0,"comment_status":"closed","ping_status":"closed","template":"","meta":{"footnotes":""},"class_list":["post-609","page","type-page","status-publish","hentry"],"yoast_head":"<!-- This site is optimized with the Yoast SEO plugin v24.5 - https:\/\/yoast.com\/wordpress\/plugins\/seo\/ -->\n<title>La p\u00eacherie civeli\u00e8re<\/title>\n<meta name=\"robots\" content=\"index, follow, max-snippet:-1, max-image-preview:large, max-video-preview:-1\" \/>\n<link rel=\"canonical\" href=\"https:\/\/www.op-estuaires.fr\/es\/op-estuaires\/la-civelle\/\" \/>\n<meta property=\"og:locale\" content=\"es_ES\" \/>\n<meta property=\"og:type\" content=\"article\" \/>\n<meta property=\"og:title\" content=\"La p\u00eacherie civeli\u00e8re\" \/>\n<meta property=\"og:url\" content=\"https:\/\/www.op-estuaires.fr\/es\/op-estuaires\/la-civelle\/\" \/>\n<meta property=\"og:site_name\" content=\"OP Estuaires\" \/>\n<meta property=\"article:modified_time\" content=\"2025-02-17T13:50:25+00:00\" \/>\n<meta name=\"twitter:card\" content=\"summary_large_image\" \/>\n<meta name=\"twitter:label1\" content=\"Tiempo de lectura\" \/>\n\t<meta name=\"twitter:data1\" content=\"5 minutos\" \/>\n<script type=\"application\/ld+json\" class=\"yoast-schema-graph\">{\"@context\":\"https:\/\/schema.org\",\"@graph\":[{\"@type\":\"WebPage\",\"@id\":\"https:\/\/www.op-estuaires.fr\/de\/op-estuaires\/la-civelle\/\",\"url\":\"https:\/\/www.op-estuaires.fr\/de\/op-estuaires\/la-civelle\/\",\"name\":\"La p\u00eacherie civeli\u00e8re\",\"isPartOf\":{\"@id\":\"https:\/\/www.op-estuaires.fr\/#website\"},\"datePublished\":\"2019-12-02T14:23:12+00:00\",\"dateModified\":\"2025-02-17T13:50:25+00:00\",\"breadcrumb\":{\"@id\":\"https:\/\/www.op-estuaires.fr\/de\/op-estuaires\/la-civelle\/#breadcrumb\"},\"inLanguage\":\"es\",\"potentialAction\":[{\"@type\":\"ReadAction\",\"target\":[\"https:\/\/www.op-estuaires.fr\/de\/op-estuaires\/la-civelle\/\"]}]},{\"@type\":\"BreadcrumbList\",\"@id\":\"https:\/\/www.op-estuaires.fr\/de\/op-estuaires\/la-civelle\/#breadcrumb\",\"itemListElement\":[{\"@type\":\"ListItem\",\"position\":1,\"name\":\"Accueil\",\"item\":\"https:\/\/www.op-estuaires.fr\/\"},{\"@type\":\"ListItem\",\"position\":2,\"name\":\"L&#8217;OP Estuaires\",\"item\":\"https:\/\/www.op-estuaires.fr\/de\/op-estuaires\/\"},{\"@type\":\"ListItem\",\"position\":3,\"name\":\"La p\u00eacherie civeli\u00e8re\"}]},{\"@type\":\"WebSite\",\"@id\":\"https:\/\/www.op-estuaires.fr\/#website\",\"url\":\"https:\/\/www.op-estuaires.fr\/\",\"name\":\"OP Estuaires\",\"description\":\"L&#039;Organisation de producteurs Estuaires\",\"potentialAction\":[{\"@type\":\"SearchAction\",\"target\":{\"@type\":\"EntryPoint\",\"urlTemplate\":\"https:\/\/www.op-estuaires.fr\/?s={search_term_string}\"},\"query-input\":{\"@type\":\"PropertyValueSpecification\",\"valueRequired\":true,\"valueName\":\"search_term_string\"}}],\"inLanguage\":\"es\"}]}<\/script>\n<!-- \/ Yoast SEO plugin. -->","yoast_head_json":{"title":"La p\u00eacherie civeli\u00e8re","robots":{"index":"index","follow":"follow","max-snippet":"max-snippet:-1","max-image-preview":"max-image-preview:large","max-video-preview":"max-video-preview:-1"},"canonical":"https:\/\/www.op-estuaires.fr\/es\/op-estuaires\/la-civelle\/","og_locale":"es_ES","og_type":"article","og_title":"La p\u00eacherie civeli\u00e8re","og_url":"https:\/\/www.op-estuaires.fr\/es\/op-estuaires\/la-civelle\/","og_site_name":"OP Estuaires","article_modified_time":"2025-02-17T13:50:25+00:00","twitter_card":"summary_large_image","twitter_misc":{"Tiempo de lectura":"5 minutos"},"schema":{"@context":"https:\/\/schema.org","@graph":[{"@type":"WebPage","@id":"https:\/\/www.op-estuaires.fr\/de\/op-estuaires\/la-civelle\/","url":"https:\/\/www.op-estuaires.fr\/de\/op-estuaires\/la-civelle\/","name":"La p\u00eacherie civeli\u00e8re","isPartOf":{"@id":"https:\/\/www.op-estuaires.fr\/#website"},"datePublished":"2019-12-02T14:23:12+00:00","dateModified":"2025-02-17T13:50:25+00:00","breadcrumb":{"@id":"https:\/\/www.op-estuaires.fr\/de\/op-estuaires\/la-civelle\/#breadcrumb"},"inLanguage":"es","potentialAction":[{"@type":"ReadAction","target":["https:\/\/www.op-estuaires.fr\/de\/op-estuaires\/la-civelle\/"]}]},{"@type":"BreadcrumbList","@id":"https:\/\/www.op-estuaires.fr\/de\/op-estuaires\/la-civelle\/#breadcrumb","itemListElement":[{"@type":"ListItem","position":1,"name":"Accueil","item":"https:\/\/www.op-estuaires.fr\/"},{"@type":"ListItem","position":2,"name":"L&#8217;OP Estuaires","item":"https:\/\/www.op-estuaires.fr\/de\/op-estuaires\/"},{"@type":"ListItem","position":3,"name":"La p\u00eacherie civeli\u00e8re"}]},{"@type":"WebSite","@id":"https:\/\/www.op-estuaires.fr\/#website","url":"https:\/\/www.op-estuaires.fr\/","name":"OP Estuaires","description":"L&#039;Organisation de producteurs Estuaires","potentialAction":[{"@type":"SearchAction","target":{"@type":"EntryPoint","urlTemplate":"https:\/\/www.op-estuaires.fr\/?s={search_term_string}"},"query-input":{"@type":"PropertyValueSpecification","valueRequired":true,"valueName":"search_term_string"}}],"inLanguage":"es"}]}},"_links":{"self":[{"href":"https:\/\/www.op-estuaires.fr\/es\/wp-json\/wp\/v2\/pages\/609","targetHints":{"allow":["GET"]}}],"collection":[{"href":"https:\/\/www.op-estuaires.fr\/es\/wp-json\/wp\/v2\/pages"}],"about":[{"href":"https:\/\/www.op-estuaires.fr\/es\/wp-json\/wp\/v2\/types\/page"}],"author":[{"embeddable":true,"href":"https:\/\/www.op-estuaires.fr\/es\/wp-json\/wp\/v2\/users\/3"}],"replies":[{"embeddable":true,"href":"https:\/\/www.op-estuaires.fr\/es\/wp-json\/wp\/v2\/comments?post=609"}],"version-history":[{"count":281,"href":"https:\/\/www.op-estuaires.fr\/es\/wp-json\/wp\/v2\/pages\/609\/revisions"}],"predecessor-version":[{"id":4358,"href":"https:\/\/www.op-estuaires.fr\/es\/wp-json\/wp\/v2\/pages\/609\/revisions\/4358"}],"up":[{"embeddable":true,"href":"https:\/\/www.op-estuaires.fr\/es\/wp-json\/wp\/v2\/pages\/581"}],"wp:attachment":[{"href":"https:\/\/www.op-estuaires.fr\/es\/wp-json\/wp\/v2\/media?parent=609"}],"curies":[{"name":"wp","href":"https:\/\/api.w.org\/{rel}","templated":true}]}}