{"id":615,"date":"2019-12-02T15:24:00","date_gmt":"2019-12-02T14:24:00","guid":{"rendered":"http:\/\/https:\/\/op-estuaires.fr\/?page_id=615"},"modified":"2025-02-17T15:12:16","modified_gmt":"2025-02-17T14:12:16","slug":"cites","status":"publish","type":"page","link":"https:\/\/www.op-estuaires.fr\/es\/reglementation\/cites\/","title":{"rendered":"CITES"},"content":{"rendered":"<div id='av_section_1'  class='avia-section av-av_section-ead7872a6199d9872a6fed09789ee080 main_color avia-section-default avia-no-border-styling  avia-builder-el-0  avia-builder-el-no-sibling  avia-bg-style-scroll container_wrap fullsize'  ><div class='container av-section-cont-open' ><main  role=\"main\" itemprop=\"mainContentOfPage\"  class='template-page content  av-content-full alpha units'><div class='post-entry post-entry-type-page post-entry-615'><div class='entry-content-wrapper clearfix'>\n\n<style type=\"text\/css\" data-created_by=\"avia_inline_auto\" id=\"style-css-av-m794wvjp-732efe9bb155c905b9f73b89e4a7c899\">\n#top .flex_column.av-m794wvjp-732efe9bb155c905b9f73b89e4a7c899{\nmargin-top:50px;\nmargin-bottom:80px;\n}\n.responsive #top #wrap_all .flex_column.av-m794wvjp-732efe9bb155c905b9f73b89e4a7c899{\nmargin-top:50px;\nmargin-bottom:80px;\n}\n<\/style>\n<div  class='flex_column av-m794wvjp-732efe9bb155c905b9f73b89e4a7c899 av_one_full  avia-builder-el-1  avia-builder-el-no-sibling  first flex_column_div'     ><section  class='av_textblock_section av-av_textblock-e922ac7a79e5b93445cc9340ffe5d92f'   itemscope=\"itemscope\" itemtype=\"https:\/\/schema.org\/CreativeWork\" ><div class='avia_textblock'  itemprop=\"text\" ><style type=\"text\/css\">@media only screen and (min-width: 1000px) and (max-width: 5000px){body.kc-css-system .kc-css-2224635{width: 50%;}body.kc-css-system .kc-css-3167540{width: 50%;}}body.kc-css-system .kc-css-3571040{text-align: center;margin-top: 130px;}<\/style>\n<section class=\"kc-elm kc-css-784096 kc_row\">\n<div class=\"kc-row-container  kc-container\">\n<div class=\"kc-wrap-columns\">\n<div class=\"kc-elm kc-css-2084948 kc_col-sm-12 kc_column kc_col-sm-12\">\n<div class=\"kc-col-container\"><\/div>\n<\/div>\n<\/div>\n<\/div>\n<\/section>\n<section class=\"kc-elm kc-css-1324502 kc_row\">\n<div class=\"kc-row-container  kc-container\">\n<div class=\"kc-wrap-columns\">\n<div class=\"kc-elm kc-css-2224635 kc_col-sm-6 kc_column kc_col-sm-6\">\n<div class=\"kc-col-container\">\n<div class=\"kc-elm kc-css-2250658 kc_text_block\">\n<h2 class=\"kc_title\">Ap\u00e9ndice II de la CITES:<\/h2>\n<p>En marzo de 2009, la Anguila europea se incluy\u00f3 en el Ap\u00e9ndice II de la Convenci\u00f3n sobre el Comercio Internacional de Especies Amenazadas de Fauna y Flora Silvestres (CITES), tambi\u00e9n denominada Convenci\u00f3n de Washington, un acuerdo internacional entre Estados para controlar y regular el comercio internacional de algunas especies para protegerlas de la explotaci\u00f3n excesiva.<br \/>\nPara la CITES: \u201cEn el Ap\u00e9ndice II figuran especies que no est\u00e1n necesariamente amenazadas de extinci\u00f3n pero que podr\u00edan llegar a estarlo a menos que se controle estrictamente su comercio.\u201d<br \/>\nAl no haber podido demostrar que el comercio internacional de la especie no ten\u00eda un efecto perjudicial en su conservaci\u00f3n, en diciembre de 2010 el Consejo de la CITES pidi\u00f3 una cuota cero de exportaci\u00f3n fuera de la Uni\u00f3n Europea.<br \/>\nHasta que la Uni\u00f3n Europea pueda aportar pruebas de la ausencia de efectos perjudiciales del comercio internacional sobre la poblaci\u00f3n de anguilas, se mantendr\u00e1 la cuota cero de exportaci\u00f3n fuera de la Uni\u00f3n Europea.<\/p>\n<\/div>\n<\/div>\n<\/div>\n<div class=\"kc-elm kc-css-3167540 kc_col-sm-6 kc_column kc_col-sm-6\">\n<div class=\"kc-col-container\">\n<div class=\"kc-elm kc-css-3571040 kc_shortcode kc_single_image\">\n<p><img decoding=\"async\" class=\"\" src=\"https:\/\/www.op-estuaires.fr\/wp-content\/uploads\/2022\/06\/civelles-balanca-4-2.jpg\" alt=\"\" \/><\/div>\n<\/div>\n<\/div>\n<\/div>\n<\/div>\n<\/section>\n<\/div><\/section><\/div>","protected":false},"excerpt":{"rendered":"","protected":false},"author":3,"featured_media":0,"parent":583,"menu_order":0,"comment_status":"closed","ping_status":"closed","template":"","meta":{"footnotes":""},"class_list":["post-615","page","type-page","status-publish","hentry"],"yoast_head":"<!-- This site is optimized with the Yoast SEO plugin v24.5 - https:\/\/yoast.com\/wordpress\/plugins\/seo\/ -->\n<title>CITES<\/title>\n<meta name=\"robots\" content=\"index, follow, max-snippet:-1, max-image-preview:large, max-video-preview:-1\" \/>\n<link rel=\"canonical\" href=\"https:\/\/www.op-estuaires.fr\/es\/reglementation\/cites\/\" \/>\n<meta property=\"og:locale\" content=\"es_ES\" \/>\n<meta property=\"og:type\" content=\"article\" \/>\n<meta property=\"og:title\" content=\"CITES\" \/>\n<meta property=\"og:url\" content=\"https:\/\/www.op-estuaires.fr\/es\/reglementation\/cites\/\" \/>\n<meta property=\"og:site_name\" content=\"OP Estuaires\" \/>\n<meta property=\"article:modified_time\" content=\"2025-02-17T14:12:16+00:00\" \/>\n<meta property=\"og:image\" content=\"https:\/\/www.op-estuaires.fr\/wp-content\/uploads\/2022\/06\/civelles-balanca-4-2.jpg\" \/>\n<meta name=\"twitter:card\" content=\"summary_large_image\" \/>\n<meta name=\"twitter:label1\" content=\"Tiempo de lectura\" \/>\n\t<meta name=\"twitter:data1\" content=\"2 minutos\" \/>\n<script type=\"application\/ld+json\" class=\"yoast-schema-graph\">{\"@context\":\"https:\/\/schema.org\",\"@graph\":[{\"@type\":\"WebPage\",\"@id\":\"https:\/\/www.op-estuaires.fr\/de\/reglementation\/cites\/\",\"url\":\"https:\/\/www.op-estuaires.fr\/de\/reglementation\/cites\/\",\"name\":\"CITES\",\"isPartOf\":{\"@id\":\"https:\/\/www.op-estuaires.fr\/#website\"},\"primaryImageOfPage\":{\"@id\":\"https:\/\/www.op-estuaires.fr\/de\/reglementation\/cites\/#primaryimage\"},\"image\":{\"@id\":\"https:\/\/www.op-estuaires.fr\/de\/reglementation\/cites\/#primaryimage\"},\"thumbnailUrl\":\"https:\/\/www.op-estuaires.fr\/wp-content\/uploads\/2022\/06\/civelles-balanca-4-2.jpg\",\"datePublished\":\"2019-12-02T14:24:00+00:00\",\"dateModified\":\"2025-02-17T14:12:16+00:00\",\"breadcrumb\":{\"@id\":\"https:\/\/www.op-estuaires.fr\/de\/reglementation\/cites\/#breadcrumb\"},\"inLanguage\":\"es\",\"potentialAction\":[{\"@type\":\"ReadAction\",\"target\":[\"https:\/\/www.op-estuaires.fr\/de\/reglementation\/cites\/\"]}]},{\"@type\":\"ImageObject\",\"inLanguage\":\"es\",\"@id\":\"https:\/\/www.op-estuaires.fr\/de\/reglementation\/cites\/#primaryimage\",\"url\":\"https:\/\/www.op-estuaires.fr\/wp-content\/uploads\/2022\/06\/civelles-balanca-4-2.jpg\",\"contentUrl\":\"https:\/\/www.op-estuaires.fr\/wp-content\/uploads\/2022\/06\/civelles-balanca-4-2.jpg\"},{\"@type\":\"BreadcrumbList\",\"@id\":\"https:\/\/www.op-estuaires.fr\/de\/reglementation\/cites\/#breadcrumb\",\"itemListElement\":[{\"@type\":\"ListItem\",\"position\":1,\"name\":\"Accueil\",\"item\":\"https:\/\/www.op-estuaires.fr\/\"},{\"@type\":\"ListItem\",\"position\":2,\"name\":\"R\u00e9glementation\",\"item\":\"https:\/\/www.op-estuaires.fr\/nl\/reglementation\/\"},{\"@type\":\"ListItem\",\"position\":3,\"name\":\"CITES\"}]},{\"@type\":\"WebSite\",\"@id\":\"https:\/\/www.op-estuaires.fr\/#website\",\"url\":\"https:\/\/www.op-estuaires.fr\/\",\"name\":\"OP Estuaires\",\"description\":\"L&#039;Organisation de producteurs Estuaires\",\"potentialAction\":[{\"@type\":\"SearchAction\",\"target\":{\"@type\":\"EntryPoint\",\"urlTemplate\":\"https:\/\/www.op-estuaires.fr\/?s={search_term_string}\"},\"query-input\":{\"@type\":\"PropertyValueSpecification\",\"valueRequired\":true,\"valueName\":\"search_term_string\"}}],\"inLanguage\":\"es\"}]}<\/script>\n<!-- \/ Yoast SEO plugin. -->","yoast_head_json":{"title":"CITES","robots":{"index":"index","follow":"follow","max-snippet":"max-snippet:-1","max-image-preview":"max-image-preview:large","max-video-preview":"max-video-preview:-1"},"canonical":"https:\/\/www.op-estuaires.fr\/es\/reglementation\/cites\/","og_locale":"es_ES","og_type":"article","og_title":"CITES","og_url":"https:\/\/www.op-estuaires.fr\/es\/reglementation\/cites\/","og_site_name":"OP Estuaires","article_modified_time":"2025-02-17T14:12:16+00:00","og_image":[{"url":"https:\/\/www.op-estuaires.fr\/wp-content\/uploads\/2022\/06\/civelles-balanca-4-2.jpg","type":"","width":"","height":""}],"twitter_card":"summary_large_image","twitter_misc":{"Tiempo de lectura":"2 minutos"},"schema":{"@context":"https:\/\/schema.org","@graph":[{"@type":"WebPage","@id":"https:\/\/www.op-estuaires.fr\/de\/reglementation\/cites\/","url":"https:\/\/www.op-estuaires.fr\/de\/reglementation\/cites\/","name":"CITES","isPartOf":{"@id":"https:\/\/www.op-estuaires.fr\/#website"},"primaryImageOfPage":{"@id":"https:\/\/www.op-estuaires.fr\/de\/reglementation\/cites\/#primaryimage"},"image":{"@id":"https:\/\/www.op-estuaires.fr\/de\/reglementation\/cites\/#primaryimage"},"thumbnailUrl":"https:\/\/www.op-estuaires.fr\/wp-content\/uploads\/2022\/06\/civelles-balanca-4-2.jpg","datePublished":"2019-12-02T14:24:00+00:00","dateModified":"2025-02-17T14:12:16+00:00","breadcrumb":{"@id":"https:\/\/www.op-estuaires.fr\/de\/reglementation\/cites\/#breadcrumb"},"inLanguage":"es","potentialAction":[{"@type":"ReadAction","target":["https:\/\/www.op-estuaires.fr\/de\/reglementation\/cites\/"]}]},{"@type":"ImageObject","inLanguage":"es","@id":"https:\/\/www.op-estuaires.fr\/de\/reglementation\/cites\/#primaryimage","url":"https:\/\/www.op-estuaires.fr\/wp-content\/uploads\/2022\/06\/civelles-balanca-4-2.jpg","contentUrl":"https:\/\/www.op-estuaires.fr\/wp-content\/uploads\/2022\/06\/civelles-balanca-4-2.jpg"},{"@type":"BreadcrumbList","@id":"https:\/\/www.op-estuaires.fr\/de\/reglementation\/cites\/#breadcrumb","itemListElement":[{"@type":"ListItem","position":1,"name":"Accueil","item":"https:\/\/www.op-estuaires.fr\/"},{"@type":"ListItem","position":2,"name":"R\u00e9glementation","item":"https:\/\/www.op-estuaires.fr\/nl\/reglementation\/"},{"@type":"ListItem","position":3,"name":"CITES"}]},{"@type":"WebSite","@id":"https:\/\/www.op-estuaires.fr\/#website","url":"https:\/\/www.op-estuaires.fr\/","name":"OP Estuaires","description":"L&#039;Organisation de producteurs Estuaires","potentialAction":[{"@type":"SearchAction","target":{"@type":"EntryPoint","urlTemplate":"https:\/\/www.op-estuaires.fr\/?s={search_term_string}"},"query-input":{"@type":"PropertyValueSpecification","valueRequired":true,"valueName":"search_term_string"}}],"inLanguage":"es"}]}},"_links":{"self":[{"href":"https:\/\/www.op-estuaires.fr\/es\/wp-json\/wp\/v2\/pages\/615","targetHints":{"allow":["GET"]}}],"collection":[{"href":"https:\/\/www.op-estuaires.fr\/es\/wp-json\/wp\/v2\/pages"}],"about":[{"href":"https:\/\/www.op-estuaires.fr\/es\/wp-json\/wp\/v2\/types\/page"}],"author":[{"embeddable":true,"href":"https:\/\/www.op-estuaires.fr\/es\/wp-json\/wp\/v2\/users\/3"}],"replies":[{"embeddable":true,"href":"https:\/\/www.op-estuaires.fr\/es\/wp-json\/wp\/v2\/comments?post=615"}],"version-history":[{"count":51,"href":"https:\/\/www.op-estuaires.fr\/es\/wp-json\/wp\/v2\/pages\/615\/revisions"}],"predecessor-version":[{"id":4380,"href":"https:\/\/www.op-estuaires.fr\/es\/wp-json\/wp\/v2\/pages\/615\/revisions\/4380"}],"up":[{"embeddable":true,"href":"https:\/\/www.op-estuaires.fr\/es\/wp-json\/wp\/v2\/pages\/583"}],"wp:attachment":[{"href":"https:\/\/www.op-estuaires.fr\/es\/wp-json\/wp\/v2\/media?parent=615"}],"curies":[{"name":"wp","href":"https:\/\/api.w.org\/{rel}","templated":true}]}}