{"id":624,"date":"2019-12-02T15:26:22","date_gmt":"2019-12-02T14:26:22","guid":{"rendered":"http:\/\/https:\/\/op-estuaires.fr\/?page_id=624"},"modified":"2025-02-17T14:32:19","modified_gmt":"2025-02-17T13:32:19","slug":"historique","status":"publish","type":"page","link":"https:\/\/www.op-estuaires.fr\/es\/op-estuaires\/historique\/","title":{"rendered":"Rese\u00f1a hist\u00f3rica de la estructura"},"content":{"rendered":"<div id='av_section_1'  class='avia-section av-av_section-ead7872a6199d9872a6fed09789ee080 main_color avia-section-default avia-no-border-styling  avia-builder-el-0  avia-builder-el-no-sibling  avia-bg-style-scroll container_wrap fullsize'  ><div class='container av-section-cont-open' ><main  role=\"main\" itemprop=\"mainContentOfPage\"  class='template-page content  av-content-full alpha units'><div class='post-entry post-entry-type-page post-entry-624'><div class='entry-content-wrapper clearfix'>\n<div  class='flex_column av-av_one_half-cab6cb91e42b24d4f503cdabdc5ed6e0 av_one_half  avia-builder-el-1  el_before_av_one_half  avia-builder-el-first  first flex_column_div'     ><div  class='avia-slideshow av-m793fn9k-709564a5d958e5df563ea2c22a63b70d avia-slideshow-featured av_slideshow avia-slide-slider  avia-builder-el-2  avia-builder-el-no-sibling  av-slideshow-ui av-control-default av-nav-arrows-visible av-nav-dots-visible av-no-slider-navigation av-slideshow-manual av-loop-once av-loop-manual-endless av-default-height-applied avia-slideshow-1' data-slideshow-options=\"{&quot;animation&quot;:&quot;slide&quot;,&quot;autoplay&quot;:false,&quot;loop_autoplay&quot;:&quot;once&quot;,&quot;interval&quot;:5,&quot;loop_manual&quot;:&quot;manual-endless&quot;,&quot;autoplay_stopper&quot;:false,&quot;noNavigation&quot;:false,&quot;bg_slider&quot;:false,&quot;keep_padding&quot;:false,&quot;hoverpause&quot;:false,&quot;show_slide_delay&quot;:0}\"  itemprop=\"image\" itemscope=\"itemscope\" itemtype=\"https:\/\/schema.org\/ImageObject\" ><ul class='avia-slideshow-inner' style='padding-bottom: 66.666666666667%;'><li  class='avia-slideshow-slide av-m793fn9k-709564a5d958e5df563ea2c22a63b70d__0  slide-1 slide-odd'><div data-rel='slideshow-1' class='avia-slide-wrap'   ><img decoding=\"async\" fetchpriority=\"high\" class=\"wp-image-3753 avia-img-lazy-loading-not-3753\"  src=\"https:\/\/www.op-estuaires.fr\/wp-content\/uploads\/2022\/06\/civelles-balanca-22-1.jpg\" width=\"645\" height=\"430\" title='civelles balanca (22)' alt=''  itemprop=\"thumbnailUrl\" srcset=\"https:\/\/www.op-estuaires.fr\/wp-content\/uploads\/2022\/06\/civelles-balanca-22-1.jpg 1275w, https:\/\/www.op-estuaires.fr\/wp-content\/uploads\/2022\/06\/civelles-balanca-22-1-300x200.jpg 300w, https:\/\/www.op-estuaires.fr\/wp-content\/uploads\/2022\/06\/civelles-balanca-22-1-1024x683.jpg 1024w, https:\/\/www.op-estuaires.fr\/wp-content\/uploads\/2022\/06\/civelles-balanca-22-1-768x512.jpg 768w\" sizes=\"(max-width: 645px) 100vw, 645px\" \/><\/div><\/li><li  class='avia-slideshow-slide av-m793fn9k-709564a5d958e5df563ea2c22a63b70d__1  slide-2 slide-even'><div data-rel='slideshow-1' class='avia-slide-wrap'   ><img decoding=\"async\" fetchpriority=\"high\" class=\"wp-image-3987 avia-img-lazy-loading-not-3987\"  src=\"https:\/\/www.op-estuaires.fr\/wp-content\/uploads\/2022\/06\/civelles-balanca-25-3.jpg\" width=\"645\" height=\"430\" title='civelles balanca (25)' alt=''  itemprop=\"thumbnailUrl\" srcset=\"https:\/\/www.op-estuaires.fr\/wp-content\/uploads\/2022\/06\/civelles-balanca-25-3.jpg 1275w, https:\/\/www.op-estuaires.fr\/wp-content\/uploads\/2022\/06\/civelles-balanca-25-3-300x200.jpg 300w, https:\/\/www.op-estuaires.fr\/wp-content\/uploads\/2022\/06\/civelles-balanca-25-3-1024x683.jpg 1024w, https:\/\/www.op-estuaires.fr\/wp-content\/uploads\/2022\/06\/civelles-balanca-25-3-768x512.jpg 768w\" sizes=\"(max-width: 645px) 100vw, 645px\" \/><\/div><\/li><li  class='avia-slideshow-slide av-m793fn9k-709564a5d958e5df563ea2c22a63b70d__2  slide-3 slide-odd'><div data-rel='slideshow-1' class='avia-slide-wrap'   ><img decoding=\"async\" fetchpriority=\"high\" class=\"wp-image-3748 avia-img-lazy-loading-not-3748\"  src=\"https:\/\/www.op-estuaires.fr\/wp-content\/uploads\/2022\/06\/civelles-balanca-16_copyright-28.jpg\" width=\"645\" height=\"430\" title='civelles balanca (16)_copyright 28' alt=''  itemprop=\"thumbnailUrl\" srcset=\"https:\/\/www.op-estuaires.fr\/wp-content\/uploads\/2022\/06\/civelles-balanca-16_copyright-28.jpg 1275w, https:\/\/www.op-estuaires.fr\/wp-content\/uploads\/2022\/06\/civelles-balanca-16_copyright-28-300x200.jpg 300w, https:\/\/www.op-estuaires.fr\/wp-content\/uploads\/2022\/06\/civelles-balanca-16_copyright-28-1024x683.jpg 1024w, https:\/\/www.op-estuaires.fr\/wp-content\/uploads\/2022\/06\/civelles-balanca-16_copyright-28-768x512.jpg 768w\" sizes=\"(max-width: 645px) 100vw, 645px\" \/><\/div><\/li><li  class='avia-slideshow-slide av-m793fn9k-709564a5d958e5df563ea2c22a63b70d__3  slide-4 slide-even'><div data-rel='slideshow-1' class='avia-slide-wrap'   ><img decoding=\"async\" fetchpriority=\"high\" class=\"wp-image-3755 avia-img-lazy-loading-not-3755\"  src=\"https:\/\/www.op-estuaires.fr\/wp-content\/uploads\/2022\/06\/civelles-balanca-26-2.jpg\" width=\"645\" height=\"430\" title='civelles balanca (26)' alt=''  itemprop=\"thumbnailUrl\" srcset=\"https:\/\/www.op-estuaires.fr\/wp-content\/uploads\/2022\/06\/civelles-balanca-26-2.jpg 1275w, https:\/\/www.op-estuaires.fr\/wp-content\/uploads\/2022\/06\/civelles-balanca-26-2-300x200.jpg 300w, https:\/\/www.op-estuaires.fr\/wp-content\/uploads\/2022\/06\/civelles-balanca-26-2-1024x683.jpg 1024w, https:\/\/www.op-estuaires.fr\/wp-content\/uploads\/2022\/06\/civelles-balanca-26-2-768x512.jpg 768w\" sizes=\"(max-width: 645px) 100vw, 645px\" \/><\/div><\/li><li  class='avia-slideshow-slide av-m793fn9k-709564a5d958e5df563ea2c22a63b70d__4  slide-5 slide-odd'><div data-rel='slideshow-1' class='avia-slide-wrap'   ><img decoding=\"async\" fetchpriority=\"high\" class=\"wp-image-3752 avia-img-lazy-loading-not-3752\"  src=\"https:\/\/www.op-estuaires.fr\/wp-content\/uploads\/2022\/06\/civelles-balanca-17-2.jpg\" width=\"645\" height=\"430\" title='civelles balanca (17)' alt=''  itemprop=\"thumbnailUrl\" srcset=\"https:\/\/www.op-estuaires.fr\/wp-content\/uploads\/2022\/06\/civelles-balanca-17-2.jpg 1275w, https:\/\/www.op-estuaires.fr\/wp-content\/uploads\/2022\/06\/civelles-balanca-17-2-300x200.jpg 300w, https:\/\/www.op-estuaires.fr\/wp-content\/uploads\/2022\/06\/civelles-balanca-17-2-1024x683.jpg 1024w, https:\/\/www.op-estuaires.fr\/wp-content\/uploads\/2022\/06\/civelles-balanca-17-2-768x512.jpg 768w\" sizes=\"(max-width: 645px) 100vw, 645px\" \/><\/div><\/li><li  class='avia-slideshow-slide av-m793fn9k-709564a5d958e5df563ea2c22a63b70d__5  slide-6 slide-even'><div data-rel='slideshow-1' class='avia-slide-wrap'   ><img decoding=\"async\" fetchpriority=\"high\" class=\"wp-image-3701 avia-img-lazy-loading-not-3701\"  src=\"https:\/\/www.op-estuaires.fr\/wp-content\/uploads\/2022\/06\/civelles-balanca-17.jpg\" width=\"645\" height=\"430\" title='civelles balanca (17)' alt=''  itemprop=\"thumbnailUrl\" srcset=\"https:\/\/www.op-estuaires.fr\/wp-content\/uploads\/2022\/06\/civelles-balanca-17.jpg 1275w, https:\/\/www.op-estuaires.fr\/wp-content\/uploads\/2022\/06\/civelles-balanca-17-300x200.jpg 300w, https:\/\/www.op-estuaires.fr\/wp-content\/uploads\/2022\/06\/civelles-balanca-17-1024x683.jpg 1024w, https:\/\/www.op-estuaires.fr\/wp-content\/uploads\/2022\/06\/civelles-balanca-17-768x512.jpg 768w\" sizes=\"(max-width: 645px) 100vw, 645px\" \/><\/div><\/li><\/ul><div class='avia-slideshow-arrows avia-slideshow-controls' ><a href='#prev' class='prev-slide' aria-hidden='true' data-av_icon='\ue87c' data-av_iconfont='entypo-fontello'  tabindex='-1'>Anterior<\/a><a href='#next' class='next-slide' aria-hidden='true' data-av_icon='\ue87d' data-av_iconfont='entypo-fontello'  tabindex='-1'>Posterior<\/a><\/div><\/div><\/div><div  class='flex_column av-av_one_half-5ebb9248fb9c120f6665341cb151d4ce av_one_half  avia-builder-el-3  el_after_av_one_half  el_before_av_one_full  flex_column_div'     ><section  class='av_textblock_section av-m793dkcq-613e4ac52e2ac716bde1633894b4a030'   itemscope=\"itemscope\" itemtype=\"https:\/\/schema.org\/CreativeWork\" ><div class='avia_textblock'  itemprop=\"text\" ><p>Desde la segunda mitad del siglo XX,<sup>\u00e8me<\/sup> la poblaci\u00f3n de<a href=\"https:\/\/www.op-estuaires.fr\/es\/op-estuaires\/pecheries-concernees__trashed\/la-civelle\/\">Anguila europea<\/a> est\u00e1 en decadencia. En aquella \u00e9poca, los pescadores franceses profesionales y deportivos pescaban sin l\u00edmite de captura las angulas, una de las fases de desarrollo de la anguila. Dado que este pescado no se vend\u00eda en las lonjas en subastas como la mayor\u00eda de los dem\u00e1s recursos pesqueros, los productores lo comercializaban directamente a la decena de pescaderos implantados en el territorio franc\u00e9s. Las angulas vivas se destinaban casi exclusivamente al consumo humano, en forma de angulas o anguilas. El mercado asi\u00e1tico, con un precio por kilo muy elevado, era el m\u00e1s rentable.<\/p>\n<\/div><\/section><\/div><div  class='flex_column av-av_one_full-cab6cb91e42b24d4f503cdabdc5ed6e0 av_one_full  avia-builder-el-5  el_after_av_one_half  avia-builder-el-last  first flex_column_div  column-top-margin'     ><section  class='av_textblock_section av-m793b3ik-6aee69381fad91457bbd09711171f2a4'   itemscope=\"itemscope\" itemtype=\"https:\/\/schema.org\/CreativeWork\" ><div class='avia_textblock'  itemprop=\"text\" ><section class=\"kc-elm kc-css-172819 kc_row\">\n<div class=\"kc-row-container kc-container\">\n<div class=\"kc-wrap-columns\">\n<div class=\"kc-elm kc-css-1938533 kc_col-sm-12 kc_column kc_col-sm-12\">\n<div class=\"kc-col-container\">\n<div class=\"kc-elm kc-css-1600197 kc_text_block\">\n<p>Para reducir la mortalidad de origen humano, en septiembre de 2007 el Consejo de Ministros de la Uni\u00f3n Europea vot\u00f3 el <a href=\"https:\/\/www.op-estuaires.fr\/es\/reglementation\/\">Reglamento Europeo CE n\u00ba 1100\/2007<\/a>, que impone, entre otras cosas, el establecimiento de una regulaci\u00f3n de la actividad pesquera para los Estados miembros interesados, y destinar el 60% de la producci\u00f3n a operaciones de repoblaci\u00f3n de r\u00edos europeos.<\/div>\n<\/div>\n<\/div>\n<\/div>\n<\/div>\n<\/section>\n<section class=\"kc-elm kc-css-775628 kc_row\">\n<div class=\"kc-row-container kc-container\">\n<div class=\"kc-wrap-columns\">\n<div class=\"kc-elm kc-css-2390395 kc_col-sm-12 kc_column kc_col-sm-12\">\n<div class=\"kc-col-container\">\n<div class=\"kc-elm kc-css-4064684 kc_text_block\">\n<p>En el Plan de Gesti\u00f3n Anguila franc\u00e9s validado en 2010, s\u00f3lo se autoriza la pesca profesional de la especie anguila europea, con la fijaci\u00f3n de una cuota nacional de pesca, de la cual un 60% est\u00e1 destinada a la repoblaci\u00f3n y un 40% al consumo.<\/p>\n<p>Al mismo tiempo, la Anguila europea se clasific\u00f3 en el ap\u00e9ndice II de la <a href=\"https:\/\/www.op-estuaires.fr\/es\/cites\/\">CITES<\/a>, organismo que regula el comercio internacional de ejemplares de las especies incluidas en sus ap\u00e9ndices para protegerlas de la explotaci\u00f3n excesiva. En 2010, se prohibi\u00f3 la venta de angula fuera de la Uni\u00f3n Europea, privando a los pescadores del mercado con mayor demanda y m\u00e1s rentable que era Asia.<\/div>\n<\/div>\n<\/div>\n<\/div>\n<\/div>\n<\/section>\n<section class=\"kc-elm kc-css-3835035 kc_row\">\n<div class=\"kc-row-container kc-container\">\n<div class=\"kc-wrap-columns\">\n<div class=\"kc-elm kc-css-3980683 kc_col-sm-6 kc_column kc_col-sm-6\">\n<div class=\"kc-col-container\">\n<div class=\"kc-elm kc-css-872557 kc_text_block\">\n<p>Dado que la pesca de angula representa una parte significante de la actividad de los pescadores del Loira, estas normativas han tenido graves consecuencias en el mercado de la angula y en la rentabilidad de las empresas. Ante la escasez de demanda y la constante bajada de los precios, los pescadores profesionales mar\u00edtimos y fluviales de los Pa\u00edses del Loira se han movilizado con fuerza para crear una estructura cooperativa capaz de adaptar la producci\u00f3n al mercado.<\/p>\n<p class=\"translation-block\">As\u00ed es como en 2013 naci\u00f3 la <a href=\"https:\/\/www.op-estuaires.fr\/es\/op-estuaires\/\" target=\"_self\">OP Estuaires<\/a>, que agrupa a cerca de 1\/3 de los productores franceses de angula y el 40% de la cuota nacional, con el apoyo del <a href=\"http:\/\/www.corepem.fr\/\" target=\"_self\">Comit\u00e9 Regional de Pescas Mar\u00edtimas y Criaderos  Marinos de los Pa\u00edses del Loira (COREPEM). <\/a><\/div>\n<\/div>\n<\/div>\n<div class=\"kc-elm kc-css-2246335 kc_col-sm-6 kc_column kc_col-sm-6\">\n<div class=\"kc-col-container\">\n<div class=\"kc-elm kc-css-289234 kc_shortcode kc_single_image\">\n<p><img decoding=\"async\" class=\"\" src=\"https:\/\/www.op-estuaires.fr\/wp-content\/uploads\/2019\/12\/P1000505-Copie-scaled.jpg\" alt=\"\" \/><\/div>\n<\/div>\n<\/div>\n<\/div>\n<\/div>\n<\/section>\n<\/div><\/section><\/div>","protected":false},"excerpt":{"rendered":"","protected":false},"author":3,"featured_media":0,"parent":581,"menu_order":0,"comment_status":"closed","ping_status":"closed","template":"","meta":{"footnotes":""},"class_list":["post-624","page","type-page","status-publish","hentry"],"yoast_head":"<!-- This site is optimized with the Yoast SEO plugin v24.5 - https:\/\/yoast.com\/wordpress\/plugins\/seo\/ -->\n<title>Historique de la structure<\/title>\n<meta name=\"robots\" content=\"index, follow, max-snippet:-1, max-image-preview:large, max-video-preview:-1\" \/>\n<link rel=\"canonical\" href=\"https:\/\/www.op-estuaires.fr\/es\/op-estuaires\/historique\/\" \/>\n<meta property=\"og:locale\" content=\"es_ES\" \/>\n<meta property=\"og:type\" content=\"article\" \/>\n<meta property=\"og:title\" content=\"Historique de la structure\" \/>\n<meta property=\"og:url\" content=\"https:\/\/www.op-estuaires.fr\/es\/op-estuaires\/historique\/\" \/>\n<meta property=\"og:site_name\" content=\"OP Estuaires\" \/>\n<meta property=\"article:modified_time\" content=\"2025-02-17T13:32:19+00:00\" \/>\n<meta property=\"og:image\" content=\"https:\/\/www.op-estuaires.fr\/wp-content\/uploads\/2019\/12\/P1000505-Copie-scaled.jpg\" \/>\n<meta name=\"twitter:card\" content=\"summary_large_image\" \/>\n<meta name=\"twitter:label1\" content=\"Tiempo de lectura\" \/>\n\t<meta name=\"twitter:data1\" content=\"4 minutos\" \/>\n<script type=\"application\/ld+json\" class=\"yoast-schema-graph\">{\"@context\":\"https:\/\/schema.org\",\"@graph\":[{\"@type\":\"WebPage\",\"@id\":\"https:\/\/www.op-estuaires.fr\/en\/op-estuaires\/historique\/\",\"url\":\"https:\/\/www.op-estuaires.fr\/en\/op-estuaires\/historique\/\",\"name\":\"Historique de la structure\",\"isPartOf\":{\"@id\":\"https:\/\/www.op-estuaires.fr\/#website\"},\"primaryImageOfPage\":{\"@id\":\"https:\/\/www.op-estuaires.fr\/en\/op-estuaires\/historique\/#primaryimage\"},\"image\":{\"@id\":\"https:\/\/www.op-estuaires.fr\/en\/op-estuaires\/historique\/#primaryimage\"},\"thumbnailUrl\":\"https:\/\/www.op-estuaires.fr\/wp-content\/uploads\/2019\/12\/P1000505-Copie-scaled.jpg\",\"datePublished\":\"2019-12-02T14:26:22+00:00\",\"dateModified\":\"2025-02-17T13:32:19+00:00\",\"breadcrumb\":{\"@id\":\"https:\/\/www.op-estuaires.fr\/en\/op-estuaires\/historique\/#breadcrumb\"},\"inLanguage\":\"es\",\"potentialAction\":[{\"@type\":\"ReadAction\",\"target\":[\"https:\/\/www.op-estuaires.fr\/en\/op-estuaires\/historique\/\"]}]},{\"@type\":\"ImageObject\",\"inLanguage\":\"es\",\"@id\":\"https:\/\/www.op-estuaires.fr\/en\/op-estuaires\/historique\/#primaryimage\",\"url\":\"https:\/\/www.op-estuaires.fr\/wp-content\/uploads\/2019\/12\/P1000505-Copie-scaled.jpg\",\"contentUrl\":\"https:\/\/www.op-estuaires.fr\/wp-content\/uploads\/2019\/12\/P1000505-Copie-scaled.jpg\"},{\"@type\":\"BreadcrumbList\",\"@id\":\"https:\/\/www.op-estuaires.fr\/en\/op-estuaires\/historique\/#breadcrumb\",\"itemListElement\":[{\"@type\":\"ListItem\",\"position\":1,\"name\":\"Accueil\",\"item\":\"https:\/\/www.op-estuaires.fr\/\"},{\"@type\":\"ListItem\",\"position\":2,\"name\":\"L&#8217;OP Estuaires\",\"item\":\"https:\/\/www.op-estuaires.fr\/de\/op-estuaires\/\"},{\"@type\":\"ListItem\",\"position\":3,\"name\":\"Historique de la structure\"}]},{\"@type\":\"WebSite\",\"@id\":\"https:\/\/www.op-estuaires.fr\/#website\",\"url\":\"https:\/\/www.op-estuaires.fr\/\",\"name\":\"OP Estuaires\",\"description\":\"L&#039;Organisation de producteurs Estuaires\",\"potentialAction\":[{\"@type\":\"SearchAction\",\"target\":{\"@type\":\"EntryPoint\",\"urlTemplate\":\"https:\/\/www.op-estuaires.fr\/?s={search_term_string}\"},\"query-input\":{\"@type\":\"PropertyValueSpecification\",\"valueRequired\":true,\"valueName\":\"search_term_string\"}}],\"inLanguage\":\"es\"}]}<\/script>\n<!-- \/ Yoast SEO plugin. -->","yoast_head_json":{"title":"Historique de la structure","robots":{"index":"index","follow":"follow","max-snippet":"max-snippet:-1","max-image-preview":"max-image-preview:large","max-video-preview":"max-video-preview:-1"},"canonical":"https:\/\/www.op-estuaires.fr\/es\/op-estuaires\/historique\/","og_locale":"es_ES","og_type":"article","og_title":"Historique de la structure","og_url":"https:\/\/www.op-estuaires.fr\/es\/op-estuaires\/historique\/","og_site_name":"OP Estuaires","article_modified_time":"2025-02-17T13:32:19+00:00","og_image":[{"url":"https:\/\/www.op-estuaires.fr\/wp-content\/uploads\/2019\/12\/P1000505-Copie-scaled.jpg","type":"","width":"","height":""}],"twitter_card":"summary_large_image","twitter_misc":{"Tiempo de lectura":"4 minutos"},"schema":{"@context":"https:\/\/schema.org","@graph":[{"@type":"WebPage","@id":"https:\/\/www.op-estuaires.fr\/en\/op-estuaires\/historique\/","url":"https:\/\/www.op-estuaires.fr\/en\/op-estuaires\/historique\/","name":"Historique de la structure","isPartOf":{"@id":"https:\/\/www.op-estuaires.fr\/#website"},"primaryImageOfPage":{"@id":"https:\/\/www.op-estuaires.fr\/en\/op-estuaires\/historique\/#primaryimage"},"image":{"@id":"https:\/\/www.op-estuaires.fr\/en\/op-estuaires\/historique\/#primaryimage"},"thumbnailUrl":"https:\/\/www.op-estuaires.fr\/wp-content\/uploads\/2019\/12\/P1000505-Copie-scaled.jpg","datePublished":"2019-12-02T14:26:22+00:00","dateModified":"2025-02-17T13:32:19+00:00","breadcrumb":{"@id":"https:\/\/www.op-estuaires.fr\/en\/op-estuaires\/historique\/#breadcrumb"},"inLanguage":"es","potentialAction":[{"@type":"ReadAction","target":["https:\/\/www.op-estuaires.fr\/en\/op-estuaires\/historique\/"]}]},{"@type":"ImageObject","inLanguage":"es","@id":"https:\/\/www.op-estuaires.fr\/en\/op-estuaires\/historique\/#primaryimage","url":"https:\/\/www.op-estuaires.fr\/wp-content\/uploads\/2019\/12\/P1000505-Copie-scaled.jpg","contentUrl":"https:\/\/www.op-estuaires.fr\/wp-content\/uploads\/2019\/12\/P1000505-Copie-scaled.jpg"},{"@type":"BreadcrumbList","@id":"https:\/\/www.op-estuaires.fr\/en\/op-estuaires\/historique\/#breadcrumb","itemListElement":[{"@type":"ListItem","position":1,"name":"Accueil","item":"https:\/\/www.op-estuaires.fr\/"},{"@type":"ListItem","position":2,"name":"L&#8217;OP Estuaires","item":"https:\/\/www.op-estuaires.fr\/de\/op-estuaires\/"},{"@type":"ListItem","position":3,"name":"Historique de la structure"}]},{"@type":"WebSite","@id":"https:\/\/www.op-estuaires.fr\/#website","url":"https:\/\/www.op-estuaires.fr\/","name":"OP Estuaires","description":"L&#039;Organisation de producteurs Estuaires","potentialAction":[{"@type":"SearchAction","target":{"@type":"EntryPoint","urlTemplate":"https:\/\/www.op-estuaires.fr\/?s={search_term_string}"},"query-input":{"@type":"PropertyValueSpecification","valueRequired":true,"valueName":"search_term_string"}}],"inLanguage":"es"}]}},"_links":{"self":[{"href":"https:\/\/www.op-estuaires.fr\/es\/wp-json\/wp\/v2\/pages\/624","targetHints":{"allow":["GET"]}}],"collection":[{"href":"https:\/\/www.op-estuaires.fr\/es\/wp-json\/wp\/v2\/pages"}],"about":[{"href":"https:\/\/www.op-estuaires.fr\/es\/wp-json\/wp\/v2\/types\/page"}],"author":[{"embeddable":true,"href":"https:\/\/www.op-estuaires.fr\/es\/wp-json\/wp\/v2\/users\/3"}],"replies":[{"embeddable":true,"href":"https:\/\/www.op-estuaires.fr\/es\/wp-json\/wp\/v2\/comments?post=624"}],"version-history":[{"count":172,"href":"https:\/\/www.op-estuaires.fr\/es\/wp-json\/wp\/v2\/pages\/624\/revisions"}],"predecessor-version":[{"id":4350,"href":"https:\/\/www.op-estuaires.fr\/es\/wp-json\/wp\/v2\/pages\/624\/revisions\/4350"}],"up":[{"embeddable":true,"href":"https:\/\/www.op-estuaires.fr\/es\/wp-json\/wp\/v2\/pages\/581"}],"wp:attachment":[{"href":"https:\/\/www.op-estuaires.fr\/es\/wp-json\/wp\/v2\/media?parent=624"}],"curies":[{"name":"wp","href":"https:\/\/api.w.org\/{rel}","templated":true}]}}