{"id":644,"date":"2019-12-02T15:29:58","date_gmt":"2019-12-02T14:29:58","guid":{"rendered":"http:\/\/https:\/\/op-estuaires.fr\/?page_id=644"},"modified":"2025-02-17T14:59:32","modified_gmt":"2025-02-17T13:59:32","slug":"repeuplement","status":"publish","type":"page","link":"https:\/\/www.op-estuaires.fr\/es\/repeuplement\/","title":{"rendered":"repoblaci\u00f3n"},"content":{"rendered":"<div id='av_section_1'  class='avia-section av-av_section-ead7872a6199d9872a6fed09789ee080 main_color avia-section-default avia-no-border-styling  avia-builder-el-0  avia-builder-el-no-sibling  avia-bg-style-scroll container_wrap fullsize'  ><div class='container av-section-cont-open' ><main  role=\"main\" itemprop=\"mainContentOfPage\"  class='template-page content  av-content-full alpha units'><div class='post-entry post-entry-type-page post-entry-644'><div class='entry-content-wrapper clearfix'>\n<div  class='flex_column av-av_one_full-cab6cb91e42b24d4f503cdabdc5ed6e0 av_one_full  avia-builder-el-1  el_before_av_one_half  avia-builder-el-first  first flex_column_div'     ><section  class='av_textblock_section av-m794cpwf-0a1d33abaf6984228d647d67342a5acc'   itemscope=\"itemscope\" itemtype=\"https:\/\/schema.org\/CreativeWork\" ><div class='avia_textblock'  itemprop=\"text\" ><style type=\"text\/css\">@media only screen and (min-width: 1000px) and (max-width: 5000px){body.kc-css-system .kc-css-3132929{width: 50%;}body.kc-css-system .kc-css-349986{width: 50%;}body.kc-css-system .kc-css-56945{width: 50%;}body.kc-css-system .kc-css-1539260{width: 50%;}}body.kc-css-system .kc-css-1412343{text-align: center;}body.kc-css-system .kc-css-1412343 img{vertical-align: middle;}body.kc-css-system .kc-css-2008024{margin-top: 30px;}body.kc-css-system .kc-css-1126334.kc_title,body.kc-css-system .kc-css-1126334 .kc_title,body.kc-css-system .kc-css-1126334 .kc_title a.kc_title_link{text-align: center;}<\/style>\n<section class=\"kc-elm kc-css-910424 kc_row\">\n<div class=\"kc-row-container kc-container\">\n<div class=\"kc-wrap-columns\">\n<div class=\"kc-elm kc-css-3132929 kc_col-sm-6 kc_column kc_col-sm-6\">\n<div class=\"kc-col-container\">\n<div class=\"kc-elm kc-css-2562064 kc-title-wrap\">\n<h2 class=\"kc_title\">A nivel franc\u00e9s<\/h2>\n<\/div>\n<div class=\"kc-elm kc-css-955680 kc_text_block\">\n<p class=\"translation-block\">El <a href=\"https:\/\/www.op-estuaires.fr\/es\/plan-de-gestion-anguille\/\" target=\"_self\">Plan de gesti\u00f3n Anguila<\/a> franc\u00e9s, derivado del <a href=\"https:\/\/www.op-estuaires.fr\/es\/reglementation\/reglementation-anguille\/\" target=\"_self\">Reglamento Europeo CE n\u00ba 1100\/2007<\/a>, prev\u00e9 una separaci\u00f3n de las posibilidades de capturas de angulas entre el consumo (40% de la cuota) y la repoblaci\u00f3n (60%) de la cual entre el 5 y el 10% est\u00e1 reservado para la repoblaci\u00f3n francesa.<\/p>\n<p class=\"translation-block\">El objetivo del programa de repoblaci\u00f3n es contribuir a la recuperaci\u00f3n de la poblaci\u00f3n de anguilas mediante la trasferencia de <a href=\"https:\/\/www.op-estuaires.fr\/es\/la-civelle\/\" target=\"_self\">angulas<\/a>. Las angulas se extraen en sectores donde son abundantes para ser devueltas al agua en zonas identificadas como particularmente favorables para el crecimiento de la anguila, pero donde est\u00e1 subrepresentada. Implementadas seg\u00fan un protocolo cient\u00edfico, estas operaciones de repoblaci\u00f3n permiten ampliar las superficies colonizables por la anguila, reduciendo los efectos de los obst\u00e1culos a su migraci\u00f3n con el objetivo final de aumentar el n\u00famero de reproductores.<\/p>\n<p>Los proyectos de repoblaci\u00f3n en Francia se llevan a cabo en el marco de una convocatoria de proyectos anual lanzada por el Estado franc\u00e9s. La Asociaci\u00f3n para la repoblaci\u00f3n de la anguila en Francia (ARA France) act\u00faa como enlace entre los responsables nacionales y las estructuras locales (COREPEM, CDPMEM 17, etc.), encargados de los proyectos de repoblaci\u00f3n.<\/p>\n<\/div>\n<\/div>\n<\/div>\n<div class=\"kc-elm kc-css-349986 kc_col-sm-6 kc_column kc_col-sm-6\">\n<div class=\"kc-col-container\">\n<div class=\"kc-elm kc-css-3062409\" style=\"height: 20px; clear: both; width: 100%;\"><\/div>\n<div class=\"kc-elm kc-css-2908749\" style=\"height: 20px; clear: both; width: 100%;\"><\/div>\n<div class=\"kc-elm kc-css-428793\" style=\"height: 20px; clear: both; width: 100%;\"><\/div>\n<div class=\"kc-elm kc-css-2854787\" style=\"height: 20px; clear: both; width: 100%;\"><\/div>\n<div class=\"kc-elm kc-css-872379\" style=\"height: 20px; clear: both; width: 100%;\"><\/div>\n<div class=\"kc-elm kc-css-1412343 kc_shortcode kc_single_image\">\n<p><img decoding=\"async\" class=\"imageTwo-repeuplement\" src=\"https:\/\/www.op-estuaires.fr\/wp-content\/uploads\/2022\/05\/IMG_20210225_115926-scaled.jpg\" alt=\"\" \/><\/p>\n<\/div>\n<\/div>\n<\/div>\n<\/div>\n<\/div>\n<\/section>\n<\/div><\/section><\/div>\n<style type=\"text\/css\" data-created_by=\"avia_inline_auto\" id=\"style-css-av-m794g6b2-cb04f8c07a53620e3b0017ca8aefcf6d\">\n#top .flex_column.av-m794g6b2-cb04f8c07a53620e3b0017ca8aefcf6d{\nmargin-top:50px;\nmargin-bottom:70px;\n}\n.responsive #top #wrap_all .flex_column.av-m794g6b2-cb04f8c07a53620e3b0017ca8aefcf6d{\nmargin-top:50px;\nmargin-bottom:70px;\n}\n<\/style>\n<div  class='flex_column av-m794g6b2-cb04f8c07a53620e3b0017ca8aefcf6d av_one_half  avia-builder-el-3  el_after_av_one_full  el_before_av_one_half  first flex_column_div  column-top-margin'     ><div  class='avia-slideshow av-m794e41h-01702b475d310096e2fecda2c8521317 avia-slideshow-featured av_slideshow avia-slide-slider  avia-builder-el-4  avia-builder-el-no-sibling  av-slideshow-ui av-control-default av-slideshow-manual av-loop-once av-loop-manual-endless av-default-height-applied avia-slideshow-1' data-slideshow-options=\"{&quot;animation&quot;:&quot;slide&quot;,&quot;autoplay&quot;:false,&quot;loop_autoplay&quot;:&quot;once&quot;,&quot;interval&quot;:5,&quot;loop_manual&quot;:&quot;manual-endless&quot;,&quot;autoplay_stopper&quot;:false,&quot;noNavigation&quot;:false,&quot;bg_slider&quot;:false,&quot;keep_padding&quot;:false,&quot;hoverpause&quot;:false,&quot;show_slide_delay&quot;:0}\"  itemprop=\"image\" itemscope=\"itemscope\" itemtype=\"https:\/\/schema.org\/ImageObject\" ><ul class='avia-slideshow-inner' style='padding-bottom: 75.043630017452%;'><li  class='avia-slideshow-slide av-m794e41h-01702b475d310096e2fecda2c8521317__0  slide-1 slide-odd'><div data-rel='slideshow-1' class='avia-slide-wrap'   ><img decoding=\"async\" fetchpriority=\"high\" class=\"wp-image-3027 avia-img-lazy-loading-not-3027\"  src=\"https:\/\/www.op-estuaires.fr\/wp-content\/uploads\/2022\/05\/IMG_1974-scaled.jpg\" width=\"573\" height=\"430\" title='IMG_1974' alt=''  itemprop=\"thumbnailUrl\" srcset=\"https:\/\/www.op-estuaires.fr\/wp-content\/uploads\/2022\/05\/IMG_1974-scaled.jpg 2560w, https:\/\/www.op-estuaires.fr\/wp-content\/uploads\/2022\/05\/IMG_1974-300x225.jpg 300w, https:\/\/www.op-estuaires.fr\/wp-content\/uploads\/2022\/05\/IMG_1974-1024x768.jpg 1024w, https:\/\/www.op-estuaires.fr\/wp-content\/uploads\/2022\/05\/IMG_1974-768x576.jpg 768w, https:\/\/www.op-estuaires.fr\/wp-content\/uploads\/2022\/05\/IMG_1974-1536x1152.jpg 1536w, https:\/\/www.op-estuaires.fr\/wp-content\/uploads\/2022\/05\/IMG_1974-2048x1536.jpg 2048w\" sizes=\"(max-width: 573px) 100vw, 573px\" \/><\/div><\/li><li  class='avia-slideshow-slide av-m794e41h-01702b475d310096e2fecda2c8521317__1  slide-2 slide-even'><div data-rel='slideshow-1' class='avia-slide-wrap'   ><img decoding=\"async\" fetchpriority=\"high\" class=\"wp-image-3026 avia-img-lazy-loading-not-3026\"  src=\"https:\/\/www.op-estuaires.fr\/wp-content\/uploads\/2022\/05\/IMG_1978-scaled.jpg\" width=\"573\" height=\"430\" title='IMG_1978' alt=''  itemprop=\"thumbnailUrl\" srcset=\"https:\/\/www.op-estuaires.fr\/wp-content\/uploads\/2022\/05\/IMG_1978-scaled.jpg 2560w, https:\/\/www.op-estuaires.fr\/wp-content\/uploads\/2022\/05\/IMG_1978-300x225.jpg 300w, https:\/\/www.op-estuaires.fr\/wp-content\/uploads\/2022\/05\/IMG_1978-1024x768.jpg 1024w, https:\/\/www.op-estuaires.fr\/wp-content\/uploads\/2022\/05\/IMG_1978-768x576.jpg 768w, https:\/\/www.op-estuaires.fr\/wp-content\/uploads\/2022\/05\/IMG_1978-1536x1152.jpg 1536w, https:\/\/www.op-estuaires.fr\/wp-content\/uploads\/2022\/05\/IMG_1978-2048x1536.jpg 2048w\" sizes=\"(max-width: 573px) 100vw, 573px\" \/><\/div><\/li><li  class='avia-slideshow-slide av-m794e41h-01702b475d310096e2fecda2c8521317__2  slide-3 slide-odd'><div data-rel='slideshow-1' class='avia-slide-wrap'   ><img decoding=\"async\" fetchpriority=\"high\" class=\"wp-image-1772 avia-img-lazy-loading-not-1772\"  src=\"https:\/\/www.op-estuaires.fr\/wp-content\/uploads\/2020\/03\/repeuplement-image-1.png\" width=\"429\" height=\"320\" title='repeuplement-image (1)' alt=''  itemprop=\"thumbnailUrl\" srcset=\"https:\/\/www.op-estuaires.fr\/wp-content\/uploads\/2020\/03\/repeuplement-image-1.png 429w, https:\/\/www.op-estuaires.fr\/wp-content\/uploads\/2020\/03\/repeuplement-image-1-300x224.png 300w\" sizes=\"(max-width: 429px) 100vw, 429px\" \/><\/div><\/li><\/ul><div class='avia-slideshow-arrows avia-slideshow-controls' ><a href='#prev' class='prev-slide' aria-hidden='true' data-av_icon='\ue87c' data-av_iconfont='entypo-fontello'  tabindex='-1'>Anterior<\/a><a href='#next' class='next-slide' aria-hidden='true' data-av_icon='\ue87d' data-av_iconfont='entypo-fontello'  tabindex='-1'>Posterior<\/a><\/div><div class='avia-slideshow-dots avia-slideshow-controls'><a href='#1' class='goto-slide active' >1<\/a><a href='#2' class='goto-slide' >2<\/a><a href='#3' class='goto-slide' >3<\/a><\/div><\/div><\/div>\n<style type=\"text\/css\" data-created_by=\"avia_inline_auto\" id=\"style-css-av-av_one_half-5ebb9248fb9c120f6665341cb151d4ce\">\n#top .flex_column.av-av_one_half-5ebb9248fb9c120f6665341cb151d4ce{\nmargin-top:50px;\nmargin-bottom:70px;\n}\n.responsive #top #wrap_all .flex_column.av-av_one_half-5ebb9248fb9c120f6665341cb151d4ce{\nmargin-top:50px;\nmargin-bottom:70px;\n}\n<\/style>\n<div  class='flex_column av-av_one_half-5ebb9248fb9c120f6665341cb151d4ce av_one_half  avia-builder-el-5  el_after_av_one_half  avia-builder-el-last  flex_column_div  column-top-margin'     ><section  class='av_textblock_section av-m794ddgv-5a9784bc5b98c22922f296e6e1a63f8c'   itemscope=\"itemscope\" itemtype=\"https:\/\/schema.org\/CreativeWork\" ><div class='avia_textblock'  itemprop=\"text\" ><div class=\"kc-elm kc-css-577414 kc-title-wrap\">\n<h2 class=\"kc_title\" style=\"text-align: center;\">Au sein de<br \/>\nl&#8217;OP ESTUAIRES<\/h2>\n<\/div>\n<p class=\"translation-block\">Los pescadores miembros de la OP Estuaires participan en los proyectos de repoblaci\u00f3n llevados a cabo por los Comit\u00e9s de pescas mar\u00edtimas y de los criaderos marinos de la <a href=\"https:\/\/www.op-estuaires.fr\/es\/op-estuaires\/implantation\/\" target=\"_self\">UGA LCV<\/a>.<\/p>\n<p>En 2014, la OP Estuaires llev\u00f3 a cabo 3 proyectos de repoblaci\u00f3n y contribuy\u00f3 al vertido de cerca de 1 t de angulas.<\/p>\n<p class=\"translation-block\">Desde 2018, <a href=\"https:\/\/www.op-estuaires.fr\/es\/op-estuaires\/\" target=\"_self\">OP Estuaries<\/a> ha participado en proyectos de repoblaci\u00f3n francesa a trav\u00e9s de sus <a href=\"https:\/\/www.op-estuaires.fr\/es\/nos-centres-de-stockages\/\" target=\"_self\">centros de almacenamiento<\/a>.<\/p>\n<\/div><\/section><\/div>","protected":false},"excerpt":{"rendered":"","protected":false},"author":3,"featured_media":0,"parent":0,"menu_order":0,"comment_status":"closed","ping_status":"closed","template":"","meta":{"footnotes":""},"class_list":["post-644","page","type-page","status-publish","hentry"],"yoast_head":"<!-- This site is optimized with the Yoast SEO plugin v24.5 - https:\/\/yoast.com\/wordpress\/plugins\/seo\/ -->\n<title>Repeuplement<\/title>\n<meta name=\"robots\" content=\"index, follow, max-snippet:-1, max-image-preview:large, max-video-preview:-1\" \/>\n<link rel=\"canonical\" href=\"https:\/\/www.op-estuaires.fr\/es\/repeuplement\/\" \/>\n<meta property=\"og:locale\" content=\"es_ES\" \/>\n<meta property=\"og:type\" content=\"article\" \/>\n<meta property=\"og:title\" content=\"Repeuplement\" \/>\n<meta property=\"og:url\" content=\"https:\/\/www.op-estuaires.fr\/es\/repeuplement\/\" \/>\n<meta property=\"og:site_name\" content=\"OP Estuaires\" \/>\n<meta property=\"article:modified_time\" content=\"2025-02-17T13:59:32+00:00\" \/>\n<meta property=\"og:image\" content=\"https:\/\/www.op-estuaires.fr\/wp-content\/uploads\/2022\/05\/IMG_20210225_115926-scaled.jpg\" \/>\n<meta name=\"twitter:card\" content=\"summary_large_image\" \/>\n<meta name=\"twitter:label1\" content=\"Tiempo de lectura\" \/>\n\t<meta name=\"twitter:data1\" content=\"3 minutos\" \/>\n<script type=\"application\/ld+json\" class=\"yoast-schema-graph\">{\"@context\":\"https:\/\/schema.org\",\"@graph\":[{\"@type\":\"WebPage\",\"@id\":\"https:\/\/www.op-estuaires.fr\/repeuplement\/\",\"url\":\"https:\/\/www.op-estuaires.fr\/repeuplement\/\",\"name\":\"Repeuplement\",\"isPartOf\":{\"@id\":\"https:\/\/www.op-estuaires.fr\/#website\"},\"primaryImageOfPage\":{\"@id\":\"https:\/\/www.op-estuaires.fr\/repeuplement\/#primaryimage\"},\"image\":{\"@id\":\"https:\/\/www.op-estuaires.fr\/repeuplement\/#primaryimage\"},\"thumbnailUrl\":\"https:\/\/www.op-estuaires.fr\/wp-content\/uploads\/2022\/05\/IMG_20210225_115926-scaled.jpg\",\"datePublished\":\"2019-12-02T14:29:58+00:00\",\"dateModified\":\"2025-02-17T13:59:32+00:00\",\"breadcrumb\":{\"@id\":\"https:\/\/www.op-estuaires.fr\/repeuplement\/#breadcrumb\"},\"inLanguage\":\"es\",\"potentialAction\":[{\"@type\":\"ReadAction\",\"target\":[\"https:\/\/www.op-estuaires.fr\/repeuplement\/\"]}]},{\"@type\":\"ImageObject\",\"inLanguage\":\"es\",\"@id\":\"https:\/\/www.op-estuaires.fr\/repeuplement\/#primaryimage\",\"url\":\"https:\/\/www.op-estuaires.fr\/wp-content\/uploads\/2022\/05\/IMG_20210225_115926-scaled.jpg\",\"contentUrl\":\"https:\/\/www.op-estuaires.fr\/wp-content\/uploads\/2022\/05\/IMG_20210225_115926-scaled.jpg\"},{\"@type\":\"BreadcrumbList\",\"@id\":\"https:\/\/www.op-estuaires.fr\/repeuplement\/#breadcrumb\",\"itemListElement\":[{\"@type\":\"ListItem\",\"position\":1,\"name\":\"Accueil\",\"item\":\"https:\/\/www.op-estuaires.fr\/\"},{\"@type\":\"ListItem\",\"position\":2,\"name\":\"Repeuplement\"}]},{\"@type\":\"WebSite\",\"@id\":\"https:\/\/www.op-estuaires.fr\/#website\",\"url\":\"https:\/\/www.op-estuaires.fr\/\",\"name\":\"OP Estuaires\",\"description\":\"L&#039;Organisation de producteurs Estuaires\",\"potentialAction\":[{\"@type\":\"SearchAction\",\"target\":{\"@type\":\"EntryPoint\",\"urlTemplate\":\"https:\/\/www.op-estuaires.fr\/?s={search_term_string}\"},\"query-input\":{\"@type\":\"PropertyValueSpecification\",\"valueRequired\":true,\"valueName\":\"search_term_string\"}}],\"inLanguage\":\"es\"}]}<\/script>\n<!-- \/ Yoast SEO plugin. -->","yoast_head_json":{"title":"Repeuplement","robots":{"index":"index","follow":"follow","max-snippet":"max-snippet:-1","max-image-preview":"max-image-preview:large","max-video-preview":"max-video-preview:-1"},"canonical":"https:\/\/www.op-estuaires.fr\/es\/repeuplement\/","og_locale":"es_ES","og_type":"article","og_title":"Repeuplement","og_url":"https:\/\/www.op-estuaires.fr\/es\/repeuplement\/","og_site_name":"OP Estuaires","article_modified_time":"2025-02-17T13:59:32+00:00","og_image":[{"url":"https:\/\/www.op-estuaires.fr\/wp-content\/uploads\/2022\/05\/IMG_20210225_115926-scaled.jpg","type":"","width":"","height":""}],"twitter_card":"summary_large_image","twitter_misc":{"Tiempo de lectura":"3 minutos"},"schema":{"@context":"https:\/\/schema.org","@graph":[{"@type":"WebPage","@id":"https:\/\/www.op-estuaires.fr\/repeuplement\/","url":"https:\/\/www.op-estuaires.fr\/repeuplement\/","name":"Repeuplement","isPartOf":{"@id":"https:\/\/www.op-estuaires.fr\/#website"},"primaryImageOfPage":{"@id":"https:\/\/www.op-estuaires.fr\/repeuplement\/#primaryimage"},"image":{"@id":"https:\/\/www.op-estuaires.fr\/repeuplement\/#primaryimage"},"thumbnailUrl":"https:\/\/www.op-estuaires.fr\/wp-content\/uploads\/2022\/05\/IMG_20210225_115926-scaled.jpg","datePublished":"2019-12-02T14:29:58+00:00","dateModified":"2025-02-17T13:59:32+00:00","breadcrumb":{"@id":"https:\/\/www.op-estuaires.fr\/repeuplement\/#breadcrumb"},"inLanguage":"es","potentialAction":[{"@type":"ReadAction","target":["https:\/\/www.op-estuaires.fr\/repeuplement\/"]}]},{"@type":"ImageObject","inLanguage":"es","@id":"https:\/\/www.op-estuaires.fr\/repeuplement\/#primaryimage","url":"https:\/\/www.op-estuaires.fr\/wp-content\/uploads\/2022\/05\/IMG_20210225_115926-scaled.jpg","contentUrl":"https:\/\/www.op-estuaires.fr\/wp-content\/uploads\/2022\/05\/IMG_20210225_115926-scaled.jpg"},{"@type":"BreadcrumbList","@id":"https:\/\/www.op-estuaires.fr\/repeuplement\/#breadcrumb","itemListElement":[{"@type":"ListItem","position":1,"name":"Accueil","item":"https:\/\/www.op-estuaires.fr\/"},{"@type":"ListItem","position":2,"name":"Repeuplement"}]},{"@type":"WebSite","@id":"https:\/\/www.op-estuaires.fr\/#website","url":"https:\/\/www.op-estuaires.fr\/","name":"OP Estuaires","description":"L&#039;Organisation de producteurs Estuaires","potentialAction":[{"@type":"SearchAction","target":{"@type":"EntryPoint","urlTemplate":"https:\/\/www.op-estuaires.fr\/?s={search_term_string}"},"query-input":{"@type":"PropertyValueSpecification","valueRequired":true,"valueName":"search_term_string"}}],"inLanguage":"es"}]}},"_links":{"self":[{"href":"https:\/\/www.op-estuaires.fr\/es\/wp-json\/wp\/v2\/pages\/644","targetHints":{"allow":["GET"]}}],"collection":[{"href":"https:\/\/www.op-estuaires.fr\/es\/wp-json\/wp\/v2\/pages"}],"about":[{"href":"https:\/\/www.op-estuaires.fr\/es\/wp-json\/wp\/v2\/types\/page"}],"author":[{"embeddable":true,"href":"https:\/\/www.op-estuaires.fr\/es\/wp-json\/wp\/v2\/users\/3"}],"replies":[{"embeddable":true,"href":"https:\/\/www.op-estuaires.fr\/es\/wp-json\/wp\/v2\/comments?post=644"}],"version-history":[{"count":108,"href":"https:\/\/www.op-estuaires.fr\/es\/wp-json\/wp\/v2\/pages\/644\/revisions"}],"predecessor-version":[{"id":4369,"href":"https:\/\/www.op-estuaires.fr\/es\/wp-json\/wp\/v2\/pages\/644\/revisions\/4369"}],"wp:attachment":[{"href":"https:\/\/www.op-estuaires.fr\/es\/wp-json\/wp\/v2\/media?parent=644"}],"curies":[{"name":"wp","href":"https:\/\/api.w.org\/{rel}","templated":true}]}}