{"id":822,"date":"2019-12-09T16:04:05","date_gmt":"2019-12-09T15:04:05","guid":{"rendered":"http:\/\/https:\/\/op-estuaires.fr\/?page_id=822"},"modified":"2025-02-17T14:37:06","modified_gmt":"2025-02-17T13:37:06","slug":"missions","status":"publish","type":"page","link":"https:\/\/www.op-estuaires.fr\/es\/op-estuaires\/missions\/","title":{"rendered":"Funcionamiento y misiones"},"content":{"rendered":"<div id='av_section_1'  class='avia-section av-1ix6vi-d9d04f4fdf28037d8b1f7586d1ae8c06 main_color avia-section-default avia-no-border-styling  avia-builder-el-0  el_before_av_section  avia-builder-el-first  avia-bg-style-scroll container_wrap fullsize'  ><div class='container av-section-cont-open' ><main  role=\"main\" itemprop=\"mainContentOfPage\"  class='template-page content  av-content-full alpha units'><div class='post-entry post-entry-type-page post-entry-822'><div class='entry-content-wrapper clearfix'>\n<div  class='flex_column av-1gwtxq-da72ed851d676466ce2926dfafd87739 av_one_half  avia-builder-el-1  el_before_av_one_half  avia-builder-el-first  first flex_column_div'     ><section  class='av_textblock_section av-m793jv93-364ca5eedda9fecddcc6425c0554ec8f'   itemscope=\"itemscope\" itemtype=\"https:\/\/schema.org\/CreativeWork\" ><div class='avia_textblock'  itemprop=\"text\" ><p>La Organizaci\u00f3n de Productores (OP) Estuaires es una Sociedad an\u00f3nima de capital variable, del tipo Cooperativa mar\u00edtima.<\/p>\n<p>Una estructura reconocida como organizaci\u00f3n de productores por la Uni\u00f3n Europea, participa en la implementaci\u00f3n de la pol\u00edtica pesquera com\u00fan (PPC) y, en particular, en la organizaci\u00f3n com\u00fan de mercados en el sector de los productos de la pesca y de la\u00a0acuicultura\u00a0(OCM).<br \/>\nAsimismo, la OP Estuaires debe presentar a la autoridad francesa competente un Plan de producci\u00f3n y comercializaci\u00f3n, definiendo todas las medidas previstas para garantizar el ejercicio racional de la pesca y la mejora de las condiciones de venta.<\/p>\n<\/div><\/section><\/div><div  class='flex_column av-1b2f3a-6f1198efd0fb3e4063e113cb29cd4e8d av_one_half  avia-builder-el-3  el_after_av_one_half  avia-builder-el-last  flex_column_div'     ><div  class='avia-slideshow av-m793mzvs-6d5d59f5cca3197c6b576189b8788f42 avia-slideshow-featured av_slideshow avia-slide-slider  avia-builder-el-4  avia-builder-el-no-sibling  av-slideshow-ui av-control-default av-slideshow-manual av-loop-once av-loop-manual-endless av-default-height-applied avia-slideshow-1' data-slideshow-options=\"{&quot;animation&quot;:&quot;slide&quot;,&quot;autoplay&quot;:false,&quot;loop_autoplay&quot;:&quot;once&quot;,&quot;interval&quot;:5,&quot;loop_manual&quot;:&quot;manual-endless&quot;,&quot;autoplay_stopper&quot;:false,&quot;noNavigation&quot;:false,&quot;bg_slider&quot;:false,&quot;keep_padding&quot;:false,&quot;hoverpause&quot;:false,&quot;show_slide_delay&quot;:0}\"  itemprop=\"image\" itemscope=\"itemscope\" itemtype=\"https:\/\/schema.org\/ImageObject\" ><ul class='avia-slideshow-inner' style='padding-bottom: 66.56346749226%;'><li  class='avia-slideshow-slide av-m793mzvs-6d5d59f5cca3197c6b576189b8788f42__0  slide-1 slide-odd'><div data-rel='slideshow-1' class='avia-slide-wrap'   ><img decoding=\"async\" fetchpriority=\"high\" class=\"wp-image-4052 avia-img-lazy-loading-not-4052\"  src=\"https:\/\/www.op-estuaires.fr\/wp-content\/uploads\/2022\/06\/BAL_5980_copyright-24.jpg\" width=\"646\" height=\"430\" title='BAL_5980_copyright 24' alt=''  itemprop=\"thumbnailUrl\" srcset=\"https:\/\/www.op-estuaires.fr\/wp-content\/uploads\/2022\/06\/BAL_5980_copyright-24.jpg 1277w, https:\/\/www.op-estuaires.fr\/wp-content\/uploads\/2022\/06\/BAL_5980_copyright-24-300x200.jpg 300w, https:\/\/www.op-estuaires.fr\/wp-content\/uploads\/2022\/06\/BAL_5980_copyright-24-1024x682.jpg 1024w, https:\/\/www.op-estuaires.fr\/wp-content\/uploads\/2022\/06\/BAL_5980_copyright-24-768x511.jpg 768w\" sizes=\"(max-width: 646px) 100vw, 646px\" \/><\/div><\/li><li  class='avia-slideshow-slide av-m793mzvs-6d5d59f5cca3197c6b576189b8788f42__1  slide-2 slide-even'><div data-rel='slideshow-1' class='avia-slide-wrap'   ><img decoding=\"async\" fetchpriority=\"high\" class=\"wp-image-3641 avia-img-lazy-loading-not-3641\"  src=\"https:\/\/www.op-estuaires.fr\/wp-content\/uploads\/2022\/06\/DSC_7579_24.jpg\" width=\"645\" height=\"430\" title='DSC_7579_24' alt=''  itemprop=\"thumbnailUrl\" srcset=\"https:\/\/www.op-estuaires.fr\/wp-content\/uploads\/2022\/06\/DSC_7579_24.jpg 1275w, https:\/\/www.op-estuaires.fr\/wp-content\/uploads\/2022\/06\/DSC_7579_24-300x200.jpg 300w, https:\/\/www.op-estuaires.fr\/wp-content\/uploads\/2022\/06\/DSC_7579_24-1024x683.jpg 1024w, https:\/\/www.op-estuaires.fr\/wp-content\/uploads\/2022\/06\/DSC_7579_24-768x512.jpg 768w\" sizes=\"(max-width: 645px) 100vw, 645px\" \/><\/div><\/li><li  class='avia-slideshow-slide av-m793mzvs-6d5d59f5cca3197c6b576189b8788f42__2  slide-3 slide-odd'><div data-rel='slideshow-1' class='avia-slide-wrap'   ><img decoding=\"async\" fetchpriority=\"high\" class=\"wp-image-3765 avia-img-lazy-loading-not-3765\"  src=\"https:\/\/www.op-estuaires.fr\/wp-content\/uploads\/2022\/06\/BAL_5980_copyright.jpg\" width=\"646\" height=\"430\" title='BAL_5980_copyright' alt=''  itemprop=\"thumbnailUrl\" srcset=\"https:\/\/www.op-estuaires.fr\/wp-content\/uploads\/2022\/06\/BAL_5980_copyright.jpg 1277w, https:\/\/www.op-estuaires.fr\/wp-content\/uploads\/2022\/06\/BAL_5980_copyright-300x200.jpg 300w, https:\/\/www.op-estuaires.fr\/wp-content\/uploads\/2022\/06\/BAL_5980_copyright-1024x682.jpg 1024w, https:\/\/www.op-estuaires.fr\/wp-content\/uploads\/2022\/06\/BAL_5980_copyright-768x511.jpg 768w\" sizes=\"(max-width: 646px) 100vw, 646px\" \/><\/div><\/li><li  class='avia-slideshow-slide av-m793mzvs-6d5d59f5cca3197c6b576189b8788f42__3  slide-4 slide-even'><div data-rel='slideshow-1' class='avia-slide-wrap'   ><img decoding=\"async\" fetchpriority=\"high\" class=\"wp-image-3764 avia-img-lazy-loading-not-3764\"  src=\"https:\/\/www.op-estuaires.fr\/wp-content\/uploads\/2022\/06\/BAL_5945_copyright.jpg\" width=\"646\" height=\"430\" title='BAL_5945_copyright' alt=''  itemprop=\"thumbnailUrl\" srcset=\"https:\/\/www.op-estuaires.fr\/wp-content\/uploads\/2022\/06\/BAL_5945_copyright.jpg 1277w, https:\/\/www.op-estuaires.fr\/wp-content\/uploads\/2022\/06\/BAL_5945_copyright-300x200.jpg 300w, https:\/\/www.op-estuaires.fr\/wp-content\/uploads\/2022\/06\/BAL_5945_copyright-1024x682.jpg 1024w, https:\/\/www.op-estuaires.fr\/wp-content\/uploads\/2022\/06\/BAL_5945_copyright-768x511.jpg 768w\" sizes=\"(max-width: 646px) 100vw, 646px\" \/><\/div><\/li><\/ul><div class='avia-slideshow-arrows avia-slideshow-controls' ><a href='#prev' class='prev-slide' aria-hidden='true' data-av_icon='\ue87c' data-av_iconfont='entypo-fontello'  tabindex='-1'>Anterior<\/a><a href='#next' class='next-slide' aria-hidden='true' data-av_icon='\ue87d' data-av_iconfont='entypo-fontello'  tabindex='-1'>Posterior<\/a><\/div><div class='avia-slideshow-dots avia-slideshow-controls'><a href='#1' class='goto-slide active' >1<\/a><a href='#2' class='goto-slide' >2<\/a><a href='#3' class='goto-slide' >3<\/a><a href='#4' class='goto-slide' >4<\/a><\/div><\/div><\/div><\/div><\/div><\/main><!-- close content main element --><\/div><\/div><div id='av_section_2'  class='avia-section av-hq766-2b9dd9a3d159a2ed222aacf073ba0861 main_color avia-section-default avia-no-border-styling  avia-builder-el-5  el_after_av_section  avia-builder-el-last  avia-bg-style-scroll container_wrap fullsize'  ><div class='container av-section-cont-open' ><div class='template-page content  av-content-full alpha units'><div class='post-entry post-entry-type-page post-entry-822'><div class='entry-content-wrapper clearfix'>\n<div  class='flex_column av-7rtxq-c1b671eb36d77956b816b867f5edaeb5 av_one_full  avia-builder-el-6  avia-builder-el-no-sibling  first flex_column_div'     ><section  class='av_textblock_section av-m793k49m-cf4cd37448ee905ee0f5a27a28f23c0f'   itemscope=\"itemscope\" itemtype=\"https:\/\/schema.org\/CreativeWork\" ><div class='avia_textblock'  itemprop=\"text\" ><p>Todos los pescadores profesionales miembros de la OP Estuaires est\u00e1n representados por un Consejo de Administraci\u00f3n formado por 6 miembros titulares y 5 miembros suplentes elegidos entre los miembros, que proceden de cada <a href=\"https:\/\/www.op-estuaires.fr\/es\/op-estuaires\/implantation\/\">sector pesquero de la Regi\u00f3n<\/a>. El Presidente de la estructura es designado entre los miembros del Consejo de Administraci\u00f3n para un mandato de 6 a\u00f1os.<\/p>\n<section class=\"kc-elm kc-css-122482 kc_row\">\n<div class=\"kc-row-container kc-container\">\n<div class=\"kc-wrap-columns\">\n<div class=\"kc-elm kc-css-2053249 kc_col-sm-12 kc_column kc_col-sm-12\">\n<div class=\"kc-col-container\">\n<div class=\"kc-elm kc-css-4114516 kc_text_block\">\n<p>Los empleados de la estructura asisten al Consejo de Administraci\u00f3n y al Presidente en las siguientes misiones:<\/p>\n<ul>\n<li>La gesti\u00f3n de las especies bajo cuota:\n<ul>\n<li>Redacci\u00f3n de planes de gesti\u00f3n<\/li>\n<li>Seguimiento de las capturas<\/li>\n<li>Control de la de adecuaci\u00f3n de los niveles de capturas respecto a los planes de gesti\u00f3n<\/li>\n<li>An\u00e1lisis de la normativa y divulgaci\u00f3n a los miembros<\/li>\n<\/ul>\n<\/li>\n<li>La mejora de las condiciones de comercializaci\u00f3n y la rentabilidad de las empresas:\n<ul>\n<li>Adaptaci\u00f3n de la producci\u00f3n a las exigencias de la demanda<\/li>\n<li>Valorizaci\u00f3n de pr\u00e1cticas pesqueras sostenibles<\/li>\n<li>Contribuci\u00f3n a la trazabilidad de la producci\u00f3n de los miembros<\/li>\n<li>Lucha contra las actividades pesqueras ilegales, no declaradas y no reguladas<\/li>\n<\/ul>\n<\/li>\n<li>La participaci\u00f3n en los <a href=\"https:\/\/www.op-estuaires.fr\/es\/les-projets\/\">proyectos y estudios<\/a> relacionados con la mejora de las pr\u00e1cticas pesqueras, de los conocimientos de las pesquer\u00edas o las especies capturadas<\/li>\n<li>La comunicaci\u00f3n a los miembros :\n<ul>\n<li>Transmisi\u00f3n de informaci\u00f3n comercial<\/li>\n<li>Animaci\u00f3n de reuniones<\/li>\n<li>Asistencia t\u00e9cnica individual de los miembros en sus proyectos: cambio de embarcaci\u00f3n, instalaciones de equipos que mejoren la comercializaci\u00f3n, etc ...<\/li>\n<\/ul>\n<\/li>\n<li>La gesti\u00f3n administrativa y financiera de la estructura<\/li>\n<\/ul>\n<\/div>\n<div class=\"kc-elm kc-css-2385984 kc_shortcode kc_single_image\">\n<p><img decoding=\"async\" class=\"\" src=\"https:\/\/www.op-estuaires.fr\/wp-content\/uploads\/2022\/06\/BAL_6087_16-1024x682.jpg\" alt=\"\" \/><\/p>\n<\/div>\n<\/div>\n<\/div>\n<\/div>\n<\/div>\n<\/section>\n<\/div><\/section><\/div>\n<\/p>","protected":false},"excerpt":{"rendered":"","protected":false},"author":3,"featured_media":0,"parent":581,"menu_order":0,"comment_status":"closed","ping_status":"closed","template":"","meta":{"footnotes":""},"class_list":["post-822","page","type-page","status-publish","hentry"],"yoast_head":"<!-- This site is optimized with the Yoast SEO plugin v24.5 - https:\/\/yoast.com\/wordpress\/plugins\/seo\/ -->\n<title>Fonctionnement et missions<\/title>\n<meta name=\"robots\" content=\"index, follow, max-snippet:-1, max-image-preview:large, max-video-preview:-1\" \/>\n<link rel=\"canonical\" href=\"https:\/\/www.op-estuaires.fr\/es\/op-estuaires\/missions\/\" \/>\n<meta property=\"og:locale\" content=\"es_ES\" \/>\n<meta property=\"og:type\" content=\"article\" \/>\n<meta property=\"og:title\" content=\"Fonctionnement et missions\" \/>\n<meta property=\"og:url\" content=\"https:\/\/www.op-estuaires.fr\/es\/op-estuaires\/missions\/\" \/>\n<meta property=\"og:site_name\" content=\"OP Estuaires\" \/>\n<meta property=\"article:modified_time\" content=\"2025-02-17T13:37:06+00:00\" \/>\n<meta property=\"og:image\" content=\"https:\/\/www.op-estuaires.fr\/wp-content\/uploads\/2022\/06\/BAL_6087_16-1024x682.jpg\" \/>\n<meta name=\"twitter:card\" content=\"summary_large_image\" \/>\n<meta name=\"twitter:label1\" content=\"Tiempo de lectura\" \/>\n\t<meta name=\"twitter:data1\" content=\"3 minutos\" \/>\n<script type=\"application\/ld+json\" class=\"yoast-schema-graph\">{\"@context\":\"https:\/\/schema.org\",\"@graph\":[{\"@type\":\"WebPage\",\"@id\":\"https:\/\/www.op-estuaires.fr\/op-estuaires\/missions\/\",\"url\":\"https:\/\/www.op-estuaires.fr\/op-estuaires\/missions\/\",\"name\":\"Fonctionnement et missions\",\"isPartOf\":{\"@id\":\"https:\/\/www.op-estuaires.fr\/#website\"},\"primaryImageOfPage\":{\"@id\":\"https:\/\/www.op-estuaires.fr\/op-estuaires\/missions\/#primaryimage\"},\"image\":{\"@id\":\"https:\/\/www.op-estuaires.fr\/op-estuaires\/missions\/#primaryimage\"},\"thumbnailUrl\":\"https:\/\/www.op-estuaires.fr\/wp-content\/uploads\/2022\/06\/BAL_6087_16-1024x682.jpg\",\"datePublished\":\"2019-12-09T15:04:05+00:00\",\"dateModified\":\"2025-02-17T13:37:06+00:00\",\"breadcrumb\":{\"@id\":\"https:\/\/www.op-estuaires.fr\/op-estuaires\/missions\/#breadcrumb\"},\"inLanguage\":\"es\",\"potentialAction\":[{\"@type\":\"ReadAction\",\"target\":[\"https:\/\/www.op-estuaires.fr\/op-estuaires\/missions\/\"]}]},{\"@type\":\"ImageObject\",\"inLanguage\":\"es\",\"@id\":\"https:\/\/www.op-estuaires.fr\/op-estuaires\/missions\/#primaryimage\",\"url\":\"https:\/\/www.op-estuaires.fr\/wp-content\/uploads\/2022\/06\/BAL_6087_16-1024x682.jpg\",\"contentUrl\":\"https:\/\/www.op-estuaires.fr\/wp-content\/uploads\/2022\/06\/BAL_6087_16-1024x682.jpg\"},{\"@type\":\"BreadcrumbList\",\"@id\":\"https:\/\/www.op-estuaires.fr\/op-estuaires\/missions\/#breadcrumb\",\"itemListElement\":[{\"@type\":\"ListItem\",\"position\":1,\"name\":\"Accueil\",\"item\":\"https:\/\/www.op-estuaires.fr\/\"},{\"@type\":\"ListItem\",\"position\":2,\"name\":\"L&#8217;OP Estuaires\",\"item\":\"https:\/\/www.op-estuaires.fr\/de\/op-estuaires\/\"},{\"@type\":\"ListItem\",\"position\":3,\"name\":\"Fonctionnement et missions\"}]},{\"@type\":\"WebSite\",\"@id\":\"https:\/\/www.op-estuaires.fr\/#website\",\"url\":\"https:\/\/www.op-estuaires.fr\/\",\"name\":\"OP Estuaires\",\"description\":\"L&#039;Organisation de producteurs Estuaires\",\"potentialAction\":[{\"@type\":\"SearchAction\",\"target\":{\"@type\":\"EntryPoint\",\"urlTemplate\":\"https:\/\/www.op-estuaires.fr\/?s={search_term_string}\"},\"query-input\":{\"@type\":\"PropertyValueSpecification\",\"valueRequired\":true,\"valueName\":\"search_term_string\"}}],\"inLanguage\":\"es\"}]}<\/script>\n<!-- \/ Yoast SEO plugin. -->","yoast_head_json":{"title":"Fonctionnement et missions","robots":{"index":"index","follow":"follow","max-snippet":"max-snippet:-1","max-image-preview":"max-image-preview:large","max-video-preview":"max-video-preview:-1"},"canonical":"https:\/\/www.op-estuaires.fr\/es\/op-estuaires\/missions\/","og_locale":"es_ES","og_type":"article","og_title":"Fonctionnement et missions","og_url":"https:\/\/www.op-estuaires.fr\/es\/op-estuaires\/missions\/","og_site_name":"OP Estuaires","article_modified_time":"2025-02-17T13:37:06+00:00","og_image":[{"url":"https:\/\/www.op-estuaires.fr\/wp-content\/uploads\/2022\/06\/BAL_6087_16-1024x682.jpg","type":"","width":"","height":""}],"twitter_card":"summary_large_image","twitter_misc":{"Tiempo de lectura":"3 minutos"},"schema":{"@context":"https:\/\/schema.org","@graph":[{"@type":"WebPage","@id":"https:\/\/www.op-estuaires.fr\/op-estuaires\/missions\/","url":"https:\/\/www.op-estuaires.fr\/op-estuaires\/missions\/","name":"Fonctionnement et missions","isPartOf":{"@id":"https:\/\/www.op-estuaires.fr\/#website"},"primaryImageOfPage":{"@id":"https:\/\/www.op-estuaires.fr\/op-estuaires\/missions\/#primaryimage"},"image":{"@id":"https:\/\/www.op-estuaires.fr\/op-estuaires\/missions\/#primaryimage"},"thumbnailUrl":"https:\/\/www.op-estuaires.fr\/wp-content\/uploads\/2022\/06\/BAL_6087_16-1024x682.jpg","datePublished":"2019-12-09T15:04:05+00:00","dateModified":"2025-02-17T13:37:06+00:00","breadcrumb":{"@id":"https:\/\/www.op-estuaires.fr\/op-estuaires\/missions\/#breadcrumb"},"inLanguage":"es","potentialAction":[{"@type":"ReadAction","target":["https:\/\/www.op-estuaires.fr\/op-estuaires\/missions\/"]}]},{"@type":"ImageObject","inLanguage":"es","@id":"https:\/\/www.op-estuaires.fr\/op-estuaires\/missions\/#primaryimage","url":"https:\/\/www.op-estuaires.fr\/wp-content\/uploads\/2022\/06\/BAL_6087_16-1024x682.jpg","contentUrl":"https:\/\/www.op-estuaires.fr\/wp-content\/uploads\/2022\/06\/BAL_6087_16-1024x682.jpg"},{"@type":"BreadcrumbList","@id":"https:\/\/www.op-estuaires.fr\/op-estuaires\/missions\/#breadcrumb","itemListElement":[{"@type":"ListItem","position":1,"name":"Accueil","item":"https:\/\/www.op-estuaires.fr\/"},{"@type":"ListItem","position":2,"name":"L&#8217;OP Estuaires","item":"https:\/\/www.op-estuaires.fr\/de\/op-estuaires\/"},{"@type":"ListItem","position":3,"name":"Fonctionnement et missions"}]},{"@type":"WebSite","@id":"https:\/\/www.op-estuaires.fr\/#website","url":"https:\/\/www.op-estuaires.fr\/","name":"OP Estuaires","description":"L&#039;Organisation de producteurs Estuaires","potentialAction":[{"@type":"SearchAction","target":{"@type":"EntryPoint","urlTemplate":"https:\/\/www.op-estuaires.fr\/?s={search_term_string}"},"query-input":{"@type":"PropertyValueSpecification","valueRequired":true,"valueName":"search_term_string"}}],"inLanguage":"es"}]}},"_links":{"self":[{"href":"https:\/\/www.op-estuaires.fr\/es\/wp-json\/wp\/v2\/pages\/822","targetHints":{"allow":["GET"]}}],"collection":[{"href":"https:\/\/www.op-estuaires.fr\/es\/wp-json\/wp\/v2\/pages"}],"about":[{"href":"https:\/\/www.op-estuaires.fr\/es\/wp-json\/wp\/v2\/types\/page"}],"author":[{"embeddable":true,"href":"https:\/\/www.op-estuaires.fr\/es\/wp-json\/wp\/v2\/users\/3"}],"replies":[{"embeddable":true,"href":"https:\/\/www.op-estuaires.fr\/es\/wp-json\/wp\/v2\/comments?post=822"}],"version-history":[{"count":122,"href":"https:\/\/www.op-estuaires.fr\/es\/wp-json\/wp\/v2\/pages\/822\/revisions"}],"predecessor-version":[{"id":4353,"href":"https:\/\/www.op-estuaires.fr\/es\/wp-json\/wp\/v2\/pages\/822\/revisions\/4353"}],"up":[{"embeddable":true,"href":"https:\/\/www.op-estuaires.fr\/es\/wp-json\/wp\/v2\/pages\/581"}],"wp:attachment":[{"href":"https:\/\/www.op-estuaires.fr\/es\/wp-json\/wp\/v2\/media?parent=822"}],"curies":[{"name":"wp","href":"https:\/\/api.w.org\/{rel}","templated":true}]}}