{"id":1165,"date":"2019-12-26T13:57:37","date_gmt":"2019-12-26T12:57:37","guid":{"rendered":"https:\/\/www.op-estuaires.fr\/?page_id=1165"},"modified":"2019-12-26T15:02:23","modified_gmt":"2019-12-26T14:02:23","slug":"cookies","status":"publish","type":"page","link":"https:\/\/www.op-estuaires.fr\/nl\/cookies\/","title":{"rendered":"Cookies"},"content":{"rendered":"<p>Le site op-estuaires.fr \u00e9dit\u00e9 par OP ESTUAIRES utilise des cookies susceptibles d\u2019enregistrer des informations relatives \u00e0 votre navigation, sous r\u00e9serve des choix que vous auriez exprim\u00e9s \u00e0 leur sujet et que vous pouvez modifier \u00e0 tout moment.<br> Cette page est destin\u00e9e \u00e0 vous informer sur la nature de ces cookies, leurs finalit\u00e9s et les moyens dont vous disposez pour vous y opposer.<\/p>\n\n\n\n<ol class=\"wp-block-list\"><li>QU\u2019EST-CE QU\u2019UN COOKIE ? <br> Un \u00ab cookie \u00bb, \u00e9galement appel\u00e9 t\u00e9moin de connexion, est un fichier texte de petite taille, d\u00e9pos\u00e9 par le serveur d\u2019un site Internet sur le disque dur du terminal que vous utilisez pour consulter un site Internet, c\u2019est-\u00e0-dire votre ordinateur, votre tablette ou votre smartphone.<\/li><li>A QUOI \u00c7A SERT ? <br> Ces cookies permettent de stocker des informations sur votre terminal ou d\u2019acc\u00e9der \u00e0 des informations qui y sont d\u00e9j\u00e0 stock\u00e9es.<br> En recueillant et en conservant des informations sur votre navigation, les cookies nous permettent de mieux comprendre le comportement des utilisateurs de notre site et nous aident ainsi \u00e0 vous procurer un usage et un service de qualit\u00e9 lors de votre visite et, de cette fa\u00e7on, de vous proposer la meilleure exp\u00e9rience possible sur le site.<br> Les cookies ne stockent aucune donn\u00e9e personnelle sensible vous concernant, mais reconnaissent simplement l\u2019appareil que vous \u00eates en train d\u2019utiliser pour nous permettre de comprendre la fa\u00e7on avec laquelle vous naviguez sur le site et ainsi am\u00e9liorer sa qualit\u00e9 et y faciliter votre navigation.<br> En tant qu\u2019\u00e9metteur de cookies, nous sommes seuls susceptibles de lire ou modifier les informations qui sont contenues sur les cookies que nous d\u00e9posons sur votre terminal lors de votre navigation sur le site.<\/li><li>QUELS SONT LES COOKIES UTILIS\u00c9S SUR LE SITE ET POUR QUELLES FINALIT\u00c9S ? <br> Pour vous rendre la navigation sur le site toujours plus agr\u00e9able et facile, mais \u00e9galement pour mieux vous conna\u00eetre, nous utilisons plusieurs types de cookies susceptibles d\u2019\u00eatre enregistr\u00e9s sur votre terminal au cours de votre navigation sur notre site.<br> Des cookies peuvent \u00e9galement \u00eatre \u00e9mis par des tiers, notamment des r\u00e9seaux sociaux via l\u2019utilisation de boutons de partage.<br> De mani\u00e8re g\u00e9n\u00e9rale, les cookies peuvent \u00eatre distingu\u00e9s en deux cat\u00e9gories :<br> \u2013 Les cookies ayant pour finalit\u00e9 exclusive de permettre ou faciliter la communication par voie \u00e9lectronique ou \u00e9tant strictement n\u00e9cessaires \u00e0 la fourniture d\u2019un service de communication en ligne \u00e0 la demande expresse de l\u2019utilisateur : ces cookies peuvent \u00eatre d\u00e9pos\u00e9s sans votre consentement pr\u00e9alable ;<br> \u2013 Les autres cookies dont les finalit\u00e9s peuvent \u00eatre vari\u00e9es : statistiques, mesures d\u2019audience, partage de contenu vers les r\u00e9seaux sociaux, etc. : ces cookies sont soumis \u00e0 votre consentement avant d\u2019\u00eatre d\u00e9pos\u00e9s sur votre terminal<br><br> 3.1. LES COOKIES TECHNIQUES INDISPENSABLES <br> Les finalit\u00e9s de chacun des types de cookies utilis\u00e9s sur le site sont d\u00e9crites ci-dessous.<br> Nous utilisons des cookies techniques qui sont indispensables \u00e0 votre navigation sur le site, \u00e0 son bon fonctionnement et l\u2019acc\u00e8s aux diff\u00e9rents produits et services qui y sont propos\u00e9s.<br> Ils nous permettent de vous proposer des services indispensables comme :<br> \u2013 L\u2019acc\u00e8s \u00e0 vos espaces personnels, tels que votre compte client ou utilisateur, et aux contenus qui vous y sont r\u00e9serv\u00e9s sur la base des informations transmises lors de la cr\u00e9ation de votre compte ;<br> \u2013 Le bon fonctionnement de votre panier d\u2019achat, en m\u00e9morisant les produits ou services command\u00e9s jusqu\u2019\u00e0 la page de confirmation de votre commande ;<br> \u2013 L\u2019information sur la pr\u00e9sence de cookies lors de votre premi\u00e8re navigation sur le site, par l\u2019affichage d\u2019un bandeau.<br><br> 3.2. LES COOKIES TECHNIQUES FONCTIONNELS <br> Les cookies techniques que nous utilisons sont ceux propos\u00e9s par WORDPRESS et NOTRE H\u00c9BERGEUR (se r\u00e9f\u00e9rer aux conditions g\u00e9n\u00e9rales d\u2019utilisation).<br> Dans la mesure o\u00f9 ces cookies sont strictement n\u00e9cessaires, ils peuvent \u00eatre d\u00e9pos\u00e9s sans votre consentement pr\u00e9alable.<br> Important : <br> Ces cookies sont strictement n\u00e9cessaires \u00e0 l\u2019utilisation du site. Si vous d\u00e9cidez de les d\u00e9sactiver, nous ne pouvons pas vous assurer un acc\u00e8s au site, une navigation normale et le fonctionnement correct des services qui y sont propos\u00e9s.<br> Nous utilisons des cookies techniques fonctionnels qui ont pour objectif de fluidifier votre navigation sur le site et de permettre l\u2019utilisation optimale de ses diff\u00e9rentes fonctionnalit\u00e9s.<br> Ils ont pour finalit\u00e9 de rendre \u00e9galement le fonctionnement du site plus convivial en vous offrant une exp\u00e9rience en ligne plus personnalis\u00e9e.<br> Ces cookies sont utilis\u00e9s pour :<br> \u2212 Adapter et optimiser la pr\u00e9sentation du site aux pr\u00e9f\u00e9rences d\u2019affichage de votre terminal (langue utilis\u00e9e, r\u00e9solution d\u2019affichage, syst\u00e8me d\u2019exploitation utilis\u00e9, etc.) selon le type de terminal que vous utilisez et les logiciels de visualisation ou de lecture qu\u2019il comporte ;<br> \u2212 Vous identifier lorsque vous vous connectez sur le site, en m\u00e9morisant vos identifiants et mots de passe, afin que vous n\u2019ayez pas \u00e0 saisir ces informations manuellement \u00e0 chaque visite ;<br> \u2212 Faciliter vos recherches en conservant vos recherches automatiques et en m\u00e9morisant vos pr\u00e9f\u00e9rences ;<br> \u2212 Am\u00e9liorer votre exp\u00e9rience utilisateur en pr\u00e9remplissant certains champs des formulaires avec des informations relatives \u00e0 des formulaires que vous auriez d\u00e9j\u00e0 renseign\u00e9s sur le site.<br><br> 3.3. LES COOKIES DE PERFORMANCE <br> Les cookies techniques fonctionnels que nous utilisons sont ceux propos\u00e9s par WORDPRESS.<br> Ces cookies techniques fonctionnels ne sont pas indispensables au bon fonctionnement du site mais ont pour objectif principal de faciliter votre navigation et la fourniture de services am\u00e9lior\u00e9s.<br> Nous utilisons des cookies de performance pour analyser l\u2019utilisation qui est faite du site afin d\u2019en optimiser le fonctionnement et la performance et d\u2019am\u00e9liorer votre exp\u00e9rience de navigation.<br> Ces cookies sont utilis\u00e9s pour :<br> \u2013 Etablir des statistiques de fr\u00e9quentation et d\u2019utilisation du site ;<br> \u2013 Recenser le nombre de visiteurs ;<br> \u2013 Analyser le nombre de pages visit\u00e9es, la fr\u00e9quence, la dur\u00e9e et la r\u00e9currence des visites ;<br> \u2013 Enregistrer la fa\u00e7on dont vous utilisez le site.<br><br> 3.4. LES COOKIES TIERS<br> Les cookies \u00e0 caract\u00e8res personnels que nous utilisons sont ceux propos\u00e9s par GOOGLE ANALYTICS et les R\u00c9SEAUX SOCIAUX.<br> Les Cookie Google Analytics permettent la collectes d&#8217;informations sur la mani\u00e8re dont vous utilisez notre site. Les donn\u00e9es de l&#8217;utilisateur sont anonymes. <br> Le site vous propose l\u2019utilisation de boutons de partage vous permettant de partager du contenu depuis le site vers des r\u00e9seaux sociaux (Facebook, Twitter, Google Plus, Linkedin, Viadeo, etc.).<br> Ils sont int\u00e9gr\u00e9s via des applications tierces pouvant \u00e9mettre des cookies.<br> Lorsque vous utilisez ces boutons de partage, un cookie tiers est install\u00e9 par le r\u00e9seau social concern\u00e9 sur votre terminal.<br><br> 3.5. LES COOKIES TIERS DE CONSULTATION DE VID\u00c9OS <br> Le site int\u00e8gre des contenus appartenant \u00e0 des tiers, et notamment des modules permettant de visionner des vid\u00e9os afin d\u2019enrichir le site de contenu multim\u00e9dia.<br> Les fournisseurs tiers de ces services (YouTube, Dailymotion, Vimeo, etc.) peuvent \u00e9galement d\u00e9poser des cookies lorsque vous visitez le site et ainsi \u00eatre inform\u00e9s de votre navigation sur le site.<br> Nous vous invitons \u00e0 consulter les politiques de protection des donn\u00e9es personnelles propres \u00e0 chacun de ces tiers afin de prendre connaissance des finalit\u00e9s d\u2019utilisation, notamment publicitaires, des informations qu\u2019ils peuvent recueillir gr\u00e2ce \u00e0 ces fonctionnalit\u00e9s.<br><br> 3.6. Les autres cookies tiers <br> Le r\u00e9seau social fournissant le bouton applicatif est susceptible de vous identifier gr\u00e2ce \u00e0 ce bouton m\u00eame si vous ne l\u2019utilisez pas, du seul fait que votre compte sur ce r\u00e9seau social est activ\u00e9 sur votre terminal lors de votre navigation sur le site.<br> Nous vous invitons \u00e0 consulter les politiques de protection des donn\u00e9es personnelles propres \u00e0 chacun de ces r\u00e9seaux sociaux afin de prendre connaissance des finalit\u00e9s d\u2019utilisation, notamment publicitaires, des informations qu\u2019ils peuvent recueillir gr\u00e2ce \u00e0 ces boutons applicatifs.<br> Le site int\u00e8gre des contenus appartenant \u00e0 des tiers, et notamment des modules permettant de visionner des vid\u00e9os permettant d\u2019enrichir le site de contenu multim\u00e9dia.<br> Les fournisseurs tiers de ces services (YouTube, Dailymotion, Vimeo, etc.) peuvent d\u00e9poser des cookies lorsque vous visitez le site et ainsi \u00eatre inform\u00e9s de votre navigation sur le site.<br> Nous vous invitons \u00e0 consulter les politiques de protection des donn\u00e9es personnelles propres \u00e0 chacun de ces tiers afin de prendre connaissance des finalit\u00e9s d\u2019utilisation, notamment publicitaires, des informations qu\u2019ils peuvent recueillir gr\u00e2ce \u00e0 ces fonctionnalit\u00e9s.<br> Le site int\u00e8gre des contenus appartenant \u00e0 des tiers \u00e0 travers l\u2019utilisation de balises iframes, permettant d\u2019afficher sur le site un contenu (texte, image, etc.) en provenance d\u2019un serveur tiers.<br> Les \u00e9diteurs des sites contenus dans ces iframes sont susceptibles de d\u00e9poser des cookies lorsque vous naviguez sur le site.<br> Nous vous invitons \u00e0 consulter les politiques de protection des donn\u00e9es personnelles propres \u00e0 chacun de ces tiers afin de prendre connaissance des finalit\u00e9s d\u2019utilisation, notamment publicitaires, des informations qu\u2019ils peuvent recueillir gr\u00e2ce \u00e0 ces iframes.<br><\/li><li>COMBIEN DE TEMPS LES COOKIES SONT-ILS CONSERV\u00c9S ? <br> La dur\u00e9e de conservation des cookies d\u00e9pos\u00e9s sur le site varie selon leur type.<br> Conform\u00e9ment aux recommandations de la CNIL et \u00e0 la r\u00e9glementation relative \u00e0 la protection des donn\u00e9es personnelles, les cookies n\u00e9cessitant le consentement de l\u2019internaute doivent avoir une dur\u00e9e de vie limit\u00e9e \u00e0 13 mois apr\u00e8s leur premier d\u00e9p\u00f4t sur son terminal, ne pouvant pas \u00eatre prolong\u00e9e lors de nouvelles visites sur le site.<br><\/li><li>COMMENT ACCEPTER OU REFUSER LE D\u00c9P\u00d4T DE COOKIES ? <br> Vous pouvez \u00e0 tout moment exprimer ou modifier vos souhaits en mati\u00e8re de cookies, et notamment retirer votre consentement.<br><br> 5.1. EXERCER VOS CHOIX SELON LE NAVIGATEUR UTILIS\u00c9 <br> Pour cela, vous devez configurer votre logiciel de navigation de mani\u00e8re \u00e0 ce que des cookies soient enregistr\u00e9s dans votre terminal ou, au contraire, qu\u2019ils soient rejet\u00e9s, soit syst\u00e9matiquement, soit selon leur \u00e9metteur.<br> Vous pouvez \u00e9galement configurer votre logiciel de navigation de mani\u00e8re \u00e0 ce que l\u2019acceptation ou le refus des cookies vous soient propos\u00e9s ponctuellement, avant qu\u2019un cookie soit susceptible d\u2019\u00eatre enregistr\u00e9 dans votre terminal.<br> Si vous refusez le d\u00e9p\u00f4t des cookies techniques, il est possible que vous ne puissiez pas b\u00e9n\u00e9ficier de certaines fonctionnalit\u00e9s du site.<br> Si vous avez d\u00e9cid\u00e9 de ne pas donner votre consentement quant \u00e0 l\u2019utilisation des cookies qui l\u2019exigent ou si vous l\u2019avez r\u00e9voqu\u00e9, vous pourrez alors b\u00e9n\u00e9ficier uniquement des fonctionnalit\u00e9s du site dont l\u2019utilisation n\u2019exige pas de tels cookies et les fonctionnalit\u00e9s du site potentiellement susceptibles d\u2019int\u00e9grer des contenus provenant de tiers ne vous seront pas propos\u00e9es.<br> Pour la gestion des cookies, la configuration de chaque navigateur est diff\u00e9rente. Vous trouverez ci-apr\u00e8s les liens ou d\u00e9marches vous permettant d\u2019acc\u00e9der aux informations d\u00e9taill\u00e9es sur le param\u00e9trage des cookies :<br> \u2013 Internet Explorer : http:\/\/windows.microsoft.com\/fr-fr\/internet-explorer\/delete-manage-cookies#ie=ie-11 <br> \u2013 Google Chrome : https:\/\/support.google.com\/chrome\/answer\/95647?hl=fr&amp;hlrm=en <br> \u2013 Mozilla Firefox : https:\/\/support.mozilla.org\/fr\/kb\/activer-desactiver-cookies-preferences?redirectlocale=fr&amp;redirectslug=activer-desactiver-cookies <br> \u2013 Safari : cliquez sur le bouton Param\u00e8tres, puis Pr\u00e9f\u00e9rences. Dans la fen\u00eatre qui s\u2019affiche, choisissez Confidentialit\u00e9\/S\u00e9curit\u00e9 et cliquez sur Afficher les Cookies. S\u00e9lectionnez les Cookies que vous souhaitez d\u00e9sactiver puis clic sur Effacer ou sur Tout effacer.<\/li><\/ol>","protected":false},"excerpt":{"rendered":"<p>Le site op-estuaires.fr \u00e9dit\u00e9 par OP ESTUAIRES utilise des cookies susceptibles d\u2019enregistrer des informations relatives \u00e0 votre navigation, sous r\u00e9serve des choix que vous auriez exprim\u00e9s \u00e0 leur sujet et que vous pouvez modifier \u00e0 tout moment. Cette page est destin\u00e9e \u00e0 vous informer sur la nature de ces cookies, leurs finalit\u00e9s et les moyens [&hellip;]<\/p>","protected":false},"author":3,"featured_media":0,"parent":0,"menu_order":0,"comment_status":"closed","ping_status":"closed","template":"","meta":{"footnotes":""},"class_list":["post-1165","page","type-page","status-publish","hentry"],"yoast_head":"<!-- This site is optimized with the Yoast SEO plugin v24.5 - https:\/\/yoast.com\/wordpress\/plugins\/seo\/ -->\n<title>Cookies<\/title>\n<meta name=\"robots\" content=\"noindex, follow\" \/>\n<meta property=\"og:locale\" content=\"nl_NL\" \/>\n<meta property=\"og:type\" content=\"article\" \/>\n<meta property=\"og:title\" content=\"Cookies\" \/>\n<meta property=\"og:description\" content=\"Le site op-estuaires.fr \u00e9dit\u00e9 par OP ESTUAIRES utilise des cookies susceptibles d\u2019enregistrer des informations relatives \u00e0 votre navigation, sous r\u00e9serve des choix que vous auriez exprim\u00e9s \u00e0 leur sujet et que vous pouvez modifier \u00e0 tout moment. Cette page est destin\u00e9e \u00e0 vous informer sur la nature de ces cookies, leurs finalit\u00e9s et les moyens [&hellip;]\" \/>\n<meta property=\"og:url\" content=\"https:\/\/www.op-estuaires.fr\/nl\/cookies\/\" \/>\n<meta property=\"og:site_name\" content=\"OP Estuaires\" \/>\n<meta property=\"article:modified_time\" content=\"2019-12-26T14:02:23+00:00\" \/>\n<meta name=\"twitter:card\" content=\"summary_large_image\" \/>\n<meta name=\"twitter:label1\" content=\"Geschatte leestijd\" \/>\n\t<meta name=\"twitter:data1\" content=\"10 minuten\" \/>\n<script type=\"application\/ld+json\" class=\"yoast-schema-graph\">{\"@context\":\"https:\/\/schema.org\",\"@graph\":[{\"@type\":\"WebPage\",\"@id\":\"https:\/\/www.op-estuaires.fr\/cookies\/\",\"url\":\"https:\/\/www.op-estuaires.fr\/cookies\/\",\"name\":\"Cookies\",\"isPartOf\":{\"@id\":\"https:\/\/www.op-estuaires.fr\/#website\"},\"datePublished\":\"2019-12-26T12:57:37+00:00\",\"dateModified\":\"2019-12-26T14:02:23+00:00\",\"breadcrumb\":{\"@id\":\"https:\/\/www.op-estuaires.fr\/cookies\/#breadcrumb\"},\"inLanguage\":\"nl-NL\",\"potentialAction\":[{\"@type\":\"ReadAction\",\"target\":[\"https:\/\/www.op-estuaires.fr\/cookies\/\"]}]},{\"@type\":\"BreadcrumbList\",\"@id\":\"https:\/\/www.op-estuaires.fr\/cookies\/#breadcrumb\",\"itemListElement\":[{\"@type\":\"ListItem\",\"position\":1,\"name\":\"Accueil\",\"item\":\"https:\/\/www.op-estuaires.fr\/\"},{\"@type\":\"ListItem\",\"position\":2,\"name\":\"Cookies\"}]},{\"@type\":\"WebSite\",\"@id\":\"https:\/\/www.op-estuaires.fr\/#website\",\"url\":\"https:\/\/www.op-estuaires.fr\/\",\"name\":\"OP Estuaires\",\"description\":\"L&#039;Organisation de producteurs Estuaires\",\"potentialAction\":[{\"@type\":\"SearchAction\",\"target\":{\"@type\":\"EntryPoint\",\"urlTemplate\":\"https:\/\/www.op-estuaires.fr\/?s={search_term_string}\"},\"query-input\":{\"@type\":\"PropertyValueSpecification\",\"valueRequired\":true,\"valueName\":\"search_term_string\"}}],\"inLanguage\":\"nl-NL\"}]}<\/script>\n<!-- \/ Yoast SEO plugin. -->","yoast_head_json":{"title":"Cookies","robots":{"index":"noindex","follow":"follow"},"og_locale":"nl_NL","og_type":"article","og_title":"Cookies","og_description":"Le site op-estuaires.fr \u00e9dit\u00e9 par OP ESTUAIRES utilise des cookies susceptibles d\u2019enregistrer des informations relatives \u00e0 votre navigation, sous r\u00e9serve des choix que vous auriez exprim\u00e9s \u00e0 leur sujet et que vous pouvez modifier \u00e0 tout moment. Cette page est destin\u00e9e \u00e0 vous informer sur la nature de ces cookies, leurs finalit\u00e9s et les moyens [&hellip;]","og_url":"https:\/\/www.op-estuaires.fr\/nl\/cookies\/","og_site_name":"OP Estuaires","article_modified_time":"2019-12-26T14:02:23+00:00","twitter_card":"summary_large_image","twitter_misc":{"Geschatte leestijd":"10 minuten"},"schema":{"@context":"https:\/\/schema.org","@graph":[{"@type":"WebPage","@id":"https:\/\/www.op-estuaires.fr\/cookies\/","url":"https:\/\/www.op-estuaires.fr\/cookies\/","name":"Cookies","isPartOf":{"@id":"https:\/\/www.op-estuaires.fr\/#website"},"datePublished":"2019-12-26T12:57:37+00:00","dateModified":"2019-12-26T14:02:23+00:00","breadcrumb":{"@id":"https:\/\/www.op-estuaires.fr\/cookies\/#breadcrumb"},"inLanguage":"nl-NL","potentialAction":[{"@type":"ReadAction","target":["https:\/\/www.op-estuaires.fr\/cookies\/"]}]},{"@type":"BreadcrumbList","@id":"https:\/\/www.op-estuaires.fr\/cookies\/#breadcrumb","itemListElement":[{"@type":"ListItem","position":1,"name":"Accueil","item":"https:\/\/www.op-estuaires.fr\/"},{"@type":"ListItem","position":2,"name":"Cookies"}]},{"@type":"WebSite","@id":"https:\/\/www.op-estuaires.fr\/#website","url":"https:\/\/www.op-estuaires.fr\/","name":"OP Estuaires","description":"L&#039;Organisation de producteurs Estuaires","potentialAction":[{"@type":"SearchAction","target":{"@type":"EntryPoint","urlTemplate":"https:\/\/www.op-estuaires.fr\/?s={search_term_string}"},"query-input":{"@type":"PropertyValueSpecification","valueRequired":true,"valueName":"search_term_string"}}],"inLanguage":"nl-NL"}]}},"_links":{"self":[{"href":"https:\/\/www.op-estuaires.fr\/nl\/wp-json\/wp\/v2\/pages\/1165","targetHints":{"allow":["GET"]}}],"collection":[{"href":"https:\/\/www.op-estuaires.fr\/nl\/wp-json\/wp\/v2\/pages"}],"about":[{"href":"https:\/\/www.op-estuaires.fr\/nl\/wp-json\/wp\/v2\/types\/page"}],"author":[{"embeddable":true,"href":"https:\/\/www.op-estuaires.fr\/nl\/wp-json\/wp\/v2\/users\/3"}],"replies":[{"embeddable":true,"href":"https:\/\/www.op-estuaires.fr\/nl\/wp-json\/wp\/v2\/comments?post=1165"}],"version-history":[{"count":2,"href":"https:\/\/www.op-estuaires.fr\/nl\/wp-json\/wp\/v2\/pages\/1165\/revisions"}],"predecessor-version":[{"id":1167,"href":"https:\/\/www.op-estuaires.fr\/nl\/wp-json\/wp\/v2\/pages\/1165\/revisions\/1167"}],"wp:attachment":[{"href":"https:\/\/www.op-estuaires.fr\/nl\/wp-json\/wp\/v2\/media?parent=1165"}],"curies":[{"name":"wp","href":"https:\/\/api.w.org\/{rel}","templated":true}]}}