{"id":624,"date":"2019-12-02T15:26:22","date_gmt":"2019-12-02T14:26:22","guid":{"rendered":"http:\/\/https:\/\/op-estuaires.fr\/?page_id=624"},"modified":"2025-02-17T14:32:19","modified_gmt":"2025-02-17T13:32:19","slug":"historique","status":"publish","type":"page","link":"https:\/\/www.op-estuaires.fr\/nl\/op-estuaires\/historique\/","title":{"rendered":"Geschiedenis van de organisatie"},"content":{"rendered":"<div id='av_section_1'  class='avia-section av-av_section-ead7872a6199d9872a6fed09789ee080 main_color avia-section-default avia-no-border-styling  avia-builder-el-0  avia-builder-el-no-sibling  avia-bg-style-scroll container_wrap fullsize'  ><div class='container av-section-cont-open' ><main  role=\"main\" itemprop=\"mainContentOfPage\"  class='template-page content  av-content-full alpha units'><div class='post-entry post-entry-type-page post-entry-624'><div class='entry-content-wrapper clearfix'>\n<div  class='flex_column av-av_one_half-cab6cb91e42b24d4f503cdabdc5ed6e0 av_one_half  avia-builder-el-1  el_before_av_one_half  avia-builder-el-first  first flex_column_div'     ><div  class='avia-slideshow av-m793fn9k-709564a5d958e5df563ea2c22a63b70d avia-slideshow-featured av_slideshow avia-slide-slider  avia-builder-el-2  avia-builder-el-no-sibling  av-slideshow-ui av-control-default av-nav-arrows-visible av-nav-dots-visible av-no-slider-navigation av-slideshow-manual av-loop-once av-loop-manual-endless av-default-height-applied avia-slideshow-1' data-slideshow-options=\"{&quot;animation&quot;:&quot;slide&quot;,&quot;autoplay&quot;:false,&quot;loop_autoplay&quot;:&quot;once&quot;,&quot;interval&quot;:5,&quot;loop_manual&quot;:&quot;manual-endless&quot;,&quot;autoplay_stopper&quot;:false,&quot;noNavigation&quot;:false,&quot;bg_slider&quot;:false,&quot;keep_padding&quot;:false,&quot;hoverpause&quot;:false,&quot;show_slide_delay&quot;:0}\"  itemprop=\"image\" itemscope=\"itemscope\" itemtype=\"https:\/\/schema.org\/ImageObject\" ><ul class='avia-slideshow-inner' style='padding-bottom: 66.666666666667%;'><li  class='avia-slideshow-slide av-m793fn9k-709564a5d958e5df563ea2c22a63b70d__0  slide-1 slide-odd'><div data-rel='slideshow-1' class='avia-slide-wrap'   ><img decoding=\"async\" fetchpriority=\"high\" class=\"wp-image-3753 avia-img-lazy-loading-not-3753\"  src=\"https:\/\/www.op-estuaires.fr\/wp-content\/uploads\/2022\/06\/civelles-balanca-22-1.jpg\" width=\"645\" height=\"430\" title='civelles balanca (22)' alt=''  itemprop=\"thumbnailUrl\" srcset=\"https:\/\/www.op-estuaires.fr\/wp-content\/uploads\/2022\/06\/civelles-balanca-22-1.jpg 1275w, https:\/\/www.op-estuaires.fr\/wp-content\/uploads\/2022\/06\/civelles-balanca-22-1-300x200.jpg 300w, https:\/\/www.op-estuaires.fr\/wp-content\/uploads\/2022\/06\/civelles-balanca-22-1-1024x683.jpg 1024w, https:\/\/www.op-estuaires.fr\/wp-content\/uploads\/2022\/06\/civelles-balanca-22-1-768x512.jpg 768w\" sizes=\"(max-width: 645px) 100vw, 645px\" \/><\/div><\/li><li  class='avia-slideshow-slide av-m793fn9k-709564a5d958e5df563ea2c22a63b70d__1  slide-2 slide-even'><div data-rel='slideshow-1' class='avia-slide-wrap'   ><img decoding=\"async\" fetchpriority=\"high\" class=\"wp-image-3987 avia-img-lazy-loading-not-3987\"  src=\"https:\/\/www.op-estuaires.fr\/wp-content\/uploads\/2022\/06\/civelles-balanca-25-3.jpg\" width=\"645\" height=\"430\" title='civelles balanca (25)' alt=''  itemprop=\"thumbnailUrl\" srcset=\"https:\/\/www.op-estuaires.fr\/wp-content\/uploads\/2022\/06\/civelles-balanca-25-3.jpg 1275w, https:\/\/www.op-estuaires.fr\/wp-content\/uploads\/2022\/06\/civelles-balanca-25-3-300x200.jpg 300w, https:\/\/www.op-estuaires.fr\/wp-content\/uploads\/2022\/06\/civelles-balanca-25-3-1024x683.jpg 1024w, https:\/\/www.op-estuaires.fr\/wp-content\/uploads\/2022\/06\/civelles-balanca-25-3-768x512.jpg 768w\" sizes=\"(max-width: 645px) 100vw, 645px\" \/><\/div><\/li><li  class='avia-slideshow-slide av-m793fn9k-709564a5d958e5df563ea2c22a63b70d__2  slide-3 slide-odd'><div data-rel='slideshow-1' class='avia-slide-wrap'   ><img decoding=\"async\" fetchpriority=\"high\" class=\"wp-image-3748 avia-img-lazy-loading-not-3748\"  src=\"https:\/\/www.op-estuaires.fr\/wp-content\/uploads\/2022\/06\/civelles-balanca-16_copyright-28.jpg\" width=\"645\" height=\"430\" title='civelles balanca (16)_copyright 28' alt=''  itemprop=\"thumbnailUrl\" srcset=\"https:\/\/www.op-estuaires.fr\/wp-content\/uploads\/2022\/06\/civelles-balanca-16_copyright-28.jpg 1275w, https:\/\/www.op-estuaires.fr\/wp-content\/uploads\/2022\/06\/civelles-balanca-16_copyright-28-300x200.jpg 300w, https:\/\/www.op-estuaires.fr\/wp-content\/uploads\/2022\/06\/civelles-balanca-16_copyright-28-1024x683.jpg 1024w, https:\/\/www.op-estuaires.fr\/wp-content\/uploads\/2022\/06\/civelles-balanca-16_copyright-28-768x512.jpg 768w\" sizes=\"(max-width: 645px) 100vw, 645px\" \/><\/div><\/li><li  class='avia-slideshow-slide av-m793fn9k-709564a5d958e5df563ea2c22a63b70d__3  slide-4 slide-even'><div data-rel='slideshow-1' class='avia-slide-wrap'   ><img decoding=\"async\" fetchpriority=\"high\" class=\"wp-image-3755 avia-img-lazy-loading-not-3755\"  src=\"https:\/\/www.op-estuaires.fr\/wp-content\/uploads\/2022\/06\/civelles-balanca-26-2.jpg\" width=\"645\" height=\"430\" title='civelles balanca (26)' alt=''  itemprop=\"thumbnailUrl\" srcset=\"https:\/\/www.op-estuaires.fr\/wp-content\/uploads\/2022\/06\/civelles-balanca-26-2.jpg 1275w, https:\/\/www.op-estuaires.fr\/wp-content\/uploads\/2022\/06\/civelles-balanca-26-2-300x200.jpg 300w, https:\/\/www.op-estuaires.fr\/wp-content\/uploads\/2022\/06\/civelles-balanca-26-2-1024x683.jpg 1024w, https:\/\/www.op-estuaires.fr\/wp-content\/uploads\/2022\/06\/civelles-balanca-26-2-768x512.jpg 768w\" sizes=\"(max-width: 645px) 100vw, 645px\" \/><\/div><\/li><li  class='avia-slideshow-slide av-m793fn9k-709564a5d958e5df563ea2c22a63b70d__4  slide-5 slide-odd'><div data-rel='slideshow-1' class='avia-slide-wrap'   ><img decoding=\"async\" fetchpriority=\"high\" class=\"wp-image-3752 avia-img-lazy-loading-not-3752\"  src=\"https:\/\/www.op-estuaires.fr\/wp-content\/uploads\/2022\/06\/civelles-balanca-17-2.jpg\" width=\"645\" height=\"430\" title='civelles balanca (17)' alt=''  itemprop=\"thumbnailUrl\" srcset=\"https:\/\/www.op-estuaires.fr\/wp-content\/uploads\/2022\/06\/civelles-balanca-17-2.jpg 1275w, https:\/\/www.op-estuaires.fr\/wp-content\/uploads\/2022\/06\/civelles-balanca-17-2-300x200.jpg 300w, https:\/\/www.op-estuaires.fr\/wp-content\/uploads\/2022\/06\/civelles-balanca-17-2-1024x683.jpg 1024w, https:\/\/www.op-estuaires.fr\/wp-content\/uploads\/2022\/06\/civelles-balanca-17-2-768x512.jpg 768w\" sizes=\"(max-width: 645px) 100vw, 645px\" \/><\/div><\/li><li  class='avia-slideshow-slide av-m793fn9k-709564a5d958e5df563ea2c22a63b70d__5  slide-6 slide-even'><div data-rel='slideshow-1' class='avia-slide-wrap'   ><img decoding=\"async\" fetchpriority=\"high\" class=\"wp-image-3701 avia-img-lazy-loading-not-3701\"  src=\"https:\/\/www.op-estuaires.fr\/wp-content\/uploads\/2022\/06\/civelles-balanca-17.jpg\" width=\"645\" height=\"430\" title='civelles balanca (17)' alt=''  itemprop=\"thumbnailUrl\" srcset=\"https:\/\/www.op-estuaires.fr\/wp-content\/uploads\/2022\/06\/civelles-balanca-17.jpg 1275w, https:\/\/www.op-estuaires.fr\/wp-content\/uploads\/2022\/06\/civelles-balanca-17-300x200.jpg 300w, https:\/\/www.op-estuaires.fr\/wp-content\/uploads\/2022\/06\/civelles-balanca-17-1024x683.jpg 1024w, https:\/\/www.op-estuaires.fr\/wp-content\/uploads\/2022\/06\/civelles-balanca-17-768x512.jpg 768w\" sizes=\"(max-width: 645px) 100vw, 645px\" \/><\/div><\/li><\/ul><div class='avia-slideshow-arrows avia-slideshow-controls' ><a href='#prev' class='prev-slide' aria-hidden='true' data-av_icon='\ue87c' data-av_iconfont='entypo-fontello'  tabindex='-1'>Vorige<\/a><a href='#next' class='next-slide' aria-hidden='true' data-av_icon='\ue87d' data-av_iconfont='entypo-fontello'  tabindex='-1'>Volgende<\/a><\/div><\/div><\/div><div  class='flex_column av-av_one_half-5ebb9248fb9c120f6665341cb151d4ce av_one_half  avia-builder-el-3  el_after_av_one_half  el_before_av_one_full  flex_column_div'     ><section  class='av_textblock_section av-m793dkcq-613e4ac52e2ac716bde1633894b4a030'   itemscope=\"itemscope\" itemtype=\"https:\/\/schema.org\/CreativeWork\" ><div class='avia_textblock'  itemprop=\"text\" ><p>Sinds de tweede helft van de 20<sup>\u00e8me<\/sup> eeuw, neemt de stand van de<a href=\"https:\/\/www.op-estuaires.fr\/nl\/op-estuaires\/pecheries-concernees__trashed\/la-civelle\/\">Europese aal<\/a> af. In die tijd werden de glasalen, \u00e9\u00e9n van de ontwikkelingsstadia van de aal, zonder beperking gevist door Franse beroepsvissers en recreatievissers. Deze vis werd niet verkocht op de visafslag \u2026.zoals de meeste andere vissoorten, maar de producenten verkochten ze rechtstreeks aan het tiental groothandelaren in zeevis in Frankrijk. De levende glasalen waren bijna uitsluitend bestemd voor menselijke consumptie, in de vorm van glasalen of paling. De Aziatische markt met een zeer hoge kiloprijs was de markt die het meest opbracht.<\/p>\n<\/div><\/section><\/div><div  class='flex_column av-av_one_full-cab6cb91e42b24d4f503cdabdc5ed6e0 av_one_full  avia-builder-el-5  el_after_av_one_half  avia-builder-el-last  first flex_column_div  column-top-margin'     ><section  class='av_textblock_section av-m793b3ik-6aee69381fad91457bbd09711171f2a4'   itemscope=\"itemscope\" itemtype=\"https:\/\/schema.org\/CreativeWork\" ><div class='avia_textblock'  itemprop=\"text\" ><section class=\"kc-elm kc-css-172819 kc_row\">\n<div class=\"kc-row-container kc-container\">\n<div class=\"kc-wrap-columns\">\n<div class=\"kc-elm kc-css-1938533 kc_col-sm-12 kc_column kc_col-sm-12\">\n<div class=\"kc-col-container\">\n<div class=\"kc-elm kc-css-1600197 kc_text_block\">\n<p>Om de sterfte door toedoen van de mens terug te brengen, heeft de Ministerraad van de EU in september 2007 voor de <a href=\"https:\/\/www.op-estuaires.fr\/nl\/reglementation\/\">Europese verordening EC nr 1100\/2007<\/a>gestemd en met name voor een regulering van de visserij voor de betrokken lidstaten, en om 60% van de productie te bestemmen voor het weer uitzetten in de Europese wateren.<\/div>\n<\/div>\n<\/div>\n<\/div>\n<\/div>\n<\/section>\n<section class=\"kc-elm kc-css-775628 kc_row\">\n<div class=\"kc-row-container kc-container\">\n<div class=\"kc-wrap-columns\">\n<div class=\"kc-elm kc-css-2390395 kc_col-sm-12 kc_column kc_col-sm-12\">\n<div class=\"kc-col-container\">\n<div class=\"kc-elm kc-css-4064684 kc_text_block\">\n<p>In het Beheersplan voor de Franse aal dat in 2010 goedgekeurd is , wordt alleen de beroepsvisserij  van de Europese aal toegestaan, met instelling van een nationaal visquota waarvan 60 % bestemd is voor weer uitzetting en 40 % voor consumptie.<\/p>\n<p>Daarnaast is de Europese aal opgenomen in bijlage II van de <a href=\"https:\/\/www.op-estuaires.fr\/nl\/cites\/\">CITES<\/a>lijst van bedreigde soorten, een organisatie die de internationale handel reguleert van individuen van de in deze bijlagen ingeschreven soorten om ze te beschermen tegen overbevissing. In 2010, is de verkoop van de glasaal buiten de EU verboden waardoor de vissers van de markt met de grootste vraag en de beste beloning:  de Aziatische, ervan verstoken werden.<\/div>\n<\/div>\n<\/div>\n<\/div>\n<\/div>\n<\/section>\n<section class=\"kc-elm kc-css-3835035 kc_row\">\n<div class=\"kc-row-container kc-container\">\n<div class=\"kc-wrap-columns\">\n<div class=\"kc-elm kc-css-3980683 kc_col-sm-6 kc_column kc_col-sm-6\">\n<div class=\"kc-col-container\">\n<div class=\"kc-elm kc-css-872557 kc_text_block\">\n<p>De glasaalvisserij vertegenwoordigde een belangrijk deel van de werkzaamheden van de vissers van het stroomgebied van de Loire en daarom heeft deze regelgeving grote gevolgen gehad voor de markt van de glasaal en voor de rentabiliteit van de ondernemingen. Tegenover een vermindering van de vraag en een constante verlaging van de prijzen, hebben de beroepsvissers, zowel de zeevissers als de riviervissers van het stroomgebied van de Loire, sterk actie ondernomen om een co\u00f6peratieve organisatie in het leven te roepen die in staat was de productie aan de markt aan te passer.<\/p>\n<p class=\"translation-block\">Zo is de <a href=\"https:\/\/www.op-estuaires.fr\/nl\/op-estuaires\/\" target=\"_self\">OPE <\/a>opgericht in 2013, die bijna 1\/3 van de Franse glasaalproducenten en 40 % van het nationale quota verenigde, met de steun van de Regionale Commissie voor de Zeevisserij en de Zeeteelt van de r\u00e9gio van de Loire <a href=\"http:\/\/www.corepem.fr\/\" target=\"_self\">(Comit\u00e9 R\u00e9gional des P\u00eaches Maritimes et des Elevages Marins des Pays de la Loire (COREPEM). <\/a><\/div>\n<\/div>\n<\/div>\n<div class=\"kc-elm kc-css-2246335 kc_col-sm-6 kc_column kc_col-sm-6\">\n<div class=\"kc-col-container\">\n<div class=\"kc-elm kc-css-289234 kc_shortcode kc_single_image\">\n<p><img decoding=\"async\" class=\"\" src=\"https:\/\/www.op-estuaires.fr\/wp-content\/uploads\/2019\/12\/P1000505-Copie-scaled.jpg\" alt=\"\" \/><\/div>\n<\/div>\n<\/div>\n<\/div>\n<\/div>\n<\/section>\n<\/div><\/section><\/div>","protected":false},"excerpt":{"rendered":"","protected":false},"author":3,"featured_media":0,"parent":581,"menu_order":0,"comment_status":"closed","ping_status":"closed","template":"","meta":{"footnotes":""},"class_list":["post-624","page","type-page","status-publish","hentry"],"yoast_head":"<!-- This site is optimized with the Yoast SEO plugin v24.5 - https:\/\/yoast.com\/wordpress\/plugins\/seo\/ -->\n<title>Historique de la structure<\/title>\n<meta name=\"robots\" content=\"index, follow, max-snippet:-1, max-image-preview:large, max-video-preview:-1\" \/>\n<link rel=\"canonical\" href=\"https:\/\/www.op-estuaires.fr\/nl\/op-estuaires\/historique\/\" \/>\n<meta property=\"og:locale\" content=\"nl_NL\" \/>\n<meta property=\"og:type\" content=\"article\" \/>\n<meta property=\"og:title\" content=\"Historique de la structure\" \/>\n<meta property=\"og:url\" content=\"https:\/\/www.op-estuaires.fr\/nl\/op-estuaires\/historique\/\" \/>\n<meta property=\"og:site_name\" content=\"OP Estuaires\" \/>\n<meta property=\"article:modified_time\" content=\"2025-02-17T13:32:19+00:00\" \/>\n<meta property=\"og:image\" content=\"https:\/\/www.op-estuaires.fr\/wp-content\/uploads\/2019\/12\/P1000505-Copie-scaled.jpg\" \/>\n<meta name=\"twitter:card\" content=\"summary_large_image\" \/>\n<meta name=\"twitter:label1\" content=\"Geschatte leestijd\" \/>\n\t<meta name=\"twitter:data1\" content=\"4 minuten\" \/>\n<script type=\"application\/ld+json\" class=\"yoast-schema-graph\">{\"@context\":\"https:\/\/schema.org\",\"@graph\":[{\"@type\":\"WebPage\",\"@id\":\"https:\/\/www.op-estuaires.fr\/en\/op-estuaires\/historique\/\",\"url\":\"https:\/\/www.op-estuaires.fr\/en\/op-estuaires\/historique\/\",\"name\":\"Historique de la structure\",\"isPartOf\":{\"@id\":\"https:\/\/www.op-estuaires.fr\/#website\"},\"primaryImageOfPage\":{\"@id\":\"https:\/\/www.op-estuaires.fr\/en\/op-estuaires\/historique\/#primaryimage\"},\"image\":{\"@id\":\"https:\/\/www.op-estuaires.fr\/en\/op-estuaires\/historique\/#primaryimage\"},\"thumbnailUrl\":\"https:\/\/www.op-estuaires.fr\/wp-content\/uploads\/2019\/12\/P1000505-Copie-scaled.jpg\",\"datePublished\":\"2019-12-02T14:26:22+00:00\",\"dateModified\":\"2025-02-17T13:32:19+00:00\",\"breadcrumb\":{\"@id\":\"https:\/\/www.op-estuaires.fr\/en\/op-estuaires\/historique\/#breadcrumb\"},\"inLanguage\":\"nl-NL\",\"potentialAction\":[{\"@type\":\"ReadAction\",\"target\":[\"https:\/\/www.op-estuaires.fr\/en\/op-estuaires\/historique\/\"]}]},{\"@type\":\"ImageObject\",\"inLanguage\":\"nl-NL\",\"@id\":\"https:\/\/www.op-estuaires.fr\/en\/op-estuaires\/historique\/#primaryimage\",\"url\":\"https:\/\/www.op-estuaires.fr\/wp-content\/uploads\/2019\/12\/P1000505-Copie-scaled.jpg\",\"contentUrl\":\"https:\/\/www.op-estuaires.fr\/wp-content\/uploads\/2019\/12\/P1000505-Copie-scaled.jpg\"},{\"@type\":\"BreadcrumbList\",\"@id\":\"https:\/\/www.op-estuaires.fr\/en\/op-estuaires\/historique\/#breadcrumb\",\"itemListElement\":[{\"@type\":\"ListItem\",\"position\":1,\"name\":\"Accueil\",\"item\":\"https:\/\/www.op-estuaires.fr\/\"},{\"@type\":\"ListItem\",\"position\":2,\"name\":\"L&#8217;OP Estuaires\",\"item\":\"https:\/\/www.op-estuaires.fr\/de\/op-estuaires\/\"},{\"@type\":\"ListItem\",\"position\":3,\"name\":\"Historique de la structure\"}]},{\"@type\":\"WebSite\",\"@id\":\"https:\/\/www.op-estuaires.fr\/#website\",\"url\":\"https:\/\/www.op-estuaires.fr\/\",\"name\":\"OP Estuaires\",\"description\":\"L&#039;Organisation de producteurs Estuaires\",\"potentialAction\":[{\"@type\":\"SearchAction\",\"target\":{\"@type\":\"EntryPoint\",\"urlTemplate\":\"https:\/\/www.op-estuaires.fr\/?s={search_term_string}\"},\"query-input\":{\"@type\":\"PropertyValueSpecification\",\"valueRequired\":true,\"valueName\":\"search_term_string\"}}],\"inLanguage\":\"nl-NL\"}]}<\/script>\n<!-- \/ Yoast SEO plugin. -->","yoast_head_json":{"title":"Historique de la structure","robots":{"index":"index","follow":"follow","max-snippet":"max-snippet:-1","max-image-preview":"max-image-preview:large","max-video-preview":"max-video-preview:-1"},"canonical":"https:\/\/www.op-estuaires.fr\/nl\/op-estuaires\/historique\/","og_locale":"nl_NL","og_type":"article","og_title":"Historique de la structure","og_url":"https:\/\/www.op-estuaires.fr\/nl\/op-estuaires\/historique\/","og_site_name":"OP Estuaires","article_modified_time":"2025-02-17T13:32:19+00:00","og_image":[{"url":"https:\/\/www.op-estuaires.fr\/wp-content\/uploads\/2019\/12\/P1000505-Copie-scaled.jpg","type":"","width":"","height":""}],"twitter_card":"summary_large_image","twitter_misc":{"Geschatte leestijd":"4 minuten"},"schema":{"@context":"https:\/\/schema.org","@graph":[{"@type":"WebPage","@id":"https:\/\/www.op-estuaires.fr\/en\/op-estuaires\/historique\/","url":"https:\/\/www.op-estuaires.fr\/en\/op-estuaires\/historique\/","name":"Historique de la structure","isPartOf":{"@id":"https:\/\/www.op-estuaires.fr\/#website"},"primaryImageOfPage":{"@id":"https:\/\/www.op-estuaires.fr\/en\/op-estuaires\/historique\/#primaryimage"},"image":{"@id":"https:\/\/www.op-estuaires.fr\/en\/op-estuaires\/historique\/#primaryimage"},"thumbnailUrl":"https:\/\/www.op-estuaires.fr\/wp-content\/uploads\/2019\/12\/P1000505-Copie-scaled.jpg","datePublished":"2019-12-02T14:26:22+00:00","dateModified":"2025-02-17T13:32:19+00:00","breadcrumb":{"@id":"https:\/\/www.op-estuaires.fr\/en\/op-estuaires\/historique\/#breadcrumb"},"inLanguage":"nl-NL","potentialAction":[{"@type":"ReadAction","target":["https:\/\/www.op-estuaires.fr\/en\/op-estuaires\/historique\/"]}]},{"@type":"ImageObject","inLanguage":"nl-NL","@id":"https:\/\/www.op-estuaires.fr\/en\/op-estuaires\/historique\/#primaryimage","url":"https:\/\/www.op-estuaires.fr\/wp-content\/uploads\/2019\/12\/P1000505-Copie-scaled.jpg","contentUrl":"https:\/\/www.op-estuaires.fr\/wp-content\/uploads\/2019\/12\/P1000505-Copie-scaled.jpg"},{"@type":"BreadcrumbList","@id":"https:\/\/www.op-estuaires.fr\/en\/op-estuaires\/historique\/#breadcrumb","itemListElement":[{"@type":"ListItem","position":1,"name":"Accueil","item":"https:\/\/www.op-estuaires.fr\/"},{"@type":"ListItem","position":2,"name":"L&#8217;OP Estuaires","item":"https:\/\/www.op-estuaires.fr\/de\/op-estuaires\/"},{"@type":"ListItem","position":3,"name":"Historique de la structure"}]},{"@type":"WebSite","@id":"https:\/\/www.op-estuaires.fr\/#website","url":"https:\/\/www.op-estuaires.fr\/","name":"OP Estuaires","description":"L&#039;Organisation de producteurs Estuaires","potentialAction":[{"@type":"SearchAction","target":{"@type":"EntryPoint","urlTemplate":"https:\/\/www.op-estuaires.fr\/?s={search_term_string}"},"query-input":{"@type":"PropertyValueSpecification","valueRequired":true,"valueName":"search_term_string"}}],"inLanguage":"nl-NL"}]}},"_links":{"self":[{"href":"https:\/\/www.op-estuaires.fr\/nl\/wp-json\/wp\/v2\/pages\/624","targetHints":{"allow":["GET"]}}],"collection":[{"href":"https:\/\/www.op-estuaires.fr\/nl\/wp-json\/wp\/v2\/pages"}],"about":[{"href":"https:\/\/www.op-estuaires.fr\/nl\/wp-json\/wp\/v2\/types\/page"}],"author":[{"embeddable":true,"href":"https:\/\/www.op-estuaires.fr\/nl\/wp-json\/wp\/v2\/users\/3"}],"replies":[{"embeddable":true,"href":"https:\/\/www.op-estuaires.fr\/nl\/wp-json\/wp\/v2\/comments?post=624"}],"version-history":[{"count":172,"href":"https:\/\/www.op-estuaires.fr\/nl\/wp-json\/wp\/v2\/pages\/624\/revisions"}],"predecessor-version":[{"id":4350,"href":"https:\/\/www.op-estuaires.fr\/nl\/wp-json\/wp\/v2\/pages\/624\/revisions\/4350"}],"up":[{"embeddable":true,"href":"https:\/\/www.op-estuaires.fr\/nl\/wp-json\/wp\/v2\/pages\/581"}],"wp:attachment":[{"href":"https:\/\/www.op-estuaires.fr\/nl\/wp-json\/wp\/v2\/media?parent=624"}],"curies":[{"name":"wp","href":"https:\/\/api.w.org\/{rel}","templated":true}]}}