{"id":953,"date":"2019-12-09T17:02:49","date_gmt":"2019-12-09T16:02:49","guid":{"rendered":"http:\/\/https:\/\/op-estuaires.fr\/?page_id=953"},"modified":"2022-06-29T09:35:29","modified_gmt":"2022-06-29T07:35:29","slug":"implantation","status":"publish","type":"page","link":"https:\/\/www.op-estuaires.fr\/nl\/op-estuaires\/implantation\/","title":{"rendered":"Vestiging"},"content":{"rendered":"<style type=\"text\/css\">@media only screen and (min-width: 1000px) and (max-width: 5000px){body.kc-css-system .kc-css-1702578{width: 50%;}body.kc-css-system .kc-css-2523026{width: 50%;}body.kc-css-system .kc-css-1907388{width: 100%;}}body.kc-css-system .kc-css-2272481{text-align: center;}<\/style>\n<section class=\"kc-elm kc-css-867919 kc_row\">\n<div class=\"kc-row-container  kc-container\">\n<div class=\"kc-wrap-columns\">\n<div class=\"kc-elm kc-css-1702578 kc_col-sm-6 kc_column kc_col-sm-6\">\n<div class=\"kc-col-container\">\n<div class=\"kc-elm kc-css-3200878 kc-title-wrap\">\n<h2 class=\"kc_title\">Aanwezigheid over 3 departementen<\/h2>\n<\/div>\n<div class=\"kc-elm kc-css-445429 kc_text_block\">\n<p>L\u2019OP rassemble des adh\u00e9rents qui travaillent sur trois d\u00e9partements: la Loire Atlantique, la Vend\u00e9e et la Charente-Maritime et exerce ses fonctions sur les bassins Loire, c\u00f4tiers vend\u00e9ens et S\u00e8vre niortaise.<\/p>\n<\/p>\n<\/div>\n<div class=\"kc-elm kc-css-3099660 kc_text_block\">\n<p>In het <a href=\"https:\/\/www.op-estuaires.fr\/nl\/plan-de-gestion-anguille\/\">Beheersplan van de Franse aal<\/a> fran\u00e7ais, plusieurs unit\u00e9s de gestion ont \u00e9t\u00e9 d\u00e9finies.&nbsp; Les adh\u00e9rents civeliers travaillent sur l\u2019Unit\u00e9 de gestion anguille Loire, c\u00f4tiers vend\u00e9ens et S\u00e8vre niortaise (UGA LCV) et plus particuli\u00e8rement sur les estuaires de la Loire, la Baie de Bourgneuf, la Vie, le Lay et la S\u00e8vre niortaise. <\/p>\n<\/p>\n<\/div>\n<div class=\"kc-elm kc-css-2444269\" style=\"height: 20px; clear: both; width:100%;\"><\/div>\n<div class=\"kc-elm kc-css-726922 kc_shortcode kc_single_image\">\n<p>        <img decoding=\"async\" src=\"https:\/\/www.op-estuaires.fr\/wp-content\/uploads\/2022\/06\/civelle-coueron-2.jpg\" class=\"\" alt=\"\" \/>    <\/div>\n<\/div>\n<\/div>\n<div class=\"kc-elm kc-css-2523026 kc_col-sm-6 kc_column kc_col-sm-6\">\n<div class=\"kc-col-container\">\n<div class=\"kc-elm kc-css-4310408\" style=\"height: 20px; clear: both; width:100%;\"><\/div>\n<div class=\"kc-elm kc-css-3160415\" style=\"height: 20px; clear: both; width:100%;\"><\/div>\n<div class=\"kc-elm kc-css-2272481 kc_shortcode kc_single_image\">\n<p>        <img decoding=\"async\" src=\"https:\/\/www.op-estuaires.fr\/wp-content\/uploads\/2022\/06\/Implantation-OP-et-SAS_d\u00e9partementsMF_sans-employ\u00e9s-2.jpg\" class=\"\" alt=\"\" \/>    <\/div>\n<\/div>\n<\/div>\n<\/div>\n<\/div>\n<\/section>\n<section class=\"kc-elm kc-css-4341064 kc_row\">\n<div class=\"kc-row-container  kc-container\">\n<div class=\"kc-wrap-columns\">\n<div class=\"kc-elm kc-css-1907388 kc_col-sm-12 kc_column kc_col-sm-12\">\n<div class=\"kc-col-container\">\n<div class=\"kc-elm kc-css-1336662\" style=\"height: 28px; clear: both; width:100%;\"><\/div>\n<\/div>\n<\/div>\n<\/div>\n<\/div>\n<\/section>","protected":false},"excerpt":{"rendered":"<p>Pr\u00e9sence sur 3 d\u00e9partements L\u2019OP rassemble des adh\u00e9rents qui travaillent sur trois d\u00e9partements: la Loire Atlantique, la Vend\u00e9e et la Charente-Maritime et exerce ses fonctions sur les bassins Loire, c\u00f4tiers vend\u00e9ens et S\u00e8vre niortaise. Dans le Plan de Gestion Anguille fran\u00e7ais, plusieurs unit\u00e9s de gestion ont \u00e9t\u00e9 d\u00e9finies.&nbsp; Les adh\u00e9rents civeliers travaillent sur l\u2019Unit\u00e9 de [&hellip;]<\/p>","protected":false},"author":3,"featured_media":0,"parent":581,"menu_order":0,"comment_status":"closed","ping_status":"closed","template":"","meta":{"footnotes":""},"class_list":["post-953","page","type-page","status-publish","hentry"],"yoast_head":"<!-- This site is optimized with the Yoast SEO plugin v24.5 - https:\/\/yoast.com\/wordpress\/plugins\/seo\/ -->\n<title>Implantation<\/title>\n<meta name=\"robots\" content=\"index, follow, max-snippet:-1, max-image-preview:large, max-video-preview:-1\" \/>\n<link rel=\"canonical\" href=\"https:\/\/www.op-estuaires.fr\/nl\/op-estuaires\/implantation\/\" \/>\n<meta property=\"og:locale\" content=\"nl_NL\" \/>\n<meta property=\"og:type\" content=\"article\" \/>\n<meta property=\"og:title\" content=\"Implantation\" \/>\n<meta property=\"og:description\" content=\"Pr\u00e9sence sur 3 d\u00e9partements L\u2019OP rassemble des adh\u00e9rents qui travaillent sur trois d\u00e9partements: la Loire Atlantique, la Vend\u00e9e et la Charente-Maritime et exerce ses fonctions sur les bassins Loire, c\u00f4tiers vend\u00e9ens et S\u00e8vre niortaise. Dans le Plan de Gestion Anguille fran\u00e7ais, plusieurs unit\u00e9s de gestion ont \u00e9t\u00e9 d\u00e9finies.&nbsp; Les adh\u00e9rents civeliers travaillent sur l\u2019Unit\u00e9 de [&hellip;]\" \/>\n<meta property=\"og:url\" content=\"https:\/\/www.op-estuaires.fr\/nl\/op-estuaires\/implantation\/\" \/>\n<meta property=\"og:site_name\" content=\"OP Estuaires\" \/>\n<meta property=\"article:modified_time\" content=\"2022-06-29T07:35:29+00:00\" \/>\n<meta property=\"og:image\" content=\"https:\/\/www.op-estuaires.fr\/wp-content\/uploads\/2022\/06\/civelle-coueron-2.jpg\" \/>\n<meta name=\"twitter:card\" content=\"summary_large_image\" \/>\n<meta name=\"twitter:label1\" content=\"Geschatte leestijd\" \/>\n\t<meta name=\"twitter:data1\" content=\"1 minuut\" \/>\n<script type=\"application\/ld+json\" class=\"yoast-schema-graph\">{\"@context\":\"https:\/\/schema.org\",\"@graph\":[{\"@type\":\"WebPage\",\"@id\":\"https:\/\/www.op-estuaires.fr\/en\/op-estuaires\/implantation\/\",\"url\":\"https:\/\/www.op-estuaires.fr\/en\/op-estuaires\/implantation\/\",\"name\":\"Implantation\",\"isPartOf\":{\"@id\":\"https:\/\/www.op-estuaires.fr\/#website\"},\"primaryImageOfPage\":{\"@id\":\"https:\/\/www.op-estuaires.fr\/en\/op-estuaires\/implantation\/#primaryimage\"},\"image\":{\"@id\":\"https:\/\/www.op-estuaires.fr\/en\/op-estuaires\/implantation\/#primaryimage\"},\"thumbnailUrl\":\"https:\/\/www.op-estuaires.fr\/wp-content\/uploads\/2022\/06\/civelle-coueron-2.jpg\",\"datePublished\":\"2019-12-09T16:02:49+00:00\",\"dateModified\":\"2022-06-29T07:35:29+00:00\",\"breadcrumb\":{\"@id\":\"https:\/\/www.op-estuaires.fr\/en\/op-estuaires\/implantation\/#breadcrumb\"},\"inLanguage\":\"nl-NL\",\"potentialAction\":[{\"@type\":\"ReadAction\",\"target\":[\"https:\/\/www.op-estuaires.fr\/en\/op-estuaires\/implantation\/\"]}]},{\"@type\":\"ImageObject\",\"inLanguage\":\"nl-NL\",\"@id\":\"https:\/\/www.op-estuaires.fr\/en\/op-estuaires\/implantation\/#primaryimage\",\"url\":\"https:\/\/www.op-estuaires.fr\/wp-content\/uploads\/2022\/06\/civelle-coueron-2.jpg\",\"contentUrl\":\"https:\/\/www.op-estuaires.fr\/wp-content\/uploads\/2022\/06\/civelle-coueron-2.jpg\"},{\"@type\":\"BreadcrumbList\",\"@id\":\"https:\/\/www.op-estuaires.fr\/en\/op-estuaires\/implantation\/#breadcrumb\",\"itemListElement\":[{\"@type\":\"ListItem\",\"position\":1,\"name\":\"Accueil\",\"item\":\"https:\/\/www.op-estuaires.fr\/\"},{\"@type\":\"ListItem\",\"position\":2,\"name\":\"L&#8217;OP Estuaires\",\"item\":\"https:\/\/www.op-estuaires.fr\/de\/op-estuaires\/\"},{\"@type\":\"ListItem\",\"position\":3,\"name\":\"Implantation\"}]},{\"@type\":\"WebSite\",\"@id\":\"https:\/\/www.op-estuaires.fr\/#website\",\"url\":\"https:\/\/www.op-estuaires.fr\/\",\"name\":\"OP Estuaires\",\"description\":\"L&#039;Organisation de producteurs Estuaires\",\"potentialAction\":[{\"@type\":\"SearchAction\",\"target\":{\"@type\":\"EntryPoint\",\"urlTemplate\":\"https:\/\/www.op-estuaires.fr\/?s={search_term_string}\"},\"query-input\":{\"@type\":\"PropertyValueSpecification\",\"valueRequired\":true,\"valueName\":\"search_term_string\"}}],\"inLanguage\":\"nl-NL\"}]}<\/script>\n<!-- \/ Yoast SEO plugin. -->","yoast_head_json":{"title":"Implantation","robots":{"index":"index","follow":"follow","max-snippet":"max-snippet:-1","max-image-preview":"max-image-preview:large","max-video-preview":"max-video-preview:-1"},"canonical":"https:\/\/www.op-estuaires.fr\/nl\/op-estuaires\/implantation\/","og_locale":"nl_NL","og_type":"article","og_title":"Implantation","og_description":"Pr\u00e9sence sur 3 d\u00e9partements L\u2019OP rassemble des adh\u00e9rents qui travaillent sur trois d\u00e9partements: la Loire Atlantique, la Vend\u00e9e et la Charente-Maritime et exerce ses fonctions sur les bassins Loire, c\u00f4tiers vend\u00e9ens et S\u00e8vre niortaise. Dans le Plan de Gestion Anguille fran\u00e7ais, plusieurs unit\u00e9s de gestion ont \u00e9t\u00e9 d\u00e9finies.&nbsp; Les adh\u00e9rents civeliers travaillent sur l\u2019Unit\u00e9 de [&hellip;]","og_url":"https:\/\/www.op-estuaires.fr\/nl\/op-estuaires\/implantation\/","og_site_name":"OP Estuaires","article_modified_time":"2022-06-29T07:35:29+00:00","og_image":[{"url":"https:\/\/www.op-estuaires.fr\/wp-content\/uploads\/2022\/06\/civelle-coueron-2.jpg","type":"","width":"","height":""}],"twitter_card":"summary_large_image","twitter_misc":{"Geschatte leestijd":"1 minuut"},"schema":{"@context":"https:\/\/schema.org","@graph":[{"@type":"WebPage","@id":"https:\/\/www.op-estuaires.fr\/en\/op-estuaires\/implantation\/","url":"https:\/\/www.op-estuaires.fr\/en\/op-estuaires\/implantation\/","name":"Implantation","isPartOf":{"@id":"https:\/\/www.op-estuaires.fr\/#website"},"primaryImageOfPage":{"@id":"https:\/\/www.op-estuaires.fr\/en\/op-estuaires\/implantation\/#primaryimage"},"image":{"@id":"https:\/\/www.op-estuaires.fr\/en\/op-estuaires\/implantation\/#primaryimage"},"thumbnailUrl":"https:\/\/www.op-estuaires.fr\/wp-content\/uploads\/2022\/06\/civelle-coueron-2.jpg","datePublished":"2019-12-09T16:02:49+00:00","dateModified":"2022-06-29T07:35:29+00:00","breadcrumb":{"@id":"https:\/\/www.op-estuaires.fr\/en\/op-estuaires\/implantation\/#breadcrumb"},"inLanguage":"nl-NL","potentialAction":[{"@type":"ReadAction","target":["https:\/\/www.op-estuaires.fr\/en\/op-estuaires\/implantation\/"]}]},{"@type":"ImageObject","inLanguage":"nl-NL","@id":"https:\/\/www.op-estuaires.fr\/en\/op-estuaires\/implantation\/#primaryimage","url":"https:\/\/www.op-estuaires.fr\/wp-content\/uploads\/2022\/06\/civelle-coueron-2.jpg","contentUrl":"https:\/\/www.op-estuaires.fr\/wp-content\/uploads\/2022\/06\/civelle-coueron-2.jpg"},{"@type":"BreadcrumbList","@id":"https:\/\/www.op-estuaires.fr\/en\/op-estuaires\/implantation\/#breadcrumb","itemListElement":[{"@type":"ListItem","position":1,"name":"Accueil","item":"https:\/\/www.op-estuaires.fr\/"},{"@type":"ListItem","position":2,"name":"L&#8217;OP Estuaires","item":"https:\/\/www.op-estuaires.fr\/de\/op-estuaires\/"},{"@type":"ListItem","position":3,"name":"Implantation"}]},{"@type":"WebSite","@id":"https:\/\/www.op-estuaires.fr\/#website","url":"https:\/\/www.op-estuaires.fr\/","name":"OP Estuaires","description":"L&#039;Organisation de producteurs Estuaires","potentialAction":[{"@type":"SearchAction","target":{"@type":"EntryPoint","urlTemplate":"https:\/\/www.op-estuaires.fr\/?s={search_term_string}"},"query-input":{"@type":"PropertyValueSpecification","valueRequired":true,"valueName":"search_term_string"}}],"inLanguage":"nl-NL"}]}},"_links":{"self":[{"href":"https:\/\/www.op-estuaires.fr\/nl\/wp-json\/wp\/v2\/pages\/953","targetHints":{"allow":["GET"]}}],"collection":[{"href":"https:\/\/www.op-estuaires.fr\/nl\/wp-json\/wp\/v2\/pages"}],"about":[{"href":"https:\/\/www.op-estuaires.fr\/nl\/wp-json\/wp\/v2\/types\/page"}],"author":[{"embeddable":true,"href":"https:\/\/www.op-estuaires.fr\/nl\/wp-json\/wp\/v2\/users\/3"}],"replies":[{"embeddable":true,"href":"https:\/\/www.op-estuaires.fr\/nl\/wp-json\/wp\/v2\/comments?post=953"}],"version-history":[{"count":74,"href":"https:\/\/www.op-estuaires.fr\/nl\/wp-json\/wp\/v2\/pages\/953\/revisions"}],"predecessor-version":[{"id":4270,"href":"https:\/\/www.op-estuaires.fr\/nl\/wp-json\/wp\/v2\/pages\/953\/revisions\/4270"}],"up":[{"embeddable":true,"href":"https:\/\/www.op-estuaires.fr\/nl\/wp-json\/wp\/v2\/pages\/581"}],"wp:attachment":[{"href":"https:\/\/www.op-estuaires.fr\/nl\/wp-json\/wp\/v2\/media?parent=953"}],"curies":[{"name":"wp","href":"https:\/\/api.w.org\/{rel}","templated":true}]}}